{"id":27,"date":"2019-03-02T01:31:22","date_gmt":"2019-03-02T01:31:22","guid":{"rendered":"https:\/\/chungui.info\/mayunmarka\/actividades\/navidad-2014\/"},"modified":"2019-03-02T01:31:22","modified_gmt":"2019-03-02T01:31:22","slug":"navidad-2014","status":"publish","type":"page","link":"https:\/\/chungui.info\/mayunmarka\/actividades\/navidad-2014\/","title":{"rendered":"Operacion Juguete 2014"},"content":{"rendered":"<p>La Asociaci\u00f3n Ind\u00edgena Mayunmarka tiene como uno de sus proyectos sociales para este a\u00f1o, realizar una campa\u00f1a de recolecci\u00f3n de regalos pro navidad de los ni\u00f1os de las comunidades m\u00e1s pobres del distrito de Chungui &#8211; La Mar \u2013 Ayacucho, el cual hacemos realidad gracias a la colaboraci\u00f3n de las boticas Q.F., los paisanos y amigos de Chungui. Esta navidad 2014 llevemos una alegr\u00eda a tantos ni\u00f1os y ni\u00f1as de las comunidades de Huecc-hues y Espinco, quienes viven en situaciones muy precarias, por eso les hacemos un llamado a todos a que nos ayuden a emprender y hacer realidad esta tarea. Su apoyo es necesario e importante para hacer felices y llenar de sonrisas a los ni\u00f1os\/as de estos pueblos olvidados y sumidos en la pobreza.<\/p>\n<h5>Sobre el distrito de Chungui<br \/><\/h5>\n<p>Chungui es uno de los distritos m\u00e1s pobres del Per\u00fa, est\u00e1 ubicado en la provincia de La Mar, en el nor este del departamento de Ayacucho, se llega a trav\u00e9s de una carretera rudimentaria de unos 200 Km., sin embargo, su geograf\u00eda que abarca el valle del r\u00edo pampas a 1200 metros de altitud, atravesando la puna a 4400 metros y bajando hacia el valle del Rio Apurimac a 800 metros de altitud incluye una diversidad de ecosistemas, abundan paisajes impresionantes y es heredera de una cultura que proviene de los Chankas e Incas.<\/p>\n<h5>Sobre los anexos Huecc-es y Espinco<\/h5>\n<p>Se ubican en la Comunidad Campesina de Huecc-hues<\/p>\n<h4>Lugares de colecta de juguetes<\/h4>\n<p><\/p>\n<p><\/p>\n","protected":false},"excerpt":{"rendered":"<p>La Asociaci\u00f3n Ind\u00edgena Mayunmarka tiene como uno de sus proyectos sociales para este a\u00f1o, realizar una campa\u00f1a de recolecci\u00f3n de regalos pro navidad de los ni\u00f1os de las comunidades m\u00e1s pobres del distrito de Chungui &#8211; La Mar \u2013 Ayacucho, el cual hacemos realidad gracias a la colaboraci\u00f3n de las boticas Q.F., los paisanos y [&hellip;]<\/p>\n","protected":false},"author":1,"featured_media":0,"parent":25,"menu_order":7,"comment_status":"closed","ping_status":"closed","template":"","meta":[],"_links":{"self":[{"href":"https:\/\/chungui.info\/mayunmarka\/wp-json\/wp\/v2\/pages\/27"}],"collection":[{"href":"https:\/\/chungui.info\/mayunmarka\/wp-json\/wp\/v2\/pages"}],"about":[{"href":"https:\/\/chungui.info\/mayunmarka\/wp-json\/wp\/v2\/types\/page"}],"author":[{"embeddable":true,"href":"https:\/\/chungui.info\/mayunmarka\/wp-json\/wp\/v2\/users\/1"}],"replies":[{"embeddable":true,"href":"https:\/\/chungui.info\/mayunmarka\/wp-json\/wp\/v2\/comments?post=27"}],"version-history":[{"count":0,"href":"https:\/\/chungui.info\/mayunmarka\/wp-json\/wp\/v2\/pages\/27\/revisions"}],"up":[{"embeddable":true,"href":"https:\/\/chungui.info\/mayunmarka\/wp-json\/wp\/v2\/pages\/25"}],"wp:attachment":[{"href":"https:\/\/chungui.info\/mayunmarka\/wp-json\/wp\/v2\/media?parent=27"}],"curies":[{"name":"wp","href":"https:\/\/api.w.org\/{rel}","templated":true}]}}