{"id":24,"date":"2019-03-02T01:31:19","date_gmt":"2019-03-02T01:31:19","guid":{"rendered":"https:\/\/chungui.info\/mayunmarka\/nosotros\/equipo\/"},"modified":"2019-03-02T01:31:19","modified_gmt":"2019-03-02T01:31:19","slug":"equipo","status":"publish","type":"page","link":"https:\/\/chungui.info\/mayunmarka\/nosotros\/equipo\/","title":{"rendered":"Equipo"},"content":{"rendered":"<h3><\/h3>\n<h3>Equipo de colaboradores<\/h3>\n<p>Moner Lizana Huam\u00e1n<\/p>\n<p>Floro Ortiz Contreras<\/p>\n<p>Clementine Flack<\/p>\n<p>Israel Flores Cuadros<\/p>\n<p>Sebastien Jallade<\/p>\n<p><\/p>\n<h3>Consejo Directivo<\/h3>\n<p>Jos\u00e9 Montoya Ccaicuri &#8211; Presidente<\/p>\n<p>Moner Lizana Huam\u00e1n &#8211; Vice-Presidente<\/p>\n<p>Israel Flores Cuadros &#8211; Secretario de actas y archivos<\/p>\n<p>Efrain Calle Origuela &#8211; Secretario de Economia<\/p>\n<p>Floro Ortiz Contreras &#8211; Secretario de Relaciones Publicas<\/p>\n<p>Nen\u00e9 Flores Ichaccaya &#8211; Vocal I<\/p>\n<p>Antonio Ortiz Conterras &#8211; Vocal II<\/p>\n<p>Richard Zevallos Quirova &#8211; Vocal III<\/p>\n<p><\/p>\n<p><\/p>\n","protected":false},"excerpt":{"rendered":"<p>Equipo de colaboradores Moner Lizana Huam\u00e1n Floro Ortiz Contreras Clementine Flack Israel Flores Cuadros Sebastien Jallade Consejo Directivo Jos\u00e9 Montoya Ccaicuri &#8211; Presidente Moner Lizana Huam\u00e1n &#8211; Vice-Presidente Israel Flores Cuadros &#8211; Secretario de actas y archivos Efrain Calle Origuela &#8211; Secretario de Economia Floro Ortiz Contreras &#8211; Secretario de Relaciones Publicas Nen\u00e9 Flores Ichaccaya [&hellip;]<\/p>\n","protected":false},"author":1,"featured_media":0,"parent":22,"menu_order":4,"comment_status":"closed","ping_status":"closed","template":"","meta":[],"_links":{"self":[{"href":"https:\/\/chungui.info\/mayunmarka\/wp-json\/wp\/v2\/pages\/24"}],"collection":[{"href":"https:\/\/chungui.info\/mayunmarka\/wp-json\/wp\/v2\/pages"}],"about":[{"href":"https:\/\/chungui.info\/mayunmarka\/wp-json\/wp\/v2\/types\/page"}],"author":[{"embeddable":true,"href":"https:\/\/chungui.info\/mayunmarka\/wp-json\/wp\/v2\/users\/1"}],"replies":[{"embeddable":true,"href":"https:\/\/chungui.info\/mayunmarka\/wp-json\/wp\/v2\/comments?post=24"}],"version-history":[{"count":0,"href":"https:\/\/chungui.info\/mayunmarka\/wp-json\/wp\/v2\/pages\/24\/revisions"}],"up":[{"embeddable":true,"href":"https:\/\/chungui.info\/mayunmarka\/wp-json\/wp\/v2\/pages\/22"}],"wp:attachment":[{"href":"https:\/\/chungui.info\/mayunmarka\/wp-json\/wp\/v2\/media?parent=24"}],"curies":[{"name":"wp","href":"https:\/\/api.w.org\/{rel}","templated":true}]}}