{"id":23,"date":"2019-03-02T01:31:18","date_gmt":"2019-03-02T01:31:18","guid":{"rendered":"https:\/\/chungui.info\/mayunmarka\/nosotros\/antecedentes\/"},"modified":"2019-03-02T01:31:18","modified_gmt":"2019-03-02T01:31:18","slug":"antecedentes","status":"publish","type":"page","link":"https:\/\/chungui.info\/mayunmarka\/nosotros\/antecedentes\/","title":{"rendered":"Antecedentes"},"content":{"rendered":"<p>A partir de los a\u00f1os 50 hacia adelante, se fue acrecentando la migraci\u00f3n de los j\u00f3venes hacia las ciudades, principalmente Huamanga y Lima. Las causas siempre fueron la la pobreza y la exclusi\u00f3n que padec\u00edan los pobladores del distrito quienes prefer\u00edan buscar mejores oportunidades de trabajo en las ciudades y posteriormente para mejorar la &nbsp;educaci\u00f3n de sus hijos. Este fen\u00f3meno aument\u00f3 en los a\u00f1os 60 y 70 haciendose masivo en la d\u00e9cada del 80 por la violencia pol\u00edtica que azot\u00f3 la regi\u00f3n m\u00e1s en otros lugares.<\/p>\n<p>Es evidente que los primeros migrantes, en su mayor\u00eda no lograron sus objetivos, pero sus hijos y posteriormente los j\u00f3venes provenientes del mismo distrito empezaron a estudiar carreas t\u00e9cnicas y universitarias, que les permiti\u00f3 mejorar su posici\u00f3n econ\u00f3mica y emprender negocios y carreras importantes.<\/p>\n<p>Entre 2011 y 2012 fue constituido un grupo impulsor, el que logr\u00f3 la constituci\u00f3n de la asociaci\u00f3n en febrero del 2012. Posteriormente se realizaron los tr\u00e1mites para la inscripci\u00f3n en los Registros P\u00fablicos, el cual se logr\u00f3 en octubre del 2012.<\/p>\n<p>La Asociaci\u00f3n Indigena Mayunmarka est\u00e1 inscrito en los Registros P\u00fablicos de Ayacucho con la partida N\u00ba 11094499<\/p>\n","protected":false},"excerpt":{"rendered":"<p>A partir de los a\u00f1os 50 hacia adelante, se fue acrecentando la migraci\u00f3n de los j\u00f3venes hacia las ciudades, principalmente Huamanga y Lima. Las causas siempre fueron la la pobreza y la exclusi\u00f3n que padec\u00edan los pobladores del distrito quienes prefer\u00edan buscar mejores oportunidades de trabajo en las ciudades y posteriormente para mejorar la &nbsp;educaci\u00f3n [&hellip;]<\/p>\n","protected":false},"author":1,"featured_media":0,"parent":22,"menu_order":3,"comment_status":"closed","ping_status":"closed","template":"","meta":[],"_links":{"self":[{"href":"https:\/\/chungui.info\/mayunmarka\/wp-json\/wp\/v2\/pages\/23"}],"collection":[{"href":"https:\/\/chungui.info\/mayunmarka\/wp-json\/wp\/v2\/pages"}],"about":[{"href":"https:\/\/chungui.info\/mayunmarka\/wp-json\/wp\/v2\/types\/page"}],"author":[{"embeddable":true,"href":"https:\/\/chungui.info\/mayunmarka\/wp-json\/wp\/v2\/users\/1"}],"replies":[{"embeddable":true,"href":"https:\/\/chungui.info\/mayunmarka\/wp-json\/wp\/v2\/comments?post=23"}],"version-history":[{"count":0,"href":"https:\/\/chungui.info\/mayunmarka\/wp-json\/wp\/v2\/pages\/23\/revisions"}],"up":[{"embeddable":true,"href":"https:\/\/chungui.info\/mayunmarka\/wp-json\/wp\/v2\/pages\/22"}],"wp:attachment":[{"href":"https:\/\/chungui.info\/mayunmarka\/wp-json\/wp\/v2\/media?parent=23"}],"curies":[{"name":"wp","href":"https:\/\/api.w.org\/{rel}","templated":true}]}}