{"id":22,"date":"2019-03-02T01:31:17","date_gmt":"2019-03-02T01:31:17","guid":{"rendered":"https:\/\/chungui.info\/mayunmarka\/nosotros\/"},"modified":"2019-03-02T01:31:17","modified_gmt":"2019-03-02T01:31:17","slug":"nosotros","status":"publish","type":"page","link":"https:\/\/chungui.info\/mayunmarka\/nosotros\/","title":{"rendered":"Acerca de la Asociaci\u00f3n Mayunmarka"},"content":{"rendered":"<p>Una nueva generaci\u00f3n de chunguinos e hijos de chunguinos, sensibles a los problemas que aquejan al distrito de Chungui, tales como la extrema pobreza de sus pobladores, luego de atravesar la etapa atroz de violencia pol\u00edtica, no obstante ser poseedor de una riqueza natural y cultural incomparables, han decidido conformar una asociaci\u00f3n sin fines de lucro con el objetivo de promover su desarrollo y para ser part\u00edcipes del evidente progreso a la que se encamina el pa\u00eds.<\/p>\n<h4>Objetivos<\/h4>\n<p>Los principales objetivos que busca la asociaci\u00f3n son los siguientes:<\/p>\n<\/p>\n<ul>\n<li><span style=\"font-size: 14px;\">Contribuir al desarrollo social, humano, econ\u00f3mico y cultural mediante programas y proyectos de desarrollo que involucre la participaci\u00f3n directa de sus pobladores e instituciones p\u00fablicas y privadas.<\/span><\/li>\n<li><span style=\"font-size: 14px;\">Promover el desarrollo humano, para el mejoramiento de la calidad de vida.<\/span><\/li>\n<li><span style=\"font-size: 14px;\">Contribuir a la inclusi\u00f3n y cohesi\u00f3n de sus pobladores.<\/span><\/li>\n<li><span style=\"font-size: 14px;\">Promover el desarrollo de capacidades humanas y organizativas de peque\u00f1os productores y productoras rurales y de j\u00f3venes, para que sean protagonistas del desarrollo sostenible.<\/span><\/li>\n<li><span style=\"font-size: 14px;\">Propiciar encuentros entre las instituciones p\u00fablicas, privadas y de la sociedad civil, para promover y desarrollar una agenda de desarrollo local participativa y concertada.<\/span><\/li>\n<li><span style=\"font-size: 14px;\">Promover empleo y mejora de los ingresos de las familias de las comunidades y poblados aleda\u00f1os a los circuitos tur\u00edsticos que ser\u00e1n promovidos por los proyectos, integr\u00e1ndolas a las actividades econ\u00f3micas demandadas en dichos circuitos.<\/span><\/li>\n<li><span style=\"font-size: 14px;\">Promover la conservaci\u00f3n de la biodiversidad.<\/span><\/li>\n<li><span style=\"font-size: 14px;\">Promover y fortalecer la identidad cultural.<\/span><\/li>\n<li><span style=\"font-size: 14px;\">Promover la conservaci\u00f3n de la biodiversidad. Promover y fortalecer la identidad cultural. Promover el empoderamiento de los derechos colectivos estipulados en el convenio 169 de la OIT y la declaraci\u00f3n de las naciones Unidas sobre los Pueblos Ind\u00edgenas.<\/span><\/li>\n<\/ul>\n<h4>El porqu\u00e9 del nombre<\/h4>\n<p>Mayunmarka porque toda la zona que abarca el distrito de Chungui fue conocido con este nombre desde tiempos remotos hasta la \u00e9poca de la colonia y los primeros a\u00f1os de la Rep\u00fablica. El Valle de Mayunmarka es a\u00fan un mito por desvelar. En la \u00e9poca de los Incas, se supone que la capital estuvo en la selva de Chungui, durante la conquista, las huestes de Manco Inca hostilizaban a los espa\u00f1oles desde Mayunmarka, esto se explica porque Chungui colinda por el noreste con el distrito de Vilcabamba del departamento de Cusco, incluso fue ocupado por las misiones espa\u00f1olas pero despu\u00e9s desapareci\u00f3 misteriosamente; Mayunmarka estuvo ubicado en la franja agreste de la selva alta donde se ubican complejos Incas que estuvieron desaparecidos como Machu Picchu, Vilcabamba, Choquequirao, y otros a\u00fan est\u00e1n desaparecidos, entre ellos Mayunmarka. Por otra parte el t\u00e9rmino \u201cInd\u00edgena\u201d es un vocablo que significa ancestral, oriundo, originario de un lugar, denota tambi\u00e9n la conservaci\u00f3n de una cultura propia que se manifiesta en sus costumbres, vestimenta, idioma y otros rasgos en las que encajan perfectamente las caracter\u00edsticas del distrito de Chungui.<\/p>\n<h4>Quienes lo conforman<\/h4>\n<p>Cualquier chunguino, hijo de chunguino o amigo puede ser parte de este proyecto, basta el inter\u00e9s por cooperar y participar en los proyectos que se generen y su deseo de aportar con un granito de arena.&nbsp;<\/p>\n<p>Para ser socio adherente basta llenar la ficha de inscripci\u00f3n y participar de las actividades de la Asociaci\u00f3n.<\/p>\n","protected":false},"excerpt":{"rendered":"<p>Una nueva generaci\u00f3n de chunguinos e hijos de chunguinos, sensibles a los problemas que aquejan al distrito de Chungui, tales como la extrema pobreza de sus pobladores, luego de atravesar la etapa atroz de violencia pol\u00edtica, no obstante ser poseedor de una riqueza natural y cultural incomparables, han decidido conformar una asociaci\u00f3n sin fines de [&hellip;]<\/p>\n","protected":false},"author":1,"featured_media":0,"parent":0,"menu_order":2,"comment_status":"closed","ping_status":"closed","template":"","meta":[],"_links":{"self":[{"href":"https:\/\/chungui.info\/mayunmarka\/wp-json\/wp\/v2\/pages\/22"}],"collection":[{"href":"https:\/\/chungui.info\/mayunmarka\/wp-json\/wp\/v2\/pages"}],"about":[{"href":"https:\/\/chungui.info\/mayunmarka\/wp-json\/wp\/v2\/types\/page"}],"author":[{"embeddable":true,"href":"https:\/\/chungui.info\/mayunmarka\/wp-json\/wp\/v2\/users\/1"}],"replies":[{"embeddable":true,"href":"https:\/\/chungui.info\/mayunmarka\/wp-json\/wp\/v2\/comments?post=22"}],"version-history":[{"count":0,"href":"https:\/\/chungui.info\/mayunmarka\/wp-json\/wp\/v2\/pages\/22\/revisions"}],"wp:attachment":[{"href":"https:\/\/chungui.info\/mayunmarka\/wp-json\/wp\/v2\/media?parent=22"}],"curies":[{"name":"wp","href":"https:\/\/api.w.org\/{rel}","templated":true}]}}