{"id":21,"date":"2019-03-02T01:31:16","date_gmt":"2019-03-02T01:31:16","guid":{"rendered":"https:\/\/chungui.info\/mayunmarka\/inicio\/"},"modified":"2019-03-02T02:21:22","modified_gmt":"2019-03-02T02:21:22","slug":"inicio","status":"publish","type":"page","link":"https:\/\/chungui.info\/mayunmarka\/","title":{"rendered":"Inicio"},"content":{"rendered":"<div class=\"art-content-layout\">\n<div class=\"art-content-layout-row\">\n<div class=\"art-layout-cell layout-item-0\" style=\"width: 100%;\">\n<h3 style=\"text-align: left;\">Nuestra pasi\u00f3n por el futuro del planeta y de la humanidad<\/h3>\n\n<p>Chungui y Oronccoy, lugares m\u00e1gicos poseedores de una impresionante biodiversidad, una cultura milenaria reflejada en sus innumerables restos arqueol\u00f3gicos y una cultura viva particular.<\/p>\n<\/div>\n<\/div>\n<\/div>\n<div class=\"art-content-layout\">\n<div class=\"art-content-layout-row\">\n<div class=\"art-layout-cell layout-item-1\" style=\"width: 20%;\">\n<h3 style=\"text-align: center;\">Con\u00f3cenos<\/h3>\n<p style=\"text-align: center;\"><a href=\"\/actividades\" target=\"_self\" rel=\"noopener noreferrer\"><img loading=\"lazy\" class=\"\" src=\"https:\/\/chungui.info\/mayunmarka\/wp-content\/uploads\/2019\/03\/ico1b1-2.gif\" alt=\"\" width=\"160\" height=\"160\" \/><\/a><\/p>\n<p style=\"text-align: center;\"><a href=\"\/Nosotros\">Acerca de nosotros<\/a><\/p>\n<\/div>\n<div class=\"art-layout-cell layout-item-2\" style=\"width: 20%;\">\n<h3 style=\"text-align: center;\">Acciones<\/h3>\n<p style=\"text-align: center;\"><a href=\"\/actividades\" target=\"_self\" rel=\"noopener noreferrer\"><img loading=\"lazy\" class=\"\" src=\"https:\/\/chungui.info\/mayunmarka\/wp-content\/uploads\/2019\/03\/ico2b1.gif\" alt=\"\" width=\"160\" height=\"160\" \/><\/a><\/p>\n<p style=\"text-align: center;\"><a href=\"\/Actividades\">Nuestras actividades<\/a><\/p>\n<\/div>\n<div class=\"art-layout-cell layout-item-2\" style=\"width: 20%;\">\n<h3 style=\"text-align: center;\">Productos<\/h3>\n<p style=\"text-align: center;\"><a href=\"\/nosotros\" target=\"_self\" rel=\"noopener noreferrer\"><img loading=\"lazy\" class=\"\" src=\"https:\/\/chungui.info\/mayunmarka\/wp-content\/uploads\/2019\/03\/ico3b1.gif\" alt=\"\" width=\"160\" height=\"160\" \/><\/a><\/p>\n<p style=\"text-align: center;\"><a href=\"\/actividades\">Productos en oferta<\/a><\/p>\n<\/div>\n<div class=\"art-layout-cell layout-item-2\" style=\"width: 20%;\">\n<h3 style=\"text-align: center;\">Bliblioteca<\/h3>\n<p style=\"text-align: center;\"><a href=\"\/actividades\" target=\"_self\" rel=\"noopener noreferrer\"><img loading=\"lazy\" class=\"\" src=\"https:\/\/chungui.info\/mayunmarka\/wp-content\/uploads\/2019\/03\/ico4b1.gif\" alt=\"\" width=\"160\" height=\"160\" \/><\/a><\/p>\n<p style=\"text-align: center;\"><a href=\"\/actividades\">Documentos<\/a><\/p>\n<\/div>\n<div class=\"art-layout-cell layout-item-3\" style=\"width: 20%;\">\n<h3 style=\"text-align: center;\">Conexiones<\/h3>\n<p style=\"text-align: center;\"><a href=\"http:\/\/www.facebook.com\/chungui.peru\" target=\"_blank\" rel=\"noopener noreferrer\"><img loading=\"lazy\" class=\"\" src=\"https:\/\/chungui.info\/mayunmarka\/wp-content\/uploads\/2019\/03\/faceg1.gif\" alt=\"\" width=\"60\" height=\"60\" \/><\/a>\u00a0 <a href=\"www.twitter.com\" target=\"_blank\" rel=\"noopener noreferrer\"><img loading=\"lazy\" class=\"\" src=\"https:\/\/chungui.info\/mayunmarka\/wp-content\/uploads\/2019\/03\/twiterg1.gif\" alt=\"\" width=\"60\" height=\"60\" \/><\/a><\/p>\n<p style=\"text-align: center;\"><a href=\"http:\/\/chunguinos.blogspot.com\/\" target=\"_blank\" rel=\"noopener noreferrer\"><img loading=\"lazy\" class=\"\" src=\"https:\/\/chungui.info\/mayunmarka\/wp-content\/uploads\/2019\/03\/bloggerg1.gif\" alt=\"\" width=\"60\" height=\"59\" \/><\/a>\u00a0<a href=\"http:\/\/www.youtube.com\/results?search_query=chungui\" target=\"_blank\" rel=\"noopener noreferrer\"><img loading=\"lazy\" class=\"\" src=\"https:\/\/chungui.info\/mayunmarka\/wp-content\/uploads\/2019\/03\/youtubeg1.gif\" alt=\"\" width=\"60\" height=\"60\" \/><\/a><\/p>\n<p style=\"text-align: center;\"><a href=\"http:\/\/www.freedigitalphotos.net\/images\/view_photog.php?photogid=178\">Enlacess<\/a><\/p>\n<\/div>\n<\/div>\n<\/div>\n<div class=\"art-content-layout layout-item-4\">\n<div class=\"art-content-layout-row\">\n<div class=\"art-layout-cell layout-item-5\" style=\"width: 100%;\">\n<h3>Noticias<\/h3>\n<p>Vitae convallis mi praesent vitae lectus velit dapibus elit. Ultrices eget vestibulum dolor vestibulum malesuada laoreet. Vestibulum lacus.<\/p>\n<p><a class=\"art-button\" href=\"http:\/\/chunguinos.blogspot.com\/\">Leer m\u00e1s<\/a><\/p>\n<\/div>\n<\/div>\n<\/div>\n","protected":false},"excerpt":{"rendered":"<p>Nuestra pasi\u00f3n por el futuro del planeta y de la humanidad Chungui y Oronccoy, lugares m\u00e1gicos poseedores de una impresionante biodiversidad, una cultura milenaria reflejada en sus innumerables restos arqueol\u00f3gicos y una cultura viva particular. Con\u00f3cenos Acerca de nosotros Acciones Nuestras actividades Productos Productos en oferta Bliblioteca Documentos Conexiones \u00a0 \u00a0 Enlacess Noticias Vitae convallis [&hellip;]<\/p>\n","protected":false},"author":1,"featured_media":0,"parent":0,"menu_order":1,"comment_status":"closed","ping_status":"closed","template":"","meta":[],"_links":{"self":[{"href":"https:\/\/chungui.info\/mayunmarka\/wp-json\/wp\/v2\/pages\/21"}],"collection":[{"href":"https:\/\/chungui.info\/mayunmarka\/wp-json\/wp\/v2\/pages"}],"about":[{"href":"https:\/\/chungui.info\/mayunmarka\/wp-json\/wp\/v2\/types\/page"}],"author":[{"embeddable":true,"href":"https:\/\/chungui.info\/mayunmarka\/wp-json\/wp\/v2\/users\/1"}],"replies":[{"embeddable":true,"href":"https:\/\/chungui.info\/mayunmarka\/wp-json\/wp\/v2\/comments?post=21"}],"version-history":[{"count":3,"href":"https:\/\/chungui.info\/mayunmarka\/wp-json\/wp\/v2\/pages\/21\/revisions"}],"predecessor-version":[{"id":54,"href":"https:\/\/chungui.info\/mayunmarka\/wp-json\/wp\/v2\/pages\/21\/revisions\/54"}],"wp:attachment":[{"href":"https:\/\/chungui.info\/mayunmarka\/wp-json\/wp\/v2\/media?parent=21"}],"curies":[{"name":"wp","href":"https:\/\/api.w.org\/{rel}","templated":true}]}}