{"id":449,"date":"2021-02-20T03:39:16","date_gmt":"2021-02-20T03:39:16","guid":{"rendered":"https:\/\/chungui.info\/chungui\/?page_id=449"},"modified":"2021-02-20T03:39:43","modified_gmt":"2021-02-20T03:39:43","slug":"la-catarata-de-waqamullu-y-la-silla-del-inca","status":"publish","type":"page","link":"https:\/\/chungui.info\/chungui\/la-catarata-de-waqamullu-y-la-silla-del-inca\/","title":{"rendered":"La Catarata de Waqamullu y la Silla del Inca"},"content":{"rendered":"<p><em>Versi\u00f3n recogida por Jos\u00e9 Montoya Ccaicuri<\/em><\/p>\n<p>Cuenta la leyenda que el m\u00e1ximo soberano del Imperio Incaico ven\u00eda desde las tierras altas del Cusco hasta las tierras de rebeldes llaqtamaqtas.<\/p>\n<div id=\"attachment_450\" style=\"width: 410px\" class=\"wp-caption alignright\"><a href=\"https:\/\/chungui.info\/chungui\/wp-content\/uploads\/2021\/02\/Waqamullu1.jpg\"><img aria-describedby=\"caption-attachment-450\" loading=\"lazy\" class=\"wp-image-450\" src=\"https:\/\/chungui.info\/chungui\/wp-content\/uploads\/2021\/02\/Waqamullu1.jpg\" alt=\"Catarata de Waqmullu\" width=\"400\" height=\"599\" srcset=\"https:\/\/chungui.info\/chungui\/wp-content\/uploads\/2021\/02\/Waqamullu1.jpg 600w, https:\/\/chungui.info\/chungui\/wp-content\/uploads\/2021\/02\/Waqamullu1-200x300.jpg 200w\" sizes=\"(max-width: 400px) 100vw, 400px\" \/><\/a><p id=\"caption-attachment-450\" class=\"wp-caption-text\">Catarata de Waqamullu (Foto: Moner lizana)<\/p><\/div>\n<p>Un fastuoso cortejo recorr\u00eda la larga senda que conduce de Machupicchu, que cruza el rio Apurimaq por el puente de Pumachaka , entre ellos varios hombres fornidos que llevan en hombros una elegante litera y sentado dentro de ella iba el Inca en persona. La m\u00fasica sonaba, las ofrendas a los dioses como Pichi Willka y Utarki eran entregadas y la ceremonia era seguida atentamente por el soberano, quien permanec\u00eda sentado en una hermosa silla de oro y piedra labrada.<\/p>\n<p>Seg\u00fan los lugare\u00f1os de Espinku y Rumichaka en chungui, este hermoso \u00abtrono\u00bb fue arrojado desde lo alto de la catarata de Waqamullu al rio de Chawpi Chaka y escondido en el interior de una caverna llamado Masu Machay, que es custodiada por seres extraordinarios.<\/p>\n<p>Que desde entonces no se acercaban mucho a la catarata y la caverna, e incluso el camino que conduc\u00eda a la selva de la comunidad de Chungui era un poco m\u00e1s arriba de la catarata, posteriormente cambiaron el camino ya por lados de la catarata Waqamullu y Masu Machay, pero la silla del Inka no se encontr\u00f3 sano sino en pedazos, que hay personas con suerte que encuentran turrones de oro puro, y tenemos hasta ahora la vistosa y hermosa catarata de Waqamullo que se ve al pasar por el camino.<\/p>\n ","protected":false},"excerpt":{"rendered":"<p>Versi\u00f3n recogida por Jos\u00e9 Montoya Ccaicuri Cuenta la leyenda que el m\u00e1ximo soberano del Imperio Incaico ven\u00eda desde las tierras altas del Cusco hasta las tierras de rebeldes llaqtamaqtas. Un fastuoso cortejo recorr\u00eda la larga senda que conduce de Machupicchu, que cruza el rio Apurimaq por el puente de Pumachaka , entre ellos varios hombres [&hellip;]<\/p>\n","protected":false},"author":1,"featured_media":0,"parent":0,"menu_order":0,"comment_status":"closed","ping_status":"closed","template":"","meta":[],"_links":{"self":[{"href":"https:\/\/chungui.info\/chungui\/wp-json\/wp\/v2\/pages\/449"}],"collection":[{"href":"https:\/\/chungui.info\/chungui\/wp-json\/wp\/v2\/pages"}],"about":[{"href":"https:\/\/chungui.info\/chungui\/wp-json\/wp\/v2\/types\/page"}],"author":[{"embeddable":true,"href":"https:\/\/chungui.info\/chungui\/wp-json\/wp\/v2\/users\/1"}],"replies":[{"embeddable":true,"href":"https:\/\/chungui.info\/chungui\/wp-json\/wp\/v2\/comments?post=449"}],"version-history":[{"count":1,"href":"https:\/\/chungui.info\/chungui\/wp-json\/wp\/v2\/pages\/449\/revisions"}],"predecessor-version":[{"id":451,"href":"https:\/\/chungui.info\/chungui\/wp-json\/wp\/v2\/pages\/449\/revisions\/451"}],"wp:attachment":[{"href":"https:\/\/chungui.info\/chungui\/wp-json\/wp\/v2\/media?parent=449"}],"curies":[{"name":"wp","href":"https:\/\/api.w.org\/{rel}","templated":true}]}}