{"id":42,"date":"2020-02-17T00:47:09","date_gmt":"2020-02-17T00:47:09","guid":{"rendered":"https:\/\/chungui.info\/chungui\/contacto\/"},"modified":"2021-04-09T17:00:37","modified_gmt":"2021-04-09T17:00:37","slug":"contacto","status":"publish","type":"page","link":"https:\/\/chungui.info\/chungui\/contacto\/","title":{"rendered":"Contacto"},"content":{"rendered":"<div class=\"art-content-layout\">\n<div class=\"art-content-layout-row\">\n<div class=\"art-layout-cell layout-item-0\" style=\"width: 100%;\">\n<p>Esta p\u00e1gina es administrada por miembros de la Asociaci\u00f3n Ind\u00edgena Mayunmarka y otros colaboradores con el objetivo de visibilizar los distritos de Chungui y Oronccoy de la provincia de La Mar a nivel nacional e internacional con la finalidad de promover el turismo, la investigaci\u00f3n y su desarrollo.<\/p>\n<p>El equipo est\u00e1 conformado por las siguientes personas:<\/p>\n<table style=\"border-collapse: collapse; width: 100%;\">\n<tbody>\n<tr>\n<td style=\"width: 26.3176%;\">Nombre \/ Cargo<\/td>\n<td style=\"width: 21.1055%;\"><\/td>\n<td style=\"width: 52.5769%;\">Perfil personal<\/td>\n<\/tr>\n<tr>\n<td style=\"width: 26.3176%;\"><strong>Moner Lizana huaman<\/strong><\/p>\n<p>Administrador<\/td>\n<td style=\"width: 21.1055%;\">\n<p style=\"text-align: center;\"><strong><a href=\"https:\/\/chungui.info\/chungui\/wp-content\/uploads\/2021\/02\/Moner1.jpg\"><img loading=\"lazy\" class=\"aligncenter wp-image-445 size-medium\" src=\"https:\/\/chungui.info\/chungui\/wp-content\/uploads\/2021\/02\/Moner1-300x280.jpg\" alt=\"\" width=\"300\" height=\"280\" srcset=\"https:\/\/chungui.info\/chungui\/wp-content\/uploads\/2021\/02\/Moner1-300x280.jpg 300w, https:\/\/chungui.info\/chungui\/wp-content\/uploads\/2021\/02\/Moner1.jpg 553w\" sizes=\"(max-width: 300px) 100vw, 300px\" \/><\/a><\/strong><\/p>\n<\/td>\n<td style=\"width: 52.5769%;\">Nacido en Chungui, egresado en Ingenier\u00eda Qu\u00edmica de la Universidad San Cristobal de Huamanga, lider\u00f3 y trabaj\u00f3 muchos a\u00f1os con organizaciones y empresas de artesanos y turismo, activista y promotor del comercio justo y turismo sostenible, actualmente promueve emprendimientos en producci\u00f3n de chocolates y caf\u00e9.<\/td>\n<\/tr>\n<tr>\n<td style=\"width: 26.3176%;\"><strong>Floro Ortiz Contreras<\/strong><\/p>\n<p>Editor<\/td>\n<td style=\"width: 21.1055%;\">\n<p style=\"text-align: center;\"><strong><a href=\"https:\/\/chungui.info\/chungui\/wp-content\/uploads\/2021\/02\/Floro1.jpg\"><img loading=\"lazy\" class=\"aligncenter size-medium wp-image-443\" src=\"https:\/\/chungui.info\/chungui\/wp-content\/uploads\/2021\/02\/Floro1-291x300.jpg\" alt=\"\" width=\"291\" height=\"300\" srcset=\"https:\/\/chungui.info\/chungui\/wp-content\/uploads\/2021\/02\/Floro1-291x300.jpg 291w, https:\/\/chungui.info\/chungui\/wp-content\/uploads\/2021\/02\/Floro1.jpg 400w\" sizes=\"(max-width: 291px) 100vw, 291px\" \/><\/a><\/strong><\/p>\n<\/td>\n<td style=\"width: 52.5769%;\">Nacido en Chungui, egresado en Ciencias de Biolog\u00eda de la Universidad Nacional de San Marcos, con maestr\u00eda en Ingenier\u00eda ambiental y areas protegidas en la universidad de Strasburgo y Universidad aut\u00f3noma de Madrid. Actualmente es docente en la Universidad San Cristobal de Huamanga.<\/td>\n<\/tr>\n<tr>\n<td style=\"width: 26.3176%;\"><strong>Elvin Ccaicuri Santi<\/strong><\/p>\n<p>Editor<\/td>\n<td style=\"width: 21.1055%;\">\n<p style=\"text-align: center;\"><strong><a href=\"https:\/\/chungui.info\/chungui\/wp-content\/uploads\/2021\/02\/Elvin1.jpg\"><img loading=\"lazy\" class=\"aligncenter size-medium wp-image-446\" src=\"https:\/\/chungui.info\/chungui\/wp-content\/uploads\/2021\/02\/Elvin1-300x298.jpg\" alt=\"\" width=\"300\" height=\"298\" srcset=\"https:\/\/chungui.info\/chungui\/wp-content\/uploads\/2021\/02\/Elvin1-300x298.jpg 300w, https:\/\/chungui.info\/chungui\/wp-content\/uploads\/2021\/02\/Elvin1-150x150.jpg 150w, https:\/\/chungui.info\/chungui\/wp-content\/uploads\/2021\/02\/Elvin1.jpg 743w\" sizes=\"(max-width: 300px) 100vw, 300px\" \/><\/a><\/strong><\/p>\n<\/td>\n<td style=\"width: 52.5769%;\">Nacido en Chungui, egresado en Ciencias Agrarias de la Universidad San Luis GOnzaga de Ica, trabaj\u00f3 en agencias de la Direcci\u00f3n Regional Agraria de Ayacucho, se desempe\u00f1\u00f3 como alcalde de Chungui.<\/td>\n<\/tr>\n<tr>\n<td style=\"width: 26.3176%;\"><strong>Jos\u00e9 Montoya Ccaicuri<\/strong><\/p>\n<p>Colaborador<\/td>\n<td style=\"width: 21.1055%;\">\n<p style=\"text-align: center;\"><strong><a href=\"https:\/\/chungui.info\/chungui\/wp-content\/uploads\/2021\/02\/Jose1.jpg\"><img loading=\"lazy\" class=\"aligncenter size-medium wp-image-444\" src=\"https:\/\/chungui.info\/chungui\/wp-content\/uploads\/2021\/02\/Jose1-300x297.jpg\" alt=\"\" width=\"300\" height=\"297\" srcset=\"https:\/\/chungui.info\/chungui\/wp-content\/uploads\/2021\/02\/Jose1-300x297.jpg 300w, https:\/\/chungui.info\/chungui\/wp-content\/uploads\/2021\/02\/Jose1-150x150.jpg 150w, https:\/\/chungui.info\/chungui\/wp-content\/uploads\/2021\/02\/Jose1.jpg 346w\" sizes=\"(max-width: 300px) 100vw, 300px\" \/><\/a><\/strong><\/p>\n<\/td>\n<td style=\"width: 52.5769%;\">Nacido en Chungui, estudi\u00f3 Educaci\u00f3n Intercultural Biling\u00fce en Escuela de Educaci\u00f3n Superior Pedag\u00f3gica \u201cJos\u00e9 Salvador Cavero Ovalle\u201d de Huanta, trabaj\u00f3 en CHIRAPAQ centro de de Culturas Ind\u00edgenas del Per\u00fa, se desempe\u00f1\u00f3 como docente en Centros Educativos de Chungui.<\/td>\n<\/tr>\n<tr>\n<td style=\"width: 26.3176%;\"><strong>Efrain Calle Orihuela<\/strong><\/p>\n<p>Colaborador<\/td>\n<td style=\"width: 21.1055%;\">\n<p style=\"text-align: center;\"><strong><a href=\"https:\/\/chungui.info\/chungui\/wp-content\/uploads\/2021\/02\/Efrain.jpg\"><img loading=\"lazy\" class=\"aligncenter size-medium wp-image-442\" src=\"https:\/\/chungui.info\/chungui\/wp-content\/uploads\/2021\/02\/Efrain-300x296.jpg\" alt=\"\" width=\"300\" height=\"296\" srcset=\"https:\/\/chungui.info\/chungui\/wp-content\/uploads\/2021\/02\/Efrain-300x296.jpg 300w, https:\/\/chungui.info\/chungui\/wp-content\/uploads\/2021\/02\/Efrain.jpg 387w\" sizes=\"(max-width: 300px) 100vw, 300px\" \/><\/a><\/strong><\/p>\n<\/td>\n<td style=\"width: 52.5769%;\">Nacido en Tastabamba, estudi\u00f3 Antropolog\u00eda social en Universidad San Cristobal de Huamanga, trabaj\u00f3 en oficinas de gobiernos locales y agencias del Ministerio de Desarrollo e Inclusi\u00f3n Social del Per\u00fa.<\/td>\n<\/tr>\n<\/tbody>\n<\/table>\n<p>Pueden ponerse en contacto con nosotros a trav\u00e9s del siguiente formulario o a trav\u00e9s de nuestras redes sociales que figuran en el lado izquierdo.<\/p>\n<div role=\"form\" class=\"wpcf7\" id=\"wpcf7-f89-o1\" lang=\"es-ES\" dir=\"ltr\">\n<div class=\"screen-reader-response\"><\/div>\n<form action=\"\/chungui\/wp-json\/wp\/v2\/pages\/42#wpcf7-f89-o1\" method=\"post\" class=\"wpcf7-form\" novalidate=\"novalidate\">\n<div style=\"display: none;\">\n<input type=\"hidden\" name=\"_wpcf7\" value=\"89\" \/>\n<input type=\"hidden\" name=\"_wpcf7_version\" value=\"5.1.6\" \/>\n<input type=\"hidden\" name=\"_wpcf7_locale\" value=\"es_ES\" \/>\n<input type=\"hidden\" name=\"_wpcf7_unit_tag\" value=\"wpcf7-f89-o1\" \/>\n<input type=\"hidden\" name=\"_wpcf7_container_post\" value=\"0\" \/>\n<\/div>\n<p><label> Nombre completo (required)<br \/>\n    <span class=\"wpcf7-form-control-wrap tu-nombre\"><input type=\"text\" name=\"tu-nombre\" value=\"\" size=\"40\" class=\"wpcf7-form-control wpcf7-text wpcf7-validates-as-required\" aria-required=\"true\" aria-invalid=\"false\" \/><\/span> <\/label><\/p>\n<p><label> Correo electronico (e-mail) (required)<br \/>\n    <span class=\"wpcf7-form-control-wrap tu-email\"><input type=\"email\" name=\"tu-email\" value=\"\" size=\"40\" class=\"wpcf7-form-control wpcf7-text wpcf7-email wpcf7-validates-as-required wpcf7-validates-as-email\" aria-required=\"true\" aria-invalid=\"false\" \/><\/span> <\/label><\/p>\n<p><label> Asunto<br \/>\n    <span class=\"wpcf7-form-control-wrap tu-asunto\"><input type=\"text\" name=\"tu-asunto\" value=\"\" size=\"40\" class=\"wpcf7-form-control wpcf7-text\" aria-invalid=\"false\" \/><\/span> <\/label><\/p>\n<p><label> Escribe tu mensaje<br \/>\n    <span class=\"wpcf7-form-control-wrap tu-mensaje\"><textarea name=\"tu-mensaje\" cols=\"40\" rows=\"10\" class=\"wpcf7-form-control wpcf7-textarea\" aria-invalid=\"false\"><\/textarea><\/span> <\/label><\/p>\n<p><input type=\"submit\" value=\"Enviar\" class=\"wpcf7-form-control wpcf7-submit\" \/><\/p>\n<div class=\"wpcf7-response-output wpcf7-display-none\"><\/div><\/form><\/div>\n<\/div>\n<\/div>\n<\/div>\n ","protected":false},"excerpt":{"rendered":"<p>Esta p\u00e1gina es administrada por miembros de la Asociaci\u00f3n Ind\u00edgena Mayunmarka y otros colaboradores con el objetivo de visibilizar los distritos de Chungui y Oronccoy de la provincia de La Mar a nivel nacional e internacional con la finalidad de promover el turismo, la investigaci\u00f3n y su desarrollo. El equipo est\u00e1 conformado por las siguientes [&hellip;]<\/p>\n","protected":false},"author":1,"featured_media":0,"parent":0,"menu_order":27,"comment_status":"closed","ping_status":"closed","template":"","meta":[],"_links":{"self":[{"href":"https:\/\/chungui.info\/chungui\/wp-json\/wp\/v2\/pages\/42"}],"collection":[{"href":"https:\/\/chungui.info\/chungui\/wp-json\/wp\/v2\/pages"}],"about":[{"href":"https:\/\/chungui.info\/chungui\/wp-json\/wp\/v2\/types\/page"}],"author":[{"embeddable":true,"href":"https:\/\/chungui.info\/chungui\/wp-json\/wp\/v2\/users\/1"}],"replies":[{"embeddable":true,"href":"https:\/\/chungui.info\/chungui\/wp-json\/wp\/v2\/comments?post=42"}],"version-history":[{"count":8,"href":"https:\/\/chungui.info\/chungui\/wp-json\/wp\/v2\/pages\/42\/revisions"}],"predecessor-version":[{"id":456,"href":"https:\/\/chungui.info\/chungui\/wp-json\/wp\/v2\/pages\/42\/revisions\/456"}],"wp:attachment":[{"href":"https:\/\/chungui.info\/chungui\/wp-json\/wp\/v2\/media?parent=42"}],"curies":[{"name":"wp","href":"https:\/\/api.w.org\/{rel}","templated":true}]}}