{"id":41,"date":"2020-02-17T00:47:08","date_gmt":"2020-02-17T00:47:08","guid":{"rendered":"https:\/\/chungui.info\/chungui\/enlaces\/"},"modified":"2021-04-09T17:05:51","modified_gmt":"2021-04-09T17:05:51","slug":"enlaces","status":"publish","type":"page","link":"https:\/\/chungui.info\/chungui\/enlaces\/","title":{"rendered":"Enlaces a p\u00e1ginas de inter\u00e9s"},"content":{"rendered":"<h3><a href=\"http:\/\/chungui.info\/blog\/\" target=\"_blank\" rel=\"noopener noreferrer\">Art\u00edculos y noticias de Chungui y Oronccoy<\/a>:<\/h3>\n<p>Blog con art\u00edculos y noticias de Chungui.<\/p>\n<h3><a href=\"http:\/\/www.chungui.info\/fotos\/\">Imagenes de Chungui y Oronccoy<\/a><\/h3>\n<p>Galer\u00eda de im\u00e1genes de Chungui y Oronccoy, clasificados en categor\u00edas que incluyen las diferentes comunidades, su gente y su biodiversidad.<\/p>\n<h3><a href=\"https:\/\/chungui.info\/mayunmarka\/\" target=\"_blank\" rel=\"noopener noreferrer\">Mayunmarka:<\/a><\/h3>\n<p>Web de la Asociaci\u00f3n Ind\u00edgena Mayunmarka<\/p>\n<p>&nbsp;<\/p>\n ","protected":false},"excerpt":{"rendered":"<p>Art\u00edculos y noticias de Chungui y Oronccoy: Blog con art\u00edculos y noticias de Chungui. Imagenes de Chungui y Oronccoy Galer\u00eda de im\u00e1genes de Chungui y Oronccoy, clasificados en categor\u00edas que incluyen las diferentes comunidades, su gente y su biodiversidad. Mayunmarka: Web de la Asociaci\u00f3n Ind\u00edgena Mayunmarka &nbsp;<\/p>\n","protected":false},"author":1,"featured_media":0,"parent":0,"menu_order":26,"comment_status":"closed","ping_status":"closed","template":"","meta":[],"_links":{"self":[{"href":"https:\/\/chungui.info\/chungui\/wp-json\/wp\/v2\/pages\/41"}],"collection":[{"href":"https:\/\/chungui.info\/chungui\/wp-json\/wp\/v2\/pages"}],"about":[{"href":"https:\/\/chungui.info\/chungui\/wp-json\/wp\/v2\/types\/page"}],"author":[{"embeddable":true,"href":"https:\/\/chungui.info\/chungui\/wp-json\/wp\/v2\/users\/1"}],"replies":[{"embeddable":true,"href":"https:\/\/chungui.info\/chungui\/wp-json\/wp\/v2\/comments?post=41"}],"version-history":[{"count":3,"href":"https:\/\/chungui.info\/chungui\/wp-json\/wp\/v2\/pages\/41\/revisions"}],"predecessor-version":[{"id":458,"href":"https:\/\/chungui.info\/chungui\/wp-json\/wp\/v2\/pages\/41\/revisions\/458"}],"wp:attachment":[{"href":"https:\/\/chungui.info\/chungui\/wp-json\/wp\/v2\/media?parent=41"}],"curies":[{"name":"wp","href":"https:\/\/api.w.org\/{rel}","templated":true}]}}