{"id":375,"date":"2020-05-02T02:38:59","date_gmt":"2020-05-02T02:38:59","guid":{"rendered":"https:\/\/chungui.info\/chungui\/?page_id=375"},"modified":"2020-06-05T03:51:44","modified_gmt":"2020-06-05T03:51:44","slug":"rutas-turisticas","status":"publish","type":"page","link":"https:\/\/chungui.info\/chungui\/turismo\/rutas-turisticas\/","title":{"rendered":"Rutas Tur\u00edsticas"},"content":{"rendered":"<p>Cuando quieres visitar Chungui, ya sea para conocer porque vienes de lejos o cuando vuelves despu\u00e9s de bastante tiempo en plan de turismo, te recomendamos seguir estas rutas:<\/p>\n<h3>Ruta cl\u00e1sica completa<\/h3>\n<p>Esta ruta incluye el recorrido de la mayor parte de Chungui por carretera, recomendable en movilidad privada que se puede hacer en 3 o m\u00e1s d\u00edas si quieres hacerlo con paciencia.<\/p>\n<p><strong>Primer d\u00eda<\/strong>.- Se parte de Huamanga muy temprano, pasando por Quinua y San Miguel se hace una primera parada en el mirador de Chilinga donde se puede apreciar todo el valle de Torobamba, se contin\u00faa haciendo una segunda parada en las alturas de Qanchiqasa, desde donde, sobre todo en \u00e9poca de lluvias, se aprecia el lecho de neblina sobre el valle de Torobamba. La siguientes paradas son pasando Pacobamba para apreciar la entrada a la selva por Chiquintirca y luego en la baja a Punqui para apreciar la laguna y el peublo de Punqui. Luego de hacer una breve parada en Huarccaccasa es necesario parar en &#8230;&#8230;&#8230;&#8230;., se sube a la cumbre, unos 100 metros de camino de pendiente ligera, otros metros de camino plano desde donde se puede apreciar las dos lagunas, Piyurayku y Muruqucha. Finalmente se llega al pueblo de Chungui donde se puede almorzar y reservar habitaciones en alojamientos r\u00fasticos.<\/p>\n<p>Por la tarde se puede continuar hacia Churca, pasando por la zona de Succuspata desde donde se puede tener una hermosa vista del valle de Ccanchi y el r\u00edo Pampas, continuando por Tantarpata y Qotupuquio, con vistas de los acantilados de la ruta de Socos. Si hay tiempo, desde el pueblo de Churca se puede visitar la laguna Pampaqucha, aproximadamente 1200 metros de distancia desde la carretera por pendiente ligera. Luego se regresa al pueblo de Chungui para pernoctar.<\/p>\n<p>Otra ruta alternativa es el valle de Ccanchi, tomando el desv\u00edo desde Qatun Marco, se baja hasta CCanchi por una trocha carrozable, un desnivel de 2100 metros aproximadamente.<\/p>\n<p><strong>Segundo d\u00eda<\/strong>.- Muy temprano nos dirigimos hacia la laguna Ranraqucha, la pista te lleva hasta el estadio ubicado a la espalda de la cueva Qurpamachay, cueva que antiguamente serv\u00eda de alojamiento a los viajeros, desde el cual dista aproximandamente 1 Km. hasta la laguna. Desde all\u00ed se sigue el camino peatonal cruzando el r\u00edo Chungui, llegando a orillas de la laguna Totoraqucha, que es m\u00e1s peque\u00f1a pero alberga a patos y otras aves silvestres. A continuaci\u00f3n se avista la laguna grande y se bordea por un prado verde hasta el bosque de piedras, a trav\u00e9s del cual se puede caminar hasta alcanzar el antiguo camino inca en el fondo, bajando a la izquierda por el camino inca a trav\u00e9s de unas escalinatas se llega a otra laguna peque\u00f1a, se contin\u00faa a trav\u00e9s del bosque de piedras hasta ubicar el camino y se regresa bordeando la laguna por la derecha.<\/p>\n<p>Continuamos el viaje por la carretera hasta la cumbre Ancceaccasa, de all\u00ed tomar el desv\u00edo a Rumichaca, se baja Rodiopampa que es un prado muy verde, bajando hasta Rumichaca, en \u00e9poca de lluvia se aprecia muchas cascadas de agua bajando por las laderas de las monta\u00f1as. Pasando Rumichaca se llega a la frontera de la selva, desde una curva se puede ver la carretera que se interna en las profundidades de la selva y la pampa y colina de Pallqa. Ya en las cercan\u00edas del ca\u00f1\u00f3n de Chaupichaka se aprecia la catarata de Waqamullu, lamentablemente ahora s\u00f3lo se puede apreciar en tiempo de lluvia. Continuando el viaje se puede apreciar el paisaje de los bosques de neblina con abundancia de bromilias, helechos gigantes, palmeras y otras especies. Al final se llega a la cumbre cercana a Villa Aurora desde donde se puede apreciar tanto el Ukun Yunka con el r\u00edo Masumayu y el Hawan Yunka con el pueblo de Villa Aurora y en el fondo el r\u00edo Apurimac y el r\u00edo Pampaconas en el lado de Cusco.<\/p>\n<p>Finalmente se puede bajar hasta Chinete que se ubica en las riberas del r\u00edo Apurimac, donde se puede beber agua de coco y tomarse un ba\u00f1o en una playa de arena blanca. No es recomendable sumergirse en el r\u00edo en \u00e9poca de lluvias. Finalmente se puede pernoctar ya sea en Villa Aurora o pasar hasta Chinchibamba o Moyabamba.<\/p>\n<p><strong>Tercer d\u00eda<\/strong>.- Partiendo desde Villa Aurora se recorren los pueblos de Chinchibamba, Moyabamba, Nueva Mejorada y Malvinas hasta llegar a Villa Vista, en este tramo hay hermosa vistas del paisaje del r\u00edo Apurimac y los pueblos del valle, luego de continua por Ticsibamba, Cuculipampa, llegando a Lechemayu. De aqu\u00ed se puede continuar por la margen izquierda o cruzar hacia Villavirgen en el lado cusque\u00f1o, hay balsas cautivas en el que se pueden cruzar con la movilidad, luego se contin\u00faa por Limatambo y m\u00e1s abajo cruzar a San Antonio, desde donde se tomar la carretera de retorno a Ayacuho. Por la margen izquierda se pasa por los pueblos de Porvenir, Agua Dulce y Arwimayu, desde donde se retorna a Ayacucho.<\/p>\n<p>En el camino de retorno a Ayacucho se pasa por los precipicios de Toccate, por la planta de gas de Camisea de Chillicopampa, el pueblo de Chiquintirca, Huayllahura hasta llegar a Pacobamba, desde el cual se continua por la carretera Chungui &#8211; Ayacucho.<\/p>\n<h3>Ruta Selva<\/h3>\n<p>Es para los interesados en visitar s\u00f3lo la parte de selva.<\/p>\n<p><strong>D\u00eda 1<\/strong>.- Se toman los combis con destino a Villa Aurora, si es con movilidad privada salir temprano. Se toma la carretera a Chungui descrita anteriormente hasta Pacobamba, desde all\u00ed se toma el desv\u00edo de la izquierda pasando por Huayllahura, Chiquintirca, la planta de gas de Camisea en Chillicopampa, Toccate, Cajadela, Arwimayo, llegando al poblado m\u00e1s grande llamado Lechemayo. Desde all\u00ed se contin\u00faa por la ruta de Balsamoqasa y Villa Vista, desde donde se pueden tener vistas impresionantes del valle del r\u00edo Apurimac en este tramo, luego se pasa por Malvinas, Nueva Mejorada hasta llegar a Moyabamba, donde recomendamos pernoctar y ponerse de acuerdo con las personas para guiarlos al d\u00eda siguiente.<\/p>\n<p>Por la tarde se puede tomar el tiempo para caminar y visitar la reserva ecol\u00f3gica comunal en Loboqucha, ver \u00e1rboles gigantes, restos arqueol\u00f3gicos y caminar en monte virgen.<\/p>\n<p><strong>D\u00eda 2<\/strong>.- Por la ma\u00f1ana se recomienda hacer una visita guiada a las cataratas de Mayunmarka, es necesario el guiado de un poblador y autorizaci\u00f3n de las autoridades del pueblo. Se sigue el curso del riachuelo hasta la base de la monta\u00f1a y luego se asciende por una serie de cataratas, el camino es bastante accidentado y por algunos tramos hay que subir por escaleras o con ayuda de cuerdas acondicionadas para el tr\u00e1nsito. En la parte alta se sale al antiguo camino de herradura procedente de Chungui (Es necesario averiguar en el pueblo si es transitable la ruta de las cataratas antes de realizar el recorrido).<\/p>\n<p>Por la tarde se prosigue la ruta por Chinchibamba, Masumayu y Villa Aurora, desde all\u00ed se puede bajar hasta Chinete que est\u00e1 al borde del r\u00edo Apurimac y tomar un ba\u00f1o en su hermosa playa.<\/p>\n<p><strong>D\u00eda 3<\/strong>.- Al tercer d\u00eda se puede optar por volver por la misma ruta visitando los peque\u00f1os pueblos y miradores. Otra alternativa es regresar ascendiendo al pueblo de Chungui y los pueblos y miradores de la zona sierra.<\/p>\n<p><strong>Ruta Caminos del Inca<\/strong><\/p>\n<p>&nbsp;<\/p>\n<p>&nbsp;<\/p>\n<p>&nbsp;<\/p>\n<p>&nbsp;<\/p>\n ","protected":false},"excerpt":{"rendered":"<p>Cuando quieres visitar Chungui, ya sea para conocer porque vienes de lejos o cuando vuelves despu\u00e9s de bastante tiempo en plan de turismo, te recomendamos seguir estas rutas: Ruta cl\u00e1sica completa Esta ruta incluye el recorrido de la mayor parte de Chungui por carretera, recomendable en movilidad privada que se puede hacer en 3 o [&hellip;]<\/p>\n","protected":false},"author":1,"featured_media":0,"parent":36,"menu_order":22,"comment_status":"closed","ping_status":"closed","template":"","meta":[],"_links":{"self":[{"href":"https:\/\/chungui.info\/chungui\/wp-json\/wp\/v2\/pages\/375"}],"collection":[{"href":"https:\/\/chungui.info\/chungui\/wp-json\/wp\/v2\/pages"}],"about":[{"href":"https:\/\/chungui.info\/chungui\/wp-json\/wp\/v2\/types\/page"}],"author":[{"embeddable":true,"href":"https:\/\/chungui.info\/chungui\/wp-json\/wp\/v2\/users\/1"}],"replies":[{"embeddable":true,"href":"https:\/\/chungui.info\/chungui\/wp-json\/wp\/v2\/comments?post=375"}],"version-history":[{"count":5,"href":"https:\/\/chungui.info\/chungui\/wp-json\/wp\/v2\/pages\/375\/revisions"}],"predecessor-version":[{"id":402,"href":"https:\/\/chungui.info\/chungui\/wp-json\/wp\/v2\/pages\/375\/revisions\/402"}],"up":[{"embeddable":true,"href":"https:\/\/chungui.info\/chungui\/wp-json\/wp\/v2\/pages\/36"}],"wp:attachment":[{"href":"https:\/\/chungui.info\/chungui\/wp-json\/wp\/v2\/media?parent=375"}],"curies":[{"name":"wp","href":"https:\/\/api.w.org\/{rel}","templated":true}]}}