{"id":37,"date":"2020-02-17T00:47:04","date_gmt":"2020-02-17T00:47:04","guid":{"rendered":"https:\/\/chungui.info\/chungui\/turismo\/accesos\/"},"modified":"2020-05-13T04:13:53","modified_gmt":"2020-05-13T04:13:53","slug":"accesos","status":"publish","type":"page","link":"https:\/\/chungui.info\/chungui\/turismo\/accesos\/","title":{"rendered":"Como llegar a Chungui y Oronccoy"},"content":{"rendered":"<p>Hay varios accesos para llegar a Chungui seg\u00fan los destinos:<\/p>\n<h3>C\u00f3mo llegar a la capital de Chungui y a los pueblos de zona sierra<\/h3>\n<p>Para ir a la capital, desde donde se pueden acceder a las diferentes comunidades, se puede tomar movilidad privada o los combis o camioneta rurales.<\/p>\n<p>Los combis se toman del terminal \u00abLa Totorilla\u00bb que se ubica en la parte noreste de la ciudad de Ayacucho. Los combis sales muy de madrugada, a las 2:30 0 3:00 a.m. (puede variar este horario posterior al 2020), hay varias agencias que tienen sus oficinas alrededor del Ovalo de la Magdalena, es necesario comprar o reservar los asientos el d\u00eda anterior a la partida.<\/p>\n<p>Se toma la carretera al VRAEM, pasando por Quinua, en Tambo se toma el desv\u00edo a San Miguel, hasta donde la pista es de asfalto, hacia adelante la carretera es asfalto ligero, pasando por los poblados de Ninabamba, Tranka, Chilinga, Aquilla, Sacharaccay, Pacobamba. Desde aqu\u00ed se toma el desv\u00edo a Chungui por una carretera afirmada, pasando por los poblados de Auquiraccay, Punqui, Anco, Pumpuray y Huarcca, que es el \u00faltimo poblado fronterizo con Chungui. A continuaci\u00f3n se llega al primer poblado de Chungui que es Anccea y finalmente a Chungui.<\/p>\n<p>Desde la cumbre Ancceaqasa hay el desv\u00edo hacia la izquierda al pueblo de Rumichaca que conint\u00faa hacia los pueblos de la selva como Villa Aurora, Chinchibamba y Moyabamba. Desde Villa Aurora hay caminos hacia el este que es Torre y a Chinte, en las orillas del r\u00edo Apurimac.<\/p>\n<p>Desde Anccea hay un camino que va a Ccarin, en la vertiente del r\u00edo Pampas, pasando por Anama y Percca. Desde Ccarin continua camino de herradura a Zarabamba o Puerto Uni\u00f3n.<\/p>\n<p>Desde Chungui contin\u00faa la carretera hasta Sonccopa pasando por los poblados de Hatun y Uchuy Marco, Tantarpata, Qotupuquio, Churca y Ccehuayllo, Sonccopa es el \u00faltimo poblado donde llegan las combis, desde aqu\u00ed contin\u00faa la trocha carrozable una hasta Chup\u00f3n, desde la cual contin\u00faa el camino de herradura hasta Bel\u00e9n Chapi y otra hasta Pallccas desde donde hay un camino de herradura hacia Oronccoy pasando por Totora y Chillihua y otra por la parte baja a Muyucc, Tastabamba y Putucunay. Desde Sonccopa hay un camino de Herradura a Socos y Pichus.<\/p>\n<p>Desde Hatun Marco hay un desv\u00edo hasta Ccanchi, que est\u00e1 a las orillas del r\u00edo Pampas. En CCanchi hay un transbordo de pasajeros desde Chungui hacia Anduhuaylas o Chincheros en el departamento de Apurimac o pasajeros que vienen del lado de Apurimac hacia el r\u00edo Apurimac (Villa Aurora), hay camionetas pick-up de doble tracci\u00f3n que hacen esta ruta diariamente.<\/p>\n<h3>Como llegar a la zona selva<\/h3>\n<p>La ruta directa a la zona selva, a\u00fan cuando hay trocha carrozable desde la capital del distrito, siguen la misma ruta hasta Pacobamba, desde all\u00ed se desv\u00eda hacia la izquierdo pasando por los pueblos de Huayllhura, Chiquintirca, Toccate, Cajadela, Huayrapata, Arwimayu, Amargura, Agua Dulce y Lechecmayo, que es pueblo m\u00e1s grande a orillas del r\u00edo Apurimac. Desde all\u00ed se continua hasta Cucullipampa, \u00faltimo pueblo del distrito de Anco. Se continua con el primar pueblo de Chungui que es Ticsibamba, luego Balsamoqasa, Villa Vista, Malvinas, Mejorada, Moyabamba, Chinchibamba y finalmente a Villa Aurora. Desde Ticsibamba hay un desv\u00edo que pasa por Cachimina y llega a Moyabamba.<\/p>\n<h3>C\u00f3mo llegar a la zona de Oreja de Perro (Oronccoy)<\/h3>\n<p>Desde Chungui se puede acceder a dos zonas del distrito de Oronccoy, para ello se contin\u00faa por la trocha carrozable pasando por Tantarpata, Churca, ccehuayllo. hasta Sonccopa, \u00faltimo destino de los combis.<\/p>\n<p>La primera es con destino a Oronccoy, para ello se toma la ruta de Pallccas. Desde la altura de Sonccopa se desv\u00eda hacia la derecha bajando a la vertiente del Pampas, llegando a Pallccas que es la punta de carretera. Desde aqu\u00ed se sigue un camino de herradura por la parte alta pasando por Totora, Chillihua, hasta llegar a Oronccoy. De Pallcas hay otra ruta por la parte baja a Muyocc, Putucunay y Tastabamba. Desde Oronccoy continua los caminos de herradura hacia los otros pueblos de oreja de perro.<\/p>\n<p>La segunda ruta es hacia Chapi por la ruta de Chup\u00f3n, que es el \u00faltimo pueblo donde llega la trocha carrozable hacia la izquierda desde la cumbre de Sonccopa, bajando hacia la vertiente del r\u00edo Pampas hasta llegar a Chup\u00f3n, y de all\u00ed se contin\u00faa por camino de herradura hasta Bel\u00e9n de Chapi.<\/p>\n<p>Otra ruta de acceso a Bel\u00e9n de Chapi es desde Villa Aurora, en la zona selva, la trocha llega hasta Torre y de all\u00ed contin\u00faa un camino de herradura hasta Bel\u00e9n de Chapi.<\/p>\n<p>Hay dos accesos desde el departamento de Apurimac, una desde Andahuaylas por el puente Kutinachaka, desde all\u00ed hay un ascenso por camino de herradura hasta Oronccoy. Otro es desde Andahuaylas por el puente Santa Rosa desde el cual hay un ascenso por camino de herradura hasta Mollebamba. Desde Mollebamba continpua un camino de herradura a Ninabamba y Yerbabuena.<\/p>\n<p>La \u00faltima ruta es desde Inkawasi del departamento de Cusco. Desde Amaybamba se desciende al r\u00edo Apurimac, se cruza por el puente Pumachaka desde el cual se puede seguir hasta Yerbabuena o a Bel\u00e9n de Chapi pasando por Huayllhua y Vacahuasi.<\/p>\n ","protected":false},"excerpt":{"rendered":"<p>Hay varios accesos para llegar a Chungui seg\u00fan los destinos: C\u00f3mo llegar a la capital de Chungui y a los pueblos de zona sierra Para ir a la capital, desde donde se pueden acceder a las diferentes comunidades, se puede tomar movilidad privada o los combis o camioneta rurales. Los combis se toman del terminal [&hellip;]<\/p>\n","protected":false},"author":1,"featured_media":0,"parent":36,"menu_order":21,"comment_status":"closed","ping_status":"closed","template":"","meta":[],"_links":{"self":[{"href":"https:\/\/chungui.info\/chungui\/wp-json\/wp\/v2\/pages\/37"}],"collection":[{"href":"https:\/\/chungui.info\/chungui\/wp-json\/wp\/v2\/pages"}],"about":[{"href":"https:\/\/chungui.info\/chungui\/wp-json\/wp\/v2\/types\/page"}],"author":[{"embeddable":true,"href":"https:\/\/chungui.info\/chungui\/wp-json\/wp\/v2\/users\/1"}],"replies":[{"embeddable":true,"href":"https:\/\/chungui.info\/chungui\/wp-json\/wp\/v2\/comments?post=37"}],"version-history":[{"count":4,"href":"https:\/\/chungui.info\/chungui\/wp-json\/wp\/v2\/pages\/37\/revisions"}],"predecessor-version":[{"id":389,"href":"https:\/\/chungui.info\/chungui\/wp-json\/wp\/v2\/pages\/37\/revisions\/389"}],"up":[{"embeddable":true,"href":"https:\/\/chungui.info\/chungui\/wp-json\/wp\/v2\/pages\/36"}],"wp:attachment":[{"href":"https:\/\/chungui.info\/chungui\/wp-json\/wp\/v2\/media?parent=37"}],"curies":[{"name":"wp","href":"https:\/\/api.w.org\/{rel}","templated":true}]}}