{"id":35,"date":"2020-02-17T00:47:02","date_gmt":"2020-02-17T00:47:02","guid":{"rendered":"https:\/\/chungui.info\/chungui\/documentos\/publicaciones\/"},"modified":"2022-07-15T03:05:22","modified_gmt":"2022-07-15T03:05:22","slug":"publicaciones","status":"publish","type":"page","link":"https:\/\/chungui.info\/chungui\/documentos\/publicaciones\/","title":{"rendered":"Otras publicaciones"},"content":{"rendered":"<h3>CHUNGUI: Al Sureste del Olvido. Im\u00e1genes Hacia el Duelo.<\/h3>\n<p>Andrea Gianella M\u00e1laga<br \/>\nTrabajo de Tesis para optar el T\u00edtulo Profesional de Licenciado en Comunicaci\u00f3n<br \/>\nUniversidad de Lima. Facultad de Comunicaci\u00f3n. Carrera de Comunicaci\u00f3n<br \/>\nLima, febrero 2017<\/p>\n<p><strong>Resumen<\/strong><\/p>\n<p>D\u00e9cadas despu\u00e9s de los a\u00f1os del terror dentro de nuestro pa\u00eds, nuevas narrativas visuales se est\u00e1n<br \/>\ngestando. En esta investigaci\u00f3n analizaremos una selecci\u00f3n del corpus de im\u00e1genes de Max Cabello, del<br \/>\nensayo fotogr\u00e1fico: Chungui; Al sureste del olvido. El cual nos acerca de una manera no tradicional al<br \/>\nestado postconflicto de dicho pueblo. A trav\u00e9s de un an\u00e1lisis de la narrativa buscaremos analizar c\u00f3mo el<br \/>\nretrato visual es empleado como medio para poder saldar heridas sociales. Siendo estas, herramientas para<br \/>\ndonar el paso de la melancol\u00eda al duelo en situaciones en las cuales ni el estado ni la sociedad han actuado<br \/>\nentorno a ellas.<\/p>\n<p><a href=\"https:\/\/repositorio.ulima.edu.pe\/bitstream\/handle\/20.500.12724\/5737\/Gianella_M%C3%A1laga_Andrea.pdf?sequence=1&amp;isAllowed=y\" target=\"_blank\" rel=\"noopener\">Chungui: al sureste del olvido<\/a><\/p>\n<hr \/>\n<h3>Memorias de la vida cotidiana en las \u201czonas liberadas\u2019 de Sendero Luminoso. El caso de las retiradas de Chungui y Oreja de Perro<\/h3>\n<p>Luc\u00eda Rojas Rodr\u00edguez<br \/>\nAntropolog\u00eda Cuadernos de Investigaci\u00f3n, n\u00fam. 20, julio-diciembre 2018, pp. 12-27<\/p>\n<p><strong>Resumen<\/strong><\/p>\n<p>Este art\u00edculo describe las din\u00e1micas de la vida cotidiana en retirada, en un intento por explorar la dimensi\u00f3n cotidiana de los conflictos armados y las realidades de un colectivo que emprende un proceso de cambio social radical. Asimismo, explora la din\u00e1mica entre la memoria y el olvido en el contexto de un conflicto violento, m\u00e1s all\u00e1 de la narraci\u00f3n de eventos extraordinarios, ocup\u00e1ndose m\u00e1s bien de memorias del d\u00eda a d\u00eda. Perdidos entre las estad\u00edsticas y olvidados en la niebla de una amarga guerra de 20 a\u00f1os persisten los recuerdos de aquella vida, en donde las actividades ordinarias como comer, dormir y trabajar estaban estrictamente controladas. Estas narraciones han sido reconstruidas en base al archivo de testimonios tomados a\u00f1os m\u00e1s tarde como parte del Informe Final de la Comisi\u00f3n de la Verdad y Reconciliaci\u00f3n (CVR).<\/p>\n<p><a href=\"https:\/\/www.cuadernosdeantropologia-puce.edu.ec\/index.php\/antropologia\/article\/view\/168\">https:\/\/www.cuadernosdeantropologia-puce.edu.ec\/index.php\/antropologia\/article\/view\/168<\/a><\/p>\n<hr \/>\n<h3>Sufrimiento humano y representaci\u00f3n de v\u00edctimas. El caso de Chungui en la posguerra peruana<\/h3>\n<p>Nathalie Koc-Menard<br \/>\nBulletin de l&#8217;Institut fran\u00e7ais d&#8217;\u00e9tudes andines, vol. 43, n\u00fam. 2, 2014, pp. 209-226<br \/>\nInstitut Fran\u00e7ais d&#8217;\u00c9tudes Andines.<\/p>\n<p><strong>Resumen<\/strong><\/p>\n<p>Enfoc\u00e1ndose en el distrito de Chungui, en la regi\u00f3n de Ayacucho-Per\u00fa, este trabajo busca analizar<br \/>\nc\u00f3mo las representaciones del sufrimiento humano han sido producidas despu\u00e9s del conflicto armado<br \/>\ninterno. Estas representaciones muchas veces corren el peligro de tergiversarse reduciendo los Andes<br \/>\na un lugar habitado por salvajes e ignorantes, si como acad\u00e9micos no fu\u00e9ramos conscientes de las<br \/>\nrelaciones jer\u00e1rquicas en las cuales nos encontramos. Es as\u00ed que el testigo humanitario en el cual nos<br \/>\nconvertimos cuando trabajamos con comunidades de posguerra, asume el rol de alguien que habla<br \/>\npor y no con las v\u00edctimas reproduciendo las jerarqu\u00edas de poder y dominaci\u00f3n que originalmente<br \/>\nintent\u00e1bamos combatir.<\/p>\n<p><a href=\"https:\/\/www.redalyc.org\/articulo.oa?id=12632723002\">https:\/\/www.redalyc.org\/articulo.oa?id=12632723002<\/a><\/p>\n<hr \/>\n<h3>Anco y Chungui, Territorios e Historia S. XIX-XX<\/h3>\n<p>Jaime Urrutia Ceruti<br \/>\nALTERITAS, Revista de Estudios Socioculturales Andino Amaz\u00f3nicos. A\u00f1o 8, N\u00b0 9, 2019, pags. 49-65<\/p>\n<p><strong>Resumen<\/strong><\/p>\n<p>Hace mucho que el determinismo geogr\u00e1fico ha sido descartadi como explicaci\u00f3n de la evoluci\u00f3n hist\u00f3rica de sociedades y grupos humanos. Sin embargo, al otro extremo, numerosas investigaciones hist\u00f3ricas prescinden completamente de una presentaci\u00f3n del espacio o no asigan ninguna importancia al territorio en el cual suceden los hechos que narran o explican. Dadas sus caracter\u00edsticas topogr\u00e1ficas, en el caso peruano la referencia al terriotorio nos parece fundamental, al menos en espacios que incluyen diversos pisos ecol\u00f3gicos en distancias cercanas debido a la verticalidad del terreno. Ese es el ejemplo de queremos presentar, apoyados en diversa mapas, explicando la vinculaci\u00f3n entre territorio o sociedad, y su evoluci\u00f3n hist\u00f3rica desde el s. XVIII hasta el s. XX, en Anco y Chungui, distritos actualmente pertenecientes a la provincia de La Mar, en el departamento de Ayacucho.<\/p>\n<p><a href=\"http:\/\/revistas.unsch.edu.pe\/revistasunsch\/index.php\/alteritas\/article\/view\/10\">http:\/\/revistas.unsch.edu.pe\/revistasunsch\/index.php\/alteritas\/article\/view\/10<\/a><\/p>\n<hr \/>\n<p>&nbsp;<\/p>\n ","protected":false},"excerpt":{"rendered":"<p>CHUNGUI: Al Sureste del Olvido. Im\u00e1genes Hacia el Duelo. Andrea Gianella M\u00e1laga Trabajo de Tesis para optar el T\u00edtulo Profesional de Licenciado en Comunicaci\u00f3n Universidad de Lima. Facultad de Comunicaci\u00f3n. Carrera de Comunicaci\u00f3n Lima, febrero 2017 Resumen D\u00e9cadas despu\u00e9s de los a\u00f1os del terror dentro de nuestro pa\u00eds, nuevas narrativas visuales se est\u00e1n gestando. En [&hellip;]<\/p>\n","protected":false},"author":1,"featured_media":0,"parent":32,"menu_order":20,"comment_status":"closed","ping_status":"closed","template":"","meta":[],"_links":{"self":[{"href":"https:\/\/chungui.info\/chungui\/wp-json\/wp\/v2\/pages\/35"}],"collection":[{"href":"https:\/\/chungui.info\/chungui\/wp-json\/wp\/v2\/pages"}],"about":[{"href":"https:\/\/chungui.info\/chungui\/wp-json\/wp\/v2\/types\/page"}],"author":[{"embeddable":true,"href":"https:\/\/chungui.info\/chungui\/wp-json\/wp\/v2\/users\/1"}],"replies":[{"embeddable":true,"href":"https:\/\/chungui.info\/chungui\/wp-json\/wp\/v2\/comments?post=35"}],"version-history":[{"count":6,"href":"https:\/\/chungui.info\/chungui\/wp-json\/wp\/v2\/pages\/35\/revisions"}],"predecessor-version":[{"id":521,"href":"https:\/\/chungui.info\/chungui\/wp-json\/wp\/v2\/pages\/35\/revisions\/521"}],"up":[{"embeddable":true,"href":"https:\/\/chungui.info\/chungui\/wp-json\/wp\/v2\/pages\/32"}],"wp:attachment":[{"href":"https:\/\/chungui.info\/chungui\/wp-json\/wp\/v2\/media?parent=35"}],"curies":[{"name":"wp","href":"https:\/\/api.w.org\/{rel}","templated":true}]}}