{"id":34,"date":"2020-02-17T00:47:01","date_gmt":"2020-02-17T00:47:01","guid":{"rendered":"https:\/\/chungui.info\/chungui\/documentos\/articulos\/"},"modified":"2022-07-17T03:38:06","modified_gmt":"2022-07-17T03:38:06","slug":"articulos","status":"publish","type":"page","link":"https:\/\/chungui.info\/chungui\/documentos\/articulos\/","title":{"rendered":"Art\u00edculos sobre Chungui y Oronccoy"},"content":{"rendered":"<h3>\u00bfLloran los abejorros?<\/h3>\n<p><strong>Autor: Roc\u00edo Silva Santisteban<\/strong><\/p>\n<p>Art\u00edculo sobre la pel\u00edcula \u00abL\u00e1grimas de Wayronqo\u00bb rodado en Chungui y otros lugares.<\/p>\n<p>\u00abHace mucho tiempo, Hilda Prieto, quien trabaja conmigo desde hace 15 a\u00f1os, me coment\u00f3 que en su tierra de ni\u00f1a jugaba al helic\u00f3ptero con un wayronco: los ni\u00f1os le amarraban una pita y no lo dejaban escapar. Ellos pensaban que el ruido que hac\u00eda el abejorro tratando de liberarse de las amarras era como las aspas del artefacto batiendo el aire. Hilda, en la madurez, reflexionaba: \u00abqu\u00e9 malos fuimos, quiz\u00e1s el wayronco tambi\u00e9n se pon\u00eda a llorar y nunca lo escuchamos\u00bb. Todos hemos sido crueles de ni\u00f1os, le respond\u00eda a Hilda, tratando a su vez de imaginarme las l\u00e1grimas de un abejorro: negras y gruesas y poderosas como una gota de aguacero. \u00bfC\u00f3mo hacer para escuchar el llanto del wayronco? \u00bfc\u00f3mo hacer para ver esas l\u00e1grimas que se pierden en el aire?. <a href=\"https:\/\/www.lainsignia.org\/2007\/agosto\/cul_016.htm\">Seguir leyendo&#8230;..<\/a><\/p>\n<hr \/>\n<h3>La Guerra con Sendero Luminoso: No olvidar<\/h3>\n<p><strong>Autor: Vladimir Ter\u00e1n Alt<\/strong><\/p>\n<p>Art\u00edculo sobre el libro \u00abChungui: Violencia y Trazos de Memoria\u00bb con informaci\u00f3n y extractos del libro.<\/p>\n<p>Como parte del IV Congreso Nacional de Investigaciones en Antropolog\u00eda, organizado por las universidades Mayor de San Marcos y Cat\u00f3lica, se expusieron en el patio de la Facultad de Ciencias Sociales de la Decana los dibujos del antrop\u00f3logo y retablista ayacuchano Edilberto Jim\u00e9nez.<\/p>\n<p>Jim\u00e9nez es autor del libro Chungui: Violencia y Trazos de Memoria. En \u00e9l plasma el horror de una guerra que no debemos olvidar. Aqu\u00ed, parte de su trabajo. <a href=\"http:\/\/www.rompeteelojo.com\/2005\/08\/la-guerra-con-sendero-luminoso-no.html\">Seguir Leyendo&#8230;<\/a><\/p>\n<hr \/>\n<h3>Chungui: Horror sin l\u00e1grimas de Luis Felipe Degregori<\/h3>\n<p><strong>Autor: Mar\u00eda Eugenia Ulfe<\/strong><\/p>\n<p>Art\u00edculo sobre el documental \u00abChungui: Horror sin l\u00e1grimas\u00bb de Luis Felipe Degregori y Edilberto Jimenez.<\/p>\n<p>La memoria parece ir a contracorriente: enfocada en el pasado para pensar el presente, avanza a paso lento. Chungui: horror sin l\u00e1grimas es una historia local sobre el conflicto armado interno en Per\u00fa, periodo de violencia que dur\u00f3 del 1980 al 2000. Una vez terminado el conflicto, se registraron 1381 personas muertas y desaparecidas en el distrito de Chungui, provincia de La Mar, &#8230; <a href=\"https:\/\/hemisphericinstitute.org\/es\/emisferica-91\/9-1-review-essays\/chungui-horror-in-lagrimas-una-historia-peruana-by-luis-felipe-degregori.html\">Seguir leyendo<\/a><\/p>\n<hr \/>\n<h3>LLAQTA MAQTA, Chungui, La Mar.<\/h3>\n<p><strong>Cr\u00f3nicas Ayacuchanas. Educando con Valores<\/strong><br \/>\n<strong>Autor: Guillermo Huyhua y Rosa Arroyo<\/strong><\/p>\n<p>Cuento adaptado por el autor sobre el Llaqta Maqta de Chungui.<\/p>\n<p>\u00a1Por fin, hoy es o no es!, se dijo Juan, su coraz\u00f3n saltaba de alegr\u00eda pero de pronto sus ojos se llenaron de lagrimas al recordar los desprecios y desplantes de Mar\u00eda; \u00e9l se hab\u00eda enamorado de la muchacha m\u00e1s bonita de Chungui, mas ella ni caso le hac\u00eda. <a href=\"http:\/\/cronicasayacuchanas.blogspot.com\/2006\/10\/llaqta-maqta-chungui-la-mar.html\">Seguir leyendo&#8230;<\/a><\/p>\n<hr \/>\n<p>&nbsp;<\/p>\n ","protected":false},"excerpt":{"rendered":"<p>\u00bfLloran los abejorros? Autor: Roc\u00edo Silva Santisteban Art\u00edculo sobre la pel\u00edcula \u00abL\u00e1grimas de Wayronqo\u00bb rodado en Chungui y otros lugares. \u00abHace mucho tiempo, Hilda Prieto, quien trabaja conmigo desde hace 15 a\u00f1os, me coment\u00f3 que en su tierra de ni\u00f1a jugaba al helic\u00f3ptero con un wayronco: los ni\u00f1os le amarraban una pita y no lo [&hellip;]<\/p>\n","protected":false},"author":1,"featured_media":0,"parent":32,"menu_order":19,"comment_status":"closed","ping_status":"closed","template":"","meta":[],"_links":{"self":[{"href":"https:\/\/chungui.info\/chungui\/wp-json\/wp\/v2\/pages\/34"}],"collection":[{"href":"https:\/\/chungui.info\/chungui\/wp-json\/wp\/v2\/pages"}],"about":[{"href":"https:\/\/chungui.info\/chungui\/wp-json\/wp\/v2\/types\/page"}],"author":[{"embeddable":true,"href":"https:\/\/chungui.info\/chungui\/wp-json\/wp\/v2\/users\/1"}],"replies":[{"embeddable":true,"href":"https:\/\/chungui.info\/chungui\/wp-json\/wp\/v2\/comments?post=34"}],"version-history":[{"count":7,"href":"https:\/\/chungui.info\/chungui\/wp-json\/wp\/v2\/pages\/34\/revisions"}],"predecessor-version":[{"id":528,"href":"https:\/\/chungui.info\/chungui\/wp-json\/wp\/v2\/pages\/34\/revisions\/528"}],"up":[{"embeddable":true,"href":"https:\/\/chungui.info\/chungui\/wp-json\/wp\/v2\/pages\/32"}],"wp:attachment":[{"href":"https:\/\/chungui.info\/chungui\/wp-json\/wp\/v2\/media?parent=34"}],"curies":[{"name":"wp","href":"https:\/\/api.w.org\/{rel}","templated":true}]}}