{"id":32,"date":"2020-02-17T00:46:59","date_gmt":"2020-02-17T00:46:59","guid":{"rendered":"https:\/\/chungui.info\/chungui\/documentos\/"},"modified":"2022-07-17T03:55:38","modified_gmt":"2022-07-17T03:55:38","slug":"documentos","status":"publish","type":"page","link":"https:\/\/chungui.info\/chungui\/documentos\/","title":{"rendered":"Documentos de Chungui y Oronccoy"},"content":{"rendered":"<p>En esta secci\u00f3n se mencionan los principales libros, documentos, tesis y otros art\u00edculos publicados en diferentes medios. Buscar los documentos en el men\u00fa correspondiente.<\/p>\n<p><a href=\"https:\/\/chungui.info\/chungui\/documentos\/libros\/\">Libros relativos s Chungui y Oronccoy<\/a><\/p>\n<p><a href=\"https:\/\/chungui.info\/chungui\/documentos\/publicaciones\/\">Otras publicaciones<\/a><\/p>\n<p><a href=\"https:\/\/chungui.info\/chungui\/documentos\/articulos\/\">Art\u00edculos sobre Chungui y Oronccoy<\/a><\/p>\n<p>&nbsp;<\/p>\n ","protected":false},"excerpt":{"rendered":"<p>En esta secci\u00f3n se mencionan los principales libros, documentos, tesis y otros art\u00edculos publicados en diferentes medios. Buscar los documentos en el men\u00fa correspondiente. Libros relativos s Chungui y Oronccoy Otras publicaciones Art\u00edculos sobre Chungui y Oronccoy &nbsp;<\/p>\n","protected":false},"author":1,"featured_media":0,"parent":0,"menu_order":17,"comment_status":"closed","ping_status":"closed","template":"","meta":[],"_links":{"self":[{"href":"https:\/\/chungui.info\/chungui\/wp-json\/wp\/v2\/pages\/32"}],"collection":[{"href":"https:\/\/chungui.info\/chungui\/wp-json\/wp\/v2\/pages"}],"about":[{"href":"https:\/\/chungui.info\/chungui\/wp-json\/wp\/v2\/types\/page"}],"author":[{"embeddable":true,"href":"https:\/\/chungui.info\/chungui\/wp-json\/wp\/v2\/users\/1"}],"replies":[{"embeddable":true,"href":"https:\/\/chungui.info\/chungui\/wp-json\/wp\/v2\/comments?post=32"}],"version-history":[{"count":3,"href":"https:\/\/chungui.info\/chungui\/wp-json\/wp\/v2\/pages\/32\/revisions"}],"predecessor-version":[{"id":531,"href":"https:\/\/chungui.info\/chungui\/wp-json\/wp\/v2\/pages\/32\/revisions\/531"}],"wp:attachment":[{"href":"https:\/\/chungui.info\/chungui\/wp-json\/wp\/v2\/media?parent=32"}],"curies":[{"name":"wp","href":"https:\/\/api.w.org\/{rel}","templated":true}]}}