{"id":30,"date":"2020-02-17T00:46:57","date_gmt":"2020-02-17T00:46:57","guid":{"rendered":"https:\/\/chungui.info\/chungui\/cultura-viva\/nan-rutuy-monte-nan\/"},"modified":"2020-10-04T01:29:26","modified_gmt":"2020-10-04T01:29:26","slug":"nan-rutuy-monte-nan","status":"publish","type":"page","link":"https:\/\/chungui.info\/chungui\/cultura-viva\/nan-rutuy-monte-nan\/","title":{"rendered":"\u00d1an rutuy &#8211; Monte \u00f1an"},"content":{"rendered":"<p>El \u201c\u00f1an rutuy\u201d o \u201cmonte\u00f1an\u201d, que en espa\u00f1ol significa la refacci\u00f3n de los caminos a la selva, es una costumbre de trabajo multi comunal que se practica en el distrito de Chungui, provincia de La Mar, departamento de Ayacucho. Consiste en una serie de actividades que duran varios d\u00edas en la que participan las comunidades que tienen<\/p>\n<div id=\"attachment_418\" style=\"width: 460px\" class=\"wp-caption alignright\"><a href=\"https:\/\/chungui.info\/chungui\/wp-content\/uploads\/2020\/10\/nanrutuy02.jpg\"><img aria-describedby=\"caption-attachment-418\" loading=\"lazy\" class=\"wp-image-418\" src=\"https:\/\/chungui.info\/chungui\/wp-content\/uploads\/2020\/10\/nanrutuy02-1024x692.jpg\" alt=\"\u00d1an rutuy chungui\" width=\"450\" height=\"304\" srcset=\"https:\/\/chungui.info\/chungui\/wp-content\/uploads\/2020\/10\/nanrutuy02-1024x692.jpg 1024w, https:\/\/chungui.info\/chungui\/wp-content\/uploads\/2020\/10\/nanrutuy02-300x203.jpg 300w, https:\/\/chungui.info\/chungui\/wp-content\/uploads\/2020\/10\/nanrutuy02-768x519.jpg 768w, https:\/\/chungui.info\/chungui\/wp-content\/uploads\/2020\/10\/nanrutuy02.jpg 1200w\" sizes=\"(max-width: 450px) 100vw, 450px\" \/><\/a><p id=\"caption-attachment-418\" class=\"wp-caption-text\">Comuneros en plena faena (foto: Jos\u00e9 Montoya, julio 1999)<\/p><\/div>\n<p>posesionarios en las tierras de la selva de Chungui para refaccionar el camino de herradura de aproximadamente 30 Km., desde el poblado de Rumichaca hasta el lugar llamado Huayhua, entrada a la selva de \u201cHawan yunka\u201d. La actividad se realiza cada dos a\u00f1os a mediados del mes de julio, luego de terminar las actividades agr\u00edcolas de la zona sierra.<\/p>\n<p>Empieza con los preparativos de los comuneros para el viaje a los campamentos respectivos, tienen que buscar sus mulas y caballos, preparar los alimentos que llevar\u00e1n para tres o cuatro d\u00edas (charki, cancha, torrejas, machka, etc.), los utensilios, las herramientas, etc. Mientras tanto, los capitanes de cada comunidad, quienes son los encargados de animar la fiesta, buscan a sus ayudantes (cocineras, dispenseros, cantantes, m\u00fasicos, etc.), consiguen trago y coca, arman sus estandartes y hacen un recorrido por la poblaci\u00f3n junto a sus m\u00fasicos y acompa\u00f1antes invitando a todos los comuneros a participar en la actividad. Por la noche se apersonan a la iglesia o a las capillas para hacer el \u201cvelakuy\u201d de sus estandartes y herramientas.<\/p>\n<div id=\"attachment_419\" style=\"width: 460px\" class=\"wp-caption alignleft\"><a href=\"https:\/\/chungui.info\/chungui\/wp-content\/uploads\/2020\/10\/nanrutuy2.jpg\"><img aria-describedby=\"caption-attachment-419\" loading=\"lazy\" class=\"wp-image-419\" src=\"https:\/\/chungui.info\/chungui\/wp-content\/uploads\/2020\/10\/nanrutuy2-1024x693.jpg\" alt=\"\u00d1an rutuy Chungui\" width=\"450\" height=\"304\" srcset=\"https:\/\/chungui.info\/chungui\/wp-content\/uploads\/2020\/10\/nanrutuy2-1024x693.jpg 1024w, https:\/\/chungui.info\/chungui\/wp-content\/uploads\/2020\/10\/nanrutuy2-300x203.jpg 300w, https:\/\/chungui.info\/chungui\/wp-content\/uploads\/2020\/10\/nanrutuy2-768x520.jpg 768w, https:\/\/chungui.info\/chungui\/wp-content\/uploads\/2020\/10\/nanrutuy2.jpg 1144w\" sizes=\"(max-width: 450px) 100vw, 450px\" \/><\/a><p id=\"caption-attachment-419\" class=\"wp-caption-text\">Caravana rumbo a la selva (Foto: Moner Lizana)<\/p><\/div>\n<p>Al d\u00eda siguiente, muy de madrugada empieza la caminata desde cada comunidad con direcci\u00f3n a la selva por los caminos de herradura, encabezados por su capit\u00e1n y acompa\u00f1ados de sus m\u00fasicos. Los comuneros de Chungui, Qarin, Anama y Anccea realizan un primer encuentro en la llanura de \u201cYaku tinkuq\u201d, los que llegan primero esperan en formaci\u00f3n de \u201csimpa\u201d, que consiste en hacer dos filas de comuneros por cuyo medio pasan los que llegan de las otras comunidades, sirvi\u00e9ndoles trago y coca. Cuando llegan todos contin\u00faa la caminata hasta el poblado de Rumichaca donde son esperados de igual forma por los comuneros de esta comunidad. En seguida llegan hasta el lugar llamado Pallqa, donde se re\u00fanen con los comuneros de Espinco.<\/p>\n<p>Seg\u00fan la versi\u00f3n antigua, todos los comuneros caminaban hasta el lugar llamado Huayhua, que era el lugar de concentraci\u00f3n, all\u00ed se realizaban una serie de ritos y protocolos para realizar el trabajo al d\u00eda siguiente, se realizaba la elecci\u00f3n de los capataces y los \u201cQayaq\u201d que dirige el traslado de los troncos, esto se realizan siempre en los \u201csimpas\u201d que es la formaci\u00f3n en doble fila, luego se realizaba el \u201cruqri\u201d, que es el pulseo, una demostraci\u00f3n de fuerza para formar las parejas en el traslado de tronco, as\u00ed como la ubicaci\u00f3n de las parejas en el traslado de los troncos, los de adelante se llaman \u201c\u00f1awin sayaq\u201d y los que paran en la parte trasera se llaman \u201cqollanas\u201d. De igual forma los que se encargar\u00e1n del corte de la maleza \u201cloreperos\u201d, de los \u201clamperos\u201d que se encargan de la refacci\u00f3n del camino y los que se encargar\u00e1n de la refacci\u00f3n de los escalones y muros de contenci\u00f3n, todo ello en forma festiva cada grupo con sus m\u00fasicos, con abundantes tragos y mucha alegr\u00eda.<\/p>\n<div id=\"attachment_421\" style=\"width: 460px\" class=\"wp-caption alignright\"><a href=\"https:\/\/chungui.info\/chungui\/wp-content\/uploads\/2020\/10\/nanrutuy-musicos.jpg\"><img aria-describedby=\"caption-attachment-421\" loading=\"lazy\" class=\"wp-image-421\" src=\"https:\/\/chungui.info\/chungui\/wp-content\/uploads\/2020\/10\/nanrutuy-musicos-1024x768.jpg\" alt=\"\u00d1an rutuy Chungui\" width=\"450\" height=\"338\" srcset=\"https:\/\/chungui.info\/chungui\/wp-content\/uploads\/2020\/10\/nanrutuy-musicos-1024x768.jpg 1024w, https:\/\/chungui.info\/chungui\/wp-content\/uploads\/2020\/10\/nanrutuy-musicos-300x225.jpg 300w, https:\/\/chungui.info\/chungui\/wp-content\/uploads\/2020\/10\/nanrutuy-musicos-768x576.jpg 768w, https:\/\/chungui.info\/chungui\/wp-content\/uploads\/2020\/10\/nanrutuy-musicos.jpg 1360w\" sizes=\"(max-width: 450px) 100vw, 450px\" \/><\/a><p id=\"caption-attachment-421\" class=\"wp-caption-text\">El capit\u00e1n y sus m\u00fasicos (foto: Moner Lizana)<\/p><\/div>\n<p>Al d\u00eda siguiente empieza el trabajo en s\u00ed, cada comunidad tiene asignado un tramo del camino, mientras las comunidades mayores de Chungui y Anccea se encargan de la refacci\u00f3n del puente de Chaupichaka, un puente de troncos de aproximadamente 20 metros sobre el r\u00edo Masumayu.<\/p>\n<p>La noche anterior los encargados de ubicar los troncos y cortarlos hacen su \u201cpagapu\u201d o pago al monte. Por la madrugada todos hacen la formaci\u00f3n de \u201csimpa\u201d donde reciben las indicaciones de las autoridades, incluyendo los hombres y mujeres, cada uno tiene su propia funci\u00f3n, los capitanes hacen rotaciones de coca y trago para todos, luego se dirigen a los lugares donde han sido cortados y habilitados los troncos, cada tronco es trasladado por unos treinta comuneros o m\u00e1s de acuerdo al tama\u00f1o del tronco, entre las dos comunidades, tienen que trasladar cuatro troncos hasta el puente. Una vez habilitado el tronco, cada pareja de comuneros preparan los \u201ccuernos\u201d, que son troncos peque\u00f1os atados fuertemente al tronco en cruz, para que cada pareja pueda sujetar de cada lado, y a cada indicaci\u00f3n del \u201cqayaq\u201d tienen que levantar y mover el tronco, las indicaciones del \u201cqayaq\u201d tienen sones de canciones al ritmo del cual van moviendo el tronco hasta llegar al puente, las distancia son variables y puede ser hasta dos kil\u00f3metros o m\u00e1s. En todo el trayecto son acompa\u00f1ados por los capitanes y los m\u00fasicos que acompa\u00f1an cantando permanentemente. Una vez que todos los troncos han sido llevados al puente, se destruyen los troncos antiguos y son reemplazados por los nuevos troncos, as\u00ed como sus travesa\u00f1os. El traslado de troncos y la refacci\u00f3n tiene una duraci\u00f3n de dos d\u00edas, al final del cual se realiza en convido de los capitanes.<\/p>\n<div id=\"attachment_420\" style=\"width: 910px\" class=\"wp-caption aligncenter\"><a href=\"https:\/\/chungui.info\/chungui\/wp-content\/uploads\/2020\/10\/nanrutuy-kulluwantuy2.jpg\"><img aria-describedby=\"caption-attachment-420\" loading=\"lazy\" class=\"wp-image-420\" src=\"https:\/\/chungui.info\/chungui\/wp-content\/uploads\/2020\/10\/nanrutuy-kulluwantuy2-1024x712.jpg\" alt=\"Kullu wantuy Chungui\" width=\"900\" height=\"626\" srcset=\"https:\/\/chungui.info\/chungui\/wp-content\/uploads\/2020\/10\/nanrutuy-kulluwantuy2-1024x712.jpg 1024w, https:\/\/chungui.info\/chungui\/wp-content\/uploads\/2020\/10\/nanrutuy-kulluwantuy2-300x209.jpg 300w, https:\/\/chungui.info\/chungui\/wp-content\/uploads\/2020\/10\/nanrutuy-kulluwantuy2-768x534.jpg 768w, https:\/\/chungui.info\/chungui\/wp-content\/uploads\/2020\/10\/nanrutuy-kulluwantuy2.jpg 1360w\" sizes=\"(max-width: 900px) 100vw, 900px\" \/><\/a><p id=\"caption-attachment-420\" class=\"wp-caption-text\">Kullu wantuy o traslado de los troncos (Foto: Moner Lizana)<\/p><\/div>\n<p>Durante las dos jornadas, los capitanes de cada comunidad se visitan mutuamente y cada grupo corre la invitaci\u00f3n de aguardiente y contrapunto de m\u00fasicos, as\u00ed tambi\u00e9n hay intermedios para el \u201caku\u201d para \u201cchakchar\u201d la coca y para el almuerzo que es preparado y alcanzado por las mujeres en cada sector.<\/p>\n<p>Al final, se levantan los campamentos y comienza el retorno de cada grupo a su respectiva comunidad, siempre en medio festivo y acompa\u00f1ado por los m\u00fasicos.<\/p>\n<p>Esto es una versi\u00f3n resumida de esta actividad que involucra much\u00edsimos m\u00e1s detalles y sub actividades, as\u00ed como una organizaci\u00f3n perfecta del trabajo comunal.<\/p>\n<p>Lamentablemente, la construcci\u00f3n de la carretera de Chungui a la selva, ha provocado que la mayor\u00eda de la poblaci\u00f3n prefiera movilizarse por la carretera y han dejado de utilizar e camino de herradura, habiendo sido la \u00faltima actividad del \u201c\u00f1an rutuy\u201d el 2015, pero hay siempre la esperanza de preservar esta importante costumbre ancestral.<\/p>\n ","protected":false},"excerpt":{"rendered":"<p>El \u201c\u00f1an rutuy\u201d o \u201cmonte\u00f1an\u201d, que en espa\u00f1ol significa la refacci\u00f3n de los caminos a la selva, es una costumbre de trabajo multi comunal que se practica en el distrito de Chungui, provincia de La Mar, departamento de Ayacucho. Consiste en una serie de actividades que duran varios d\u00edas en la que participan las comunidades [&hellip;]<\/p>\n","protected":false},"author":1,"featured_media":0,"parent":28,"menu_order":15,"comment_status":"closed","ping_status":"closed","template":"","meta":[],"_links":{"self":[{"href":"https:\/\/chungui.info\/chungui\/wp-json\/wp\/v2\/pages\/30"}],"collection":[{"href":"https:\/\/chungui.info\/chungui\/wp-json\/wp\/v2\/pages"}],"about":[{"href":"https:\/\/chungui.info\/chungui\/wp-json\/wp\/v2\/types\/page"}],"author":[{"embeddable":true,"href":"https:\/\/chungui.info\/chungui\/wp-json\/wp\/v2\/users\/1"}],"replies":[{"embeddable":true,"href":"https:\/\/chungui.info\/chungui\/wp-json\/wp\/v2\/comments?post=30"}],"version-history":[{"count":10,"href":"https:\/\/chungui.info\/chungui\/wp-json\/wp\/v2\/pages\/30\/revisions"}],"predecessor-version":[{"id":430,"href":"https:\/\/chungui.info\/chungui\/wp-json\/wp\/v2\/pages\/30\/revisions\/430"}],"up":[{"embeddable":true,"href":"https:\/\/chungui.info\/chungui\/wp-json\/wp\/v2\/pages\/28"}],"wp:attachment":[{"href":"https:\/\/chungui.info\/chungui\/wp-json\/wp\/v2\/media?parent=30"}],"curies":[{"name":"wp","href":"https:\/\/api.w.org\/{rel}","templated":true}]}}