{"id":27,"date":"2020-02-17T00:46:54","date_gmt":"2020-02-17T00:46:54","guid":{"rendered":"https:\/\/chungui.info\/chungui\/comunidades\/socos\/"},"modified":"2020-05-17T03:46:18","modified_gmt":"2020-05-17T03:46:18","slug":"socos","status":"publish","type":"page","link":"https:\/\/chungui.info\/chungui\/comunidades\/socos\/","title":{"rendered":"Comunidad San Jos\u00e9 de Socos"},"content":{"rendered":"<p>La Comunidad Campesina de San Jos\u00e9 de Socos fue creado por R.D. 0117-80-DRA-XVI-ORDE-AYACUCHO-SDRA-AR del 24 de octubre de 1980, est\u00e1 inscrito en la ficha Nro. 0300 de los Registros P\u00fablicos de Ayacucho.<\/p>\n<p>La comunidad campesina de San Jos\u00e9 de Socos nace a ra\u00edz de la expropiaci\u00f3n de la hacienda de Soccos por la Nueva Ley de Reforma Agraria 17716 del 24 de junio de 1969 promulgada por el gobierno revolucionario de Juan Velasco Alvarado, mediante la cual se les asign\u00f3 las tierras expropiadas, a los colonos y posesionaros quienes conformaron la nueva comunidad campesina.<\/p>\n<div id=\"attachment_306\" style=\"width: 460px\" class=\"wp-caption alignright\"><a href=\"https:\/\/chungui.info\/chungui\/wp-content\/uploads\/2020\/04\/Socos1.jpg\"><img aria-describedby=\"caption-attachment-306\" loading=\"lazy\" class=\"wp-image-306\" src=\"https:\/\/chungui.info\/chungui\/wp-content\/uploads\/2020\/04\/Socos1-300x225.jpg\" alt=\"San Jose de Socos\" width=\"450\" height=\"338\" srcset=\"https:\/\/chungui.info\/chungui\/wp-content\/uploads\/2020\/04\/Socos1-300x225.jpg 300w, https:\/\/chungui.info\/chungui\/wp-content\/uploads\/2020\/04\/Socos1-768x576.jpg 768w, https:\/\/chungui.info\/chungui\/wp-content\/uploads\/2020\/04\/Socos1.jpg 960w\" sizes=\"(max-width: 450px) 100vw, 450px\" \/><\/a><p id=\"caption-attachment-306\" class=\"wp-caption-text\">San Jos\u00e9 de Socos (Foto: Facebook)<\/p><\/div>\n<p>La comunidad de Socos cuenta aproximadamente con 60 Km. cuadrados de extensi\u00f3n (no es oficial), est\u00e1 ubicado en la parte sur del distrito de Chungui, limita por el norte con la comunidad de Sonccopa y Chungui, por el oeste con la comunidad de Chungui, por el sur-oeste con la provincia de Chincheros del departamento de Apurimac mediante el r\u00edo Pampas, y por el oeste con la comunidad de Pallqas. Su altitud var\u00eda desde 1400 metros en las orillas del r\u00edo Pampas hasta 4580 metros en los l\u00edmites con la comunidad de Pallqas, ubic\u00e1ndose el centro poblado principal a 2800 metros de altitud.<\/p>\n<p>Actualmente (2020) el acceso es por diferentes lugares y s\u00f3lo por caminos de herradura, siendo la principal desde Chungui, partiendo de la comunidad de Sonccopa mediante una caminata de unas 4 horas. Otra ruta comunica con Andhuaylas en el departamento de Apurimac, esto es bajando hasta Pichus donde se cruza el r\u00edo Pampas por un puente peatonal. Otras menos utilizadas son por Huiraccocha en la parte norte de r\u00edo Apurimac y desde Tantarpata cruzando el riachuelo de Churca, ambos caminos son muy accidentados con desniveles de hasta 1800 metros en ambos sentidos.<\/p>\n<p>\u00abEn la comunidad de San Jose de Socos<sup id=\"footnote_plugin_tooltip_1\" class=\"footnote_plugin_tooltip_text\" onclick=\"footnote_moveToAnchor('footnote_plugin_reference_1');\">(1)<\/sup><span class=\"footnote_tooltip\" id=\"footnote_plugin_tooltip_text_1\">\u00abRealidad socio-econ\u00f3mica de la Comunidad de San Jos\u00e9 de Socos, distrito de Chungui, provincia La Mar, Regi\u00f3n Ayacucho &#8211; 2015&#8243;, Universidad Nacional San Cristobal de Huamanga. Tesis para optar el t\u00edtulo profesional de Licenciado en Antropolog\u00eda Social. Bach. Gaudencio Ccorimanya Allpacca, Ayacucho, 2016<\/span><script type=\"text\/javascript\">\tjQuery(\"#footnote_plugin_tooltip_1\").tooltip({\t\ttip: \"#footnote_plugin_tooltip_text_1\",\t\ttipClass: \"footnote_tooltip\",\t\teffect: \"fade\",\t\tfadeOutSpeed: 100,\t\tpredelay: 400,\t\tposition: \"top right\",\t\trelative: true,\t\toffset: [10, 10]\t});<\/script>, la agricultura es la base fundamental de la economia, donde desarrollan de manera continua y complementaria con el pastoreo de vacunos, La actividad agricola de la comunidad de Socos es depende de la variedad de climas y ciclicas de pisos ecologicos en que se desarrolla segun su espacio.<\/p>\n<p>En la zona alta que comprende de 3500 m.s.n.m. para arriba la siembra se efectua en chacras dispersas a traves de la rotation de cultivos. El primer ano se siembra en la mayoria la papa y segundo ano lo que es el haba, olluco, maswa, oca. La chacra requiere de labores permanentes: aporque y deshierbe, con las que se dejan los cultivos y la tierra<br \/>\nbien trabajada y despues de dos anos el uso de tierra se le deja por 5 a 7 anos, hasta la siguiente rotation de cultivos. La comunidad tiene mas de 10 zonas de cultivos en la parte alta lo que llaman (papa chacra) donde se practican la rotation. En la cual venos que las tierras de cultivo se conducen de dos modos, el cultivo de papa es individual donde cada familia cultiva en un parcela para su autoconsumo, a la vez es colectivo para evitar de la depredation de los animales y para facilitar el cuidado de kamayuq que le siembra se da en un solo espacio determinado pero diferentes parcelas por cada familia.<\/p>\n<p>En la zona media donde esta asentada la comunidad de San Jose de Socos entre 2000 a 3500m.s.n.m. en esta parte, donde se encuentran las pequenas parcelas, que muchas veces para diferenciarla una con otros, plantan en el entorno de las parcelas con diferentes plantas como: Eucalipto, Tara, Aliso y Molle. En este piso siembran para el autoconsumo,los siguientes productos Maiz, Arveja, Trigo, Calabaza, Durazno, y Tuna pero en pequenas parcelas, es a esta espacio se lleva el acto de animal qaykuy una vez cosechada el Maiz.<\/p>\n<p>La Zona baja comprende la quebrada de la comunidad y esta entre 1000 a 2000 m.s.n.m. esta zona es de gran importancia para los pobladores porque es propiamente de productos tropicales orientadas para el mercado y tambien para obtener frutas para el autoconsumo, la agricultura en esta zona es eminentemente de riego tradicional y los productos que siembras en pequenas parcelas que tienen todos los comuneros son: Yuca, Camote, Naranja, Platano, Mango, Palta, Cana de Aziicar, Papaya, Limon, Coca y Frejol bianco este ultimo es para el mercado un mayor parte\u00bb.<\/p>\n<div id=\"attachment_307\" style=\"width: 710px\" class=\"wp-caption aligncenter\"><a href=\"https:\/\/chungui.info\/chungui\/wp-content\/uploads\/2020\/04\/Socos2.jpg\"><img aria-describedby=\"caption-attachment-307\" loading=\"lazy\" class=\"wp-image-307\" src=\"https:\/\/chungui.info\/chungui\/wp-content\/uploads\/2020\/04\/Socos2.jpg\" alt=\"San Jose de Socos\" width=\"700\" height=\"393\" srcset=\"https:\/\/chungui.info\/chungui\/wp-content\/uploads\/2020\/04\/Socos2.jpg 960w, https:\/\/chungui.info\/chungui\/wp-content\/uploads\/2020\/04\/Socos2-300x168.jpg 300w, https:\/\/chungui.info\/chungui\/wp-content\/uploads\/2020\/04\/Socos2-768x431.jpg 768w\" sizes=\"(max-width: 700px) 100vw, 700px\" \/><\/a><p id=\"caption-attachment-307\" class=\"wp-caption-text\">Panoramica de San Jos\u00e9 de Socos (Foto: Facebook &#8211; San Jos\u00e9 de Socos_Oficial)<\/p><\/div>\n<p>Anexos de San Jos\u00e9 de Socos<\/p>\n<ul>\n<li>San Jos\u00e9 de Socos<\/li>\n<li>Pichus<\/li>\n<li>Nolpepata<\/li>\n<\/ul>\n <div class=\"footnote_container_prepare\">\t<p><span onclick=\"footnote_expand_reference_container();\">Referencias<\/span><span style=\"display: none;\">&nbsp;&nbsp;&nbsp;[ <a id=\"footnote_reference_container_collapse_button\" style=\"cursor:pointer;\" onclick=\"footnote_expand_collapse_reference_container();\">+<\/a> ]<\/span><\/p><\/div><div id=\"footnote_references_container\" style=\"\">\t<table class=\"footnote-reference-container\">\t\t<tbody>\t\t<tr>\t<td class=\"footnote_plugin_index\"><span id=\"footnote_plugin_reference_1\">1.<\/span><\/td>\t<td class=\"footnote_plugin_link\"><span onclick=\"footnote_moveToAnchor('footnote_plugin_tooltip_1');\">&#8657;<\/span><\/td>\t<td class=\"footnote_plugin_text\">\u00abRealidad socio-econ\u00f3mica de la Comunidad de San Jos\u00e9 de Socos, distrito de Chungui, provincia La Mar, Regi\u00f3n Ayacucho &#8211; 2015&#8243;, Universidad Nacional San Cristobal de Huamanga. Tesis para optar el t\u00edtulo profesional de Licenciado en Antropolog\u00eda Social. Bach. Gaudencio Ccorimanya Allpacca, Ayacucho, 2016<\/td><\/tr>\t\t<\/tbody>\t<\/table><\/div><script type=\"text\/javascript\">\tfunction footnote_expand_reference_container() {\t\tjQuery(\"#footnote_references_container\").show();        jQuery(\"#footnote_reference_container_collapse_button\").text(\"-\");\t}    function footnote_collapse_reference_container() {        jQuery(\"#footnote_references_container\").hide();        jQuery(\"#footnote_reference_container_collapse_button\").text(\"+\");    }\tfunction footnote_expand_collapse_reference_container() {\t\tif (jQuery(\"#footnote_references_container\").is(\":hidden\")) {            footnote_expand_reference_container();\t\t} else {            footnote_collapse_reference_container();\t\t}\t}    function footnote_moveToAnchor(p_str_TargetID) {        footnote_expand_reference_container();        var l_obj_Target = jQuery(\"#\" + p_str_TargetID);        if(l_obj_Target.length) {            jQuery('html, body').animate({                scrollTop: l_obj_Target.offset().top - window.innerHeight\/2            }, 1000);        }    }<\/script>","protected":false},"excerpt":{"rendered":"<p>La Comunidad Campesina de San Jos\u00e9 de Socos fue creado por R.D. 0117-80-DRA-XVI-ORDE-AYACUCHO-SDRA-AR del 24 de octubre de 1980, est\u00e1 inscrito en la ficha Nro. 0300 de los Registros P\u00fablicos de Ayacucho. La comunidad campesina de San Jos\u00e9 de Socos nace a ra\u00edz de la expropiaci\u00f3n de la hacienda de Soccos por la Nueva Ley [&hellip;]<\/p>\n","protected":false},"author":1,"featured_media":0,"parent":22,"menu_order":6,"comment_status":"closed","ping_status":"closed","template":"","meta":[],"_links":{"self":[{"href":"https:\/\/chungui.info\/chungui\/wp-json\/wp\/v2\/pages\/27"}],"collection":[{"href":"https:\/\/chungui.info\/chungui\/wp-json\/wp\/v2\/pages"}],"about":[{"href":"https:\/\/chungui.info\/chungui\/wp-json\/wp\/v2\/types\/page"}],"author":[{"embeddable":true,"href":"https:\/\/chungui.info\/chungui\/wp-json\/wp\/v2\/users\/1"}],"replies":[{"embeddable":true,"href":"https:\/\/chungui.info\/chungui\/wp-json\/wp\/v2\/comments?post=27"}],"version-history":[{"count":8,"href":"https:\/\/chungui.info\/chungui\/wp-json\/wp\/v2\/pages\/27\/revisions"}],"predecessor-version":[{"id":309,"href":"https:\/\/chungui.info\/chungui\/wp-json\/wp\/v2\/pages\/27\/revisions\/309"}],"up":[{"embeddable":true,"href":"https:\/\/chungui.info\/chungui\/wp-json\/wp\/v2\/pages\/22"}],"wp:attachment":[{"href":"https:\/\/chungui.info\/chungui\/wp-json\/wp\/v2\/media?parent=27"}],"curies":[{"name":"wp","href":"https:\/\/api.w.org\/{rel}","templated":true}]}}