{"id":26,"date":"2020-02-17T00:46:53","date_gmt":"2020-02-17T00:46:53","guid":{"rendered":"https:\/\/chungui.info\/chungui\/comunidades\/qarin\/"},"modified":"2020-05-17T03:45:49","modified_gmt":"2020-05-17T03:45:49","slug":"qarin","status":"publish","type":"page","link":"https:\/\/chungui.info\/chungui\/comunidades\/qarin\/","title":{"rendered":"Comunidad Campesina de Ccarin"},"content":{"rendered":"<p>La Comunidad Campesina de Ccarin fue reconocido mediante la R.S.R. 026-92-GRLW\/SRAS-SR del 21 de agosto de 1992, esta inscrita en la ficha Nro. 0208 de los Registros P\u00fablicos de Ayacucho, anteriormente formaba parte de la comunidad campesina de Chungui.<\/p>\n<div id=\"attachment_296\" style=\"width: 510px\" class=\"wp-caption alignright\"><a href=\"https:\/\/chungui.info\/chungui\/wp-content\/uploads\/2020\/04\/Qarin_Israel_Rivera.jpg\"><img aria-describedby=\"caption-attachment-296\" loading=\"lazy\" class=\"wp-image-296\" src=\"https:\/\/chungui.info\/chungui\/wp-content\/uploads\/2020\/04\/Qarin_Israel_Rivera-300x165.jpg\" alt=\"Qarin, Ccarin\" width=\"500\" height=\"274\" srcset=\"https:\/\/chungui.info\/chungui\/wp-content\/uploads\/2020\/04\/Qarin_Israel_Rivera-300x165.jpg 300w, https:\/\/chungui.info\/chungui\/wp-content\/uploads\/2020\/04\/Qarin_Israel_Rivera-768x422.jpg 768w, https:\/\/chungui.info\/chungui\/wp-content\/uploads\/2020\/04\/Qarin_Israel_Rivera.jpg 960w\" sizes=\"(max-width: 500px) 100vw, 500px\" \/><\/a><p id=\"caption-attachment-296\" class=\"wp-caption-text\">Centro poblado de Ccarin (Foto: Israel Rivera)<\/p><\/div>\n<p>La comunidad de Ccarin limita por el norte con la comunidad de Anco del distrito del mismo nombre, por el oeste con las comunidades de Uni\u00f3n Libertad y Chungui, por el sur y oeste con la provincia de Chincheros del departamento de Apurimac a trav\u00e9s del r\u00edo Pampas. Su altitud var\u00eda entre 1450 metros en el r\u00edo Pampas, hasta 4400 en la cumbre del cerro Huarccaccasa. Su capital administrativa es el centro poblado de Ccarin ubicado a 3480 metros de altitud.<\/p>\n<p>El acceso es a trav\u00e9s de una trocha carrozable que comunica con Anccea y Chungui, y un camino de herradura desde la carretera que une Chungui con Ayacucho en el cerro Huarccaccasa.<\/p>\n<p>Los diversos productos de Ccarin son var\u00eda entre productos de altura como papas, oca, olluco, maswa; productos de media altura como habas, arvejas, quinua, tarwi, etc. y en las zonas bajas, principalmente en el valle de Sarabamba, una antigua hacienda del mismo nombre, donde se produc\u00eda aguardiente de ca\u00f1a, tambi\u00e9n se producen adem\u00e1s de la ca\u00f1a de az\u00facar, paltas y diversos frutales.<\/p>\n<p>Sus atractivos tur\u00edsticos incluye las lagunas de Piyurayku, Muruqucha, Percca, Anama, y una impresionante vista del r\u00edo Pampas.<\/p>\n<p>Los anexos de la comunidad de Ccarin son:<\/p>\n<ul>\n<li>Ccarin<\/li>\n<li>Anama<\/li>\n<li>Percca<\/li>\n<li>Sarabamba<\/li>\n<\/ul>\n<p>&nbsp;<\/p>\n<p>&nbsp;<\/p>\n ","protected":false},"excerpt":{"rendered":"<p>La Comunidad Campesina de Ccarin fue reconocido mediante la R.S.R. 026-92-GRLW\/SRAS-SR del 21 de agosto de 1992, esta inscrita en la ficha Nro. 0208 de los Registros P\u00fablicos de Ayacucho, anteriormente formaba parte de la comunidad campesina de Chungui. La comunidad de Ccarin limita por el norte con la comunidad de Anco del distrito del [&hellip;]<\/p>\n","protected":false},"author":1,"featured_media":0,"parent":22,"menu_order":5,"comment_status":"closed","ping_status":"closed","template":"","meta":[],"_links":{"self":[{"href":"https:\/\/chungui.info\/chungui\/wp-json\/wp\/v2\/pages\/26"}],"collection":[{"href":"https:\/\/chungui.info\/chungui\/wp-json\/wp\/v2\/pages"}],"about":[{"href":"https:\/\/chungui.info\/chungui\/wp-json\/wp\/v2\/types\/page"}],"author":[{"embeddable":true,"href":"https:\/\/chungui.info\/chungui\/wp-json\/wp\/v2\/users\/1"}],"replies":[{"embeddable":true,"href":"https:\/\/chungui.info\/chungui\/wp-json\/wp\/v2\/comments?post=26"}],"version-history":[{"count":6,"href":"https:\/\/chungui.info\/chungui\/wp-json\/wp\/v2\/pages\/26\/revisions"}],"predecessor-version":[{"id":299,"href":"https:\/\/chungui.info\/chungui\/wp-json\/wp\/v2\/pages\/26\/revisions\/299"}],"up":[{"embeddable":true,"href":"https:\/\/chungui.info\/chungui\/wp-json\/wp\/v2\/pages\/22"}],"wp:attachment":[{"href":"https:\/\/chungui.info\/chungui\/wp-json\/wp\/v2\/media?parent=26"}],"curies":[{"name":"wp","href":"https:\/\/api.w.org\/{rel}","templated":true}]}}