{"id":25,"date":"2020-02-17T00:46:52","date_gmt":"2020-02-17T00:46:52","guid":{"rendered":"https:\/\/chungui.info\/chungui\/comunidades\/huecchues\/"},"modified":"2020-05-17T03:44:12","modified_gmt":"2020-05-17T03:44:12","slug":"huecchues","status":"publish","type":"page","link":"https:\/\/chungui.info\/chungui\/comunidades\/huecchues\/","title":{"rendered":"Comunidad Campesina Santo Domingo de Huecchues"},"content":{"rendered":"<p>La Comunidad Campesina de Santo Domingo de Huecchues, es una de las comunidades que nacen de la escisi\u00f3n de la comunidad matriz de Chungui, fue reconocido por R.D.R 277-95-RLW-DRA-AYA\/PETT del 18 de agosto de 1995, se encuentra inscrito en la partida nro. 0347 de los Registros P\u00fablicos de Huamanga.<\/p>\n<div id=\"attachment_267\" style=\"width: 510px\" class=\"wp-caption alignright\"><a href=\"https:\/\/chungui.info\/chungui\/wp-content\/uploads\/2020\/04\/Huecchues01.jpg\"><img aria-describedby=\"caption-attachment-267\" loading=\"lazy\" class=\"wp-image-267\" src=\"https:\/\/chungui.info\/chungui\/wp-content\/uploads\/2020\/04\/Huecchues01-300x200.jpg\" alt=\"\" width=\"500\" height=\"333\" srcset=\"https:\/\/chungui.info\/chungui\/wp-content\/uploads\/2020\/04\/Huecchues01-300x200.jpg 300w, https:\/\/chungui.info\/chungui\/wp-content\/uploads\/2020\/04\/Huecchues01-1024x683.jpg 1024w, https:\/\/chungui.info\/chungui\/wp-content\/uploads\/2020\/04\/Huecchues01-768x512.jpg 768w, https:\/\/chungui.info\/chungui\/wp-content\/uploads\/2020\/04\/Huecchues01.jpg 1500w\" sizes=\"(max-width: 500px) 100vw, 500px\" \/><\/a><p id=\"caption-attachment-267\" class=\"wp-caption-text\">Centro poblado de Huecchues (Foto: Clementine Flack)<\/p><\/div>\n<p>La comunidad de Huecchues limita por el sur con las comunidades de Chungui y Bel\u00e9n de Chapi, por este con el rio Apurimac, por el norte con la Uni\u00f3n Libertad y Villa Vista y por el oeste con la comunidad de Uni\u00f3n Libertad. La Comunidad de Huecchues abarca desde las orillas del r\u00edo Apurimac 800 metros de altitud hasta la cumbre de Intihuatana que est\u00e1 a 4500 metros de altitud. El centro poblado m\u00e1s importante es Huecchues que se encuentra en la zona sierra a 3500 metros de altitud, mientras el centro poblado de Villa Aurora y los anexos Chinete y Torre se encuentran en la zona selva.<\/p>\n<p>Huecchues es una de las comunidades donde se accede solamente por caminos de herradura, hay dos caminos principales, un acceso desde Chungui que parte de Rumichaca, pasando por Espinco, de aproximadamente 10 Km. de distancia, otro hacia la selva, con destino a Villa Aurora, un aproximado de 18 Km. Adem\u00e1s hay un camino menos transitado hacia la comunidad de Sonccopa.<\/p>\n<p>La comunidad de Huecchues alberga importantes restos arqueol\u00f3gicos como el Usno de Intihuatana, un centro ceremonial Inca y otros anteriores del periodo incaico.<\/p>\n<p>Los principales anexos de Huecchues son:<\/p>\n<ul>\n<li>Huecchues<\/li>\n<li>Villa Aurora<\/li>\n<li>Chinete<\/li>\n<li>Torre<\/li>\n<\/ul>\n<table style=\"width: 100%; border-collapse: collapse; border-style: solid; border-color: #e6fec4;\">\n<tbody>\n<tr>\n<td style=\"width: 50%;\">\n<p><div id=\"attachment_268\" style=\"width: 410px\" class=\"wp-caption aligncenter\"><a href=\"https:\/\/chungui.info\/chungui\/wp-content\/uploads\/2020\/04\/Huecchues1.jpg\"><img aria-describedby=\"caption-attachment-268\" loading=\"lazy\" class=\"wp-image-268\" src=\"https:\/\/chungui.info\/chungui\/wp-content\/uploads\/2020\/04\/Huecchues1-300x169.jpg\" alt=\"\" width=\"400\" height=\"225\" srcset=\"https:\/\/chungui.info\/chungui\/wp-content\/uploads\/2020\/04\/Huecchues1-300x169.jpg 300w, https:\/\/chungui.info\/chungui\/wp-content\/uploads\/2020\/04\/Huecchues1-768x432.jpg 768w, https:\/\/chungui.info\/chungui\/wp-content\/uploads\/2020\/04\/Huecchues1.jpg 960w\" sizes=\"(max-width: 400px) 100vw, 400px\" \/><\/a><p id=\"caption-attachment-268\" class=\"wp-caption-text\">Pueblo de Huecchues (Foto: Abel Ramos G.)<\/p><\/div><\/td>\n<td style=\"width: 50%;\">\n<p><div id=\"attachment_269\" style=\"width: 410px\" class=\"wp-caption aligncenter\"><a href=\"https:\/\/chungui.info\/chungui\/wp-content\/uploads\/2020\/04\/Huecchues2.jpg\"><img aria-describedby=\"caption-attachment-269\" loading=\"lazy\" class=\"wp-image-269\" src=\"https:\/\/chungui.info\/chungui\/wp-content\/uploads\/2020\/04\/Huecchues2-300x169.jpg\" alt=\"\" width=\"400\" height=\"225\" srcset=\"https:\/\/chungui.info\/chungui\/wp-content\/uploads\/2020\/04\/Huecchues2-300x169.jpg 300w, https:\/\/chungui.info\/chungui\/wp-content\/uploads\/2020\/04\/Huecchues2-768x432.jpg 768w, https:\/\/chungui.info\/chungui\/wp-content\/uploads\/2020\/04\/Huecchues2.jpg 960w\" sizes=\"(max-width: 400px) 100vw, 400px\" \/><\/a><p id=\"caption-attachment-269\" class=\"wp-caption-text\">Camino de herradura Huecchues-Espinco (Foto: Abel Ramos G.)<\/p><\/div><\/td>\n<\/tr>\n<\/tbody>\n<\/table>\n<p>&nbsp;<\/p>\n ","protected":false},"excerpt":{"rendered":"<p>La Comunidad Campesina de Santo Domingo de Huecchues, es una de las comunidades que nacen de la escisi\u00f3n de la comunidad matriz de Chungui, fue reconocido por R.D.R 277-95-RLW-DRA-AYA\/PETT del 18 de agosto de 1995, se encuentra inscrito en la partida nro. 0347 de los Registros P\u00fablicos de Huamanga. La comunidad de Huecchues limita por [&hellip;]<\/p>\n","protected":false},"author":1,"featured_media":0,"parent":22,"menu_order":3,"comment_status":"closed","ping_status":"closed","template":"","meta":[],"_links":{"self":[{"href":"https:\/\/chungui.info\/chungui\/wp-json\/wp\/v2\/pages\/25"}],"collection":[{"href":"https:\/\/chungui.info\/chungui\/wp-json\/wp\/v2\/pages"}],"about":[{"href":"https:\/\/chungui.info\/chungui\/wp-json\/wp\/v2\/types\/page"}],"author":[{"embeddable":true,"href":"https:\/\/chungui.info\/chungui\/wp-json\/wp\/v2\/users\/1"}],"replies":[{"embeddable":true,"href":"https:\/\/chungui.info\/chungui\/wp-json\/wp\/v2\/comments?post=25"}],"version-history":[{"count":14,"href":"https:\/\/chungui.info\/chungui\/wp-json\/wp\/v2\/pages\/25\/revisions"}],"predecessor-version":[{"id":279,"href":"https:\/\/chungui.info\/chungui\/wp-json\/wp\/v2\/pages\/25\/revisions\/279"}],"up":[{"embeddable":true,"href":"https:\/\/chungui.info\/chungui\/wp-json\/wp\/v2\/pages\/22"}],"wp:attachment":[{"href":"https:\/\/chungui.info\/chungui\/wp-json\/wp\/v2\/media?parent=25"}],"curies":[{"name":"wp","href":"https:\/\/api.w.org\/{rel}","templated":true}]}}