{"id":204,"date":"2020-03-24T00:28:10","date_gmt":"2020-03-24T00:28:10","guid":{"rendered":"https:\/\/chungui.info\/chungui\/?page_id=204"},"modified":"2020-03-30T16:34:18","modified_gmt":"2020-03-30T16:34:18","slug":"viuda-rumi","status":"publish","type":"page","link":"https:\/\/chungui.info\/chungui\/cultura-viva\/leyendas\/viuda-rumi\/","title":{"rendered":"Viuda rumi"},"content":{"rendered":"<p>Viudad Rumi es una estatua de roca natural de color negro que asemeja a una mujer viuda cargando un ni\u00f1o en sus espaldas, se encuentra en la parte alta del lado este del pueblo de Chungui. En los a\u00f1os que la violencia asol\u00f3 la regi\u00f3n una ma\u00f1ana amaneci\u00f3 con una bandera roja, los soldados subieron y la dispararon destrozando parte de la estatua.<br \/>\nSobre Viuda Rumi hay varias versiones, mencionaremos los m\u00e1s importantes.<\/p>\n<h3>Versi\u00f3n recopilada por Grimaldo Chalco y Roque Ccellccascca.<\/h3>\n<p>Seg\u00fan esta versi\u00f3n lleg\u00f3 una vez a Chungui una mujer viuda, posiblemente proveniente de Apurimac o Anco. Seg\u00fan la leyenda dos Apus, monta\u00f1as tutelares llamados Pichi y Minaq se enamoraron de ella (seg\u00fan otras versiones participaron tambi\u00e9n Osambre, Yanaqocha, Qorisilla y Llaveqaqa). El Apu Minaq convertido en joven buen mozo la enamor\u00f3 y la convirti\u00f3 en su esposa, viendo esto el Apu Pichi le declar\u00f3 la guerra, para entonces el Apu Minaq hab\u00eda dado muchos regalos a la mujer y hab\u00eda tenido un ni\u00f1o con ella, el Apu Pichi le arrebat\u00f3 las riquezas que la mujer ten\u00eda, la guerra fue estruendosa puesto que usaban rayos y truenos como armas. Como el Apu Pichi era m\u00e1s poderoso, venci\u00f3 al Apu Minaq arrebat\u00e1ndole sus riquezas y a su mujer llev\u00e1ndose consigo a sus aposentos en Pichi, durante la hu\u00edda la mujer se convirti\u00f3 en piedra al dar la vuelta para ver lo que pasaba por obra del Apu Minaq quedando su imagen para consuelo de \u00e9l, pero seg\u00fan parece es s\u00f3lo una imagen y que a la verdadera mujer logr\u00f3 llevarse el Apu Pichi.<\/p>\n<p>Seg\u00fan los abuelos esta piedra ten\u00eda un poder sobrenatural, pues se dec\u00eda que la mujer que daba una vuelta alrededor de la piedra indefectiblemente enviudaba, entonces las mujeres que no se llevaban bien con su marido s\u00f3lo daban una vuelta a la piedra para quedar viuda, por esta raz\u00f3n los forasteros no contra\u00edan matrimonio con una mujer natural de Chungui, pero seg\u00fan esta versi\u00f3n de la historia esta piedra no tiene tal poder y que la verdadera Viuda Rumi se hallar\u00eda en Pichi.<\/p>\n<h3>Versi\u00f3n que evoca a Sodoma y Gomorra<\/h3>\n<p>Seg\u00fan varias fuentes hay una versi\u00f3n que se asemeja a lo sucedido en Sodoma y Gomorra, en grandes l\u00edneas \u00e9sta es la s\u00edntesis.<\/p>\n<p>Cuentan que por aquel tiempo hab\u00eda mucha maldad. Uno de los personajes m\u00e1s prominentes hab\u00eda organizado una fiesta cuando lleg\u00f3 un viejito harapiento pidiendo comida y nadie le daba nada, andando lleg\u00f3 hasta el extremo del pueblo donde encontr\u00f3 a una mujer viuda que ten\u00eda un hijo, cuando el anciano lleg\u00f3 a su casa le dio comida y le atendi\u00f3 muy bien. El anciano, que en realidad era la personificaci\u00f3n de Dios, dijo a la mujer que se marchara y que no volteara pase lo que pase. La mujer se march\u00f3 hacia el este y cuando estaba por alcanzar la cumbre se oy\u00f3 un estruendo y seguidamente rayos y truenos, la mujer sin resistir la tentaci\u00f3n dio la vuelta para ver lo que pasaba y se convirti\u00f3 en piedra junto con su hijo.<\/p>\n<h3>Versi\u00f3n recogida por Yoni Medina Roca<\/h3>\n<p>Seg\u00fan esta versi\u00f3n hab\u00edan tres hermanas que viv\u00edan en Chunniq Wayqo llamadas Mar\u00eda, Virginia y Carmen. Las tres hermanas se quer\u00edan mucho, Carmen era viuda y sufr\u00eda mucho por la ausencia de su marido. De Virginia se enamor\u00f3 un hombre de la selva quien la llev\u00f3 hasta Osambre cruzando por el R\u00edo Apurimac, all\u00ed no se acostumbraba y lloraba tanto por sus hermanas, as\u00ed que decidi\u00f3 buscarlas perdi\u00e9ndose en el monte y convirti\u00e9ndose en una planta PALMA.<\/p>\n<p>Mar\u00eda no se quedaba atr\u00e1s y buscando a su hermana lleg\u00f3 hasta Ranraccocha, all\u00ed dicen que la tent\u00f3 el esp\u00edritu de Llaveqaqa llev\u00e1ndose a sus aposentos dentro de la monta\u00f1a.<\/p>\n<p>Un d\u00eda de primavera un anciano andrajoso apareci\u00f3 por el pueblo pidiendo comida y flores pero nadie quer\u00eda darle alojamiento, cuando lleg\u00f3 a la \u00faltima casa que era de la viuda Carmen, ella le ofreci\u00f3 comida, flores y le dio alojamiento. Entonces el anciano le dijo a Carmen que abandone el pueblo sin mirar atr\u00e1s, la viuda carg\u00f3 a su hijo, llevando consigo una ovejita y su hilado se fue hacia el este, al escuchar el estruendo por la destrucci\u00f3n del pueblo se dio la vuelta y en ese instante qued\u00f3 convertida en piedra.<\/p>\n ","protected":false},"excerpt":{"rendered":"<p>Viudad Rumi es una estatua de roca natural de color negro que asemeja a una mujer viuda cargando un ni\u00f1o en sus espaldas, se encuentra en la parte alta del lado este del pueblo de Chungui. En los a\u00f1os que la violencia asol\u00f3 la regi\u00f3n una ma\u00f1ana amaneci\u00f3 con una bandera roja, los soldados subieron [&hellip;]<\/p>\n","protected":false},"author":1,"featured_media":0,"parent":201,"menu_order":0,"comment_status":"closed","ping_status":"closed","template":"","meta":[],"_links":{"self":[{"href":"https:\/\/chungui.info\/chungui\/wp-json\/wp\/v2\/pages\/204"}],"collection":[{"href":"https:\/\/chungui.info\/chungui\/wp-json\/wp\/v2\/pages"}],"about":[{"href":"https:\/\/chungui.info\/chungui\/wp-json\/wp\/v2\/types\/page"}],"author":[{"embeddable":true,"href":"https:\/\/chungui.info\/chungui\/wp-json\/wp\/v2\/users\/1"}],"replies":[{"embeddable":true,"href":"https:\/\/chungui.info\/chungui\/wp-json\/wp\/v2\/comments?post=204"}],"version-history":[{"count":3,"href":"https:\/\/chungui.info\/chungui\/wp-json\/wp\/v2\/pages\/204\/revisions"}],"predecessor-version":[{"id":217,"href":"https:\/\/chungui.info\/chungui\/wp-json\/wp\/v2\/pages\/204\/revisions\/217"}],"up":[{"embeddable":true,"href":"https:\/\/chungui.info\/chungui\/wp-json\/wp\/v2\/pages\/201"}],"wp:attachment":[{"href":"https:\/\/chungui.info\/chungui\/wp-json\/wp\/v2\/media?parent=204"}],"curies":[{"name":"wp","href":"https:\/\/api.w.org\/{rel}","templated":true}]}}