{"id":20,"date":"2020-02-17T00:46:47","date_gmt":"2020-02-17T00:46:47","guid":{"rendered":"https:\/\/chungui.info\/chungui\/datos-generales\/ubicacion\/"},"modified":"2020-09-27T17:59:59","modified_gmt":"2020-09-27T17:59:59","slug":"ubicacion","status":"publish","type":"page","link":"https:\/\/chungui.info\/chungui\/datos-generales\/ubicacion\/","title":{"rendered":"Ubicaci\u00f3n de Chungui y Oronccoy"},"content":{"rendered":"<p>Ubicaci\u00f3n geogr\u00e1fica de los distritos de Chungui y Oronccoy<br \/>\n<a href=\"https:\/\/chungui.info\/chungui\/wp-content\/uploads\/2020\/09\/mapa_chungui1.jpg\"><img loading=\"lazy\" class=\"alignright wp-image-406\" src=\"https:\/\/chungui.info\/chungui\/wp-content\/uploads\/2020\/09\/mapa_chungui1.jpg\" alt=\"Mapa de ubicacion chungui y oronccoy\" width=\"900\" height=\"630\" srcset=\"https:\/\/chungui.info\/chungui\/wp-content\/uploads\/2020\/09\/mapa_chungui1.jpg 1360w, https:\/\/chungui.info\/chungui\/wp-content\/uploads\/2020\/09\/mapa_chungui1-300x210.jpg 300w, https:\/\/chungui.info\/chungui\/wp-content\/uploads\/2020\/09\/mapa_chungui1-1024x717.jpg 1024w, https:\/\/chungui.info\/chungui\/wp-content\/uploads\/2020\/09\/mapa_chungui1-768x538.jpg 768w\" sizes=\"(max-width: 900px) 100vw, 900px\" \/><\/a><\/p>\n<p><iframe loading=\"lazy\" style=\"border: 0;\" tabindex=\"0\" src=\"https:\/\/www.google.com\/maps\/embed?pb=!1m18!1m12!1m3!1d202240.4973588268!2d-73.61480885546074!3d-13.286843878685406!2m3!1f0!2f0!3f0!3m2!1i1024!2i768!4f13.1!3m3!1m2!1s0x9112b4b0dad448ff%3A0x93466ed326bf895a!2sChungui%2C%2005270!5e1!3m2!1ses-419!2spe!4v1601229560839!5m2!1ses-419!2spe\" width=\"800\" height=\"600\" frameborder=\"0\" allowfullscreen=\"allowfullscreen\" aria-hidden=\"false\"><\/iframe><\/p>\n ","protected":false},"excerpt":{"rendered":"<p>Ubicaci\u00f3n geogr\u00e1fica de los distritos de Chungui y Oronccoy<\/p>\n","protected":false},"author":1,"featured_media":0,"parent":17,"menu_order":5,"comment_status":"closed","ping_status":"closed","template":"","meta":[],"_links":{"self":[{"href":"https:\/\/chungui.info\/chungui\/wp-json\/wp\/v2\/pages\/20"}],"collection":[{"href":"https:\/\/chungui.info\/chungui\/wp-json\/wp\/v2\/pages"}],"about":[{"href":"https:\/\/chungui.info\/chungui\/wp-json\/wp\/v2\/types\/page"}],"author":[{"embeddable":true,"href":"https:\/\/chungui.info\/chungui\/wp-json\/wp\/v2\/users\/1"}],"replies":[{"embeddable":true,"href":"https:\/\/chungui.info\/chungui\/wp-json\/wp\/v2\/comments?post=20"}],"version-history":[{"count":8,"href":"https:\/\/chungui.info\/chungui\/wp-json\/wp\/v2\/pages\/20\/revisions"}],"predecessor-version":[{"id":412,"href":"https:\/\/chungui.info\/chungui\/wp-json\/wp\/v2\/pages\/20\/revisions\/412"}],"up":[{"embeddable":true,"href":"https:\/\/chungui.info\/chungui\/wp-json\/wp\/v2\/pages\/17"}],"wp:attachment":[{"href":"https:\/\/chungui.info\/chungui\/wp-json\/wp\/v2\/media?parent=20"}],"curies":[{"name":"wp","href":"https:\/\/api.w.org\/{rel}","templated":true}]}}