{"id":188,"date":"2020-03-23T16:10:51","date_gmt":"2020-03-23T16:10:51","guid":{"rendered":"https:\/\/chungui.info\/chungui\/?page_id=188"},"modified":"2020-05-17T03:48:33","modified_gmt":"2020-05-17T03:48:33","slug":"comunidad-campesina-de-totora-tastabamba-putukunay","status":"publish","type":"page","link":"https:\/\/chungui.info\/chungui\/comunidades\/comunidad-campesina-de-totora-tastabamba-putukunay\/","title":{"rendered":"Comunidad Campesina de Putucunay-Tastabamba-Totora"},"content":{"rendered":"<div id=\"attachment_351\" style=\"width: 478px\" class=\"wp-caption alignright\"><a href=\"https:\/\/chungui.info\/chungui\/wp-content\/uploads\/2020\/04\/Putucunay-scaled.jpg\"><img aria-describedby=\"caption-attachment-351\" loading=\"lazy\" class=\"wp-image-351\" src=\"https:\/\/chungui.info\/chungui\/wp-content\/uploads\/2020\/04\/Putucunay-300x225.jpg\" alt=\"\" width=\"468\" height=\"351\" srcset=\"https:\/\/chungui.info\/chungui\/wp-content\/uploads\/2020\/04\/Putucunay-300x225.jpg 300w, https:\/\/chungui.info\/chungui\/wp-content\/uploads\/2020\/04\/Putucunay-1024x768.jpg 1024w, https:\/\/chungui.info\/chungui\/wp-content\/uploads\/2020\/04\/Putucunay-768x576.jpg 768w, https:\/\/chungui.info\/chungui\/wp-content\/uploads\/2020\/04\/Putucunay-1536x1152.jpg 1536w, https:\/\/chungui.info\/chungui\/wp-content\/uploads\/2020\/04\/Putucunay-2048x1536.jpg 2048w\" sizes=\"(max-width: 468px) 100vw, 468px\" \/><\/a><p id=\"caption-attachment-351\" class=\"wp-caption-text\">Centro poblado de &#8230;. (Foto: )<\/p><\/div>\n<p>La Comunidad Campesina <strong>Putucunay-Tastabamba-Totora<\/strong><strong>\u00a0reconocido el 22 de junio de 1993 y titulada 26 de noviembre de 1998<\/strong>, cuenta con 5,942.8900 Has, ubicado en la zona sierra en la vertiente hacia el\u00a0 rio Pampas, siendo sus colindantes las comunidades Campesinas de Pallccas y Belen Chapi.<\/p>\n<p>Se encuentra en el nuevo distrito\u00a0 de<strong> Oronccoy<\/strong>, provincia la Mar, departamento de Ayacucho,\u00a0 conocido como pueblos Unidos de Oreja de Perro, que en sus inicios eran parte de las Haciendas de Cunayhua y Choccepuquio, de la familia Altamirano , especialmente productoras de aguardiente de ca\u00f1a, de ganado vacuno y cereales, el sistema de haciendas hab\u00eda colapsado en particular a ra\u00edz de dos grandes acontecimientos: la guerrilla del <strong>Ej\u00e9rcito de Liberaci\u00f3n Nacional (ELN) de 1965<\/strong> en la provincia de La Mar y la toma de tierras liderada por <strong>Vanguardia Revolucionaria (VR) en 1974,<\/strong> como respuesta a la demora en la implementaci\u00f3n de la Reforma Agraria en las provincias de Chincheros y Andahuaylas.<\/p>\n<p>Posteriormente fue azotado gravemente por la violencia pol\u00edtica del sendero Luminoso, y las fuerzas del orden los a\u00f1os 1983 y 1984, fueron\u00a0 despoblados\u00a0 y desplazados \u00a0toda las familias\u00a0 a diferentes partes del Per\u00fa, principalmente Ocobamba, \u00a0Anadahuaylas y Ongoy, a partir del a\u00f1o 1993 inicio el retorno a\u00a0 estas comunidades comienza la reorganizaci\u00f3n, Totora y posteriormente en Putucunay<\/p>\n<div id=\"attachment_353\" style=\"width: 446px\" class=\"wp-caption alignleft\"><a href=\"https:\/\/chungui.info\/chungui\/wp-content\/uploads\/2020\/04\/DSCN0225-scaled.jpg\"><img aria-describedby=\"caption-attachment-353\" loading=\"lazy\" class=\"wp-image-353\" src=\"https:\/\/chungui.info\/chungui\/wp-content\/uploads\/2020\/04\/DSCN0225-300x225.jpg\" alt=\"\" width=\"436\" height=\"327\" srcset=\"https:\/\/chungui.info\/chungui\/wp-content\/uploads\/2020\/04\/DSCN0225-300x225.jpg 300w, https:\/\/chungui.info\/chungui\/wp-content\/uploads\/2020\/04\/DSCN0225-1024x768.jpg 1024w, https:\/\/chungui.info\/chungui\/wp-content\/uploads\/2020\/04\/DSCN0225-768x576.jpg 768w, https:\/\/chungui.info\/chungui\/wp-content\/uploads\/2020\/04\/DSCN0225-1536x1152.jpg 1536w, https:\/\/chungui.info\/chungui\/wp-content\/uploads\/2020\/04\/DSCN0225-2048x1536.jpg 2048w\" sizes=\"(max-width: 436px) 100vw, 436px\" \/><\/a><p id=\"caption-attachment-353\" class=\"wp-caption-text\">Centro poblado de &#8230; (Foto: )<\/p><\/div>\n<p><strong>Acceso<\/strong>: desde Huamanga se llega por una carretera asfaltada hasta San Miguel, Pacobamba (Ano), asfalto b\u00e1sico desde all\u00ed\u00a0 a Chungui la capital distrital luego a\u00a0 28\u00a0 km de carretera afirmada hasta Soccopa y 12 km trocha carrozable\u00a0 a Pallccas luego por herradura con desplazamiento de 5 a 8 horas a Putucunay-Tastabamba\u00a0 via Muyocc y \u00a0hacia Totora por laguna Huincho- Cumbre Chiriccmachay.<\/p>\n<p><strong>Celebraciones<\/strong>: Los carnavales en febrero, herranzas y se\u00f1al de ganado en agosto y fiesta patronal\u00a0 30 de Agosto san Rosa de Lima en Tstabamba.<\/p>\n<p><strong>Caser\u00edos<\/strong>: Caser\u00edos peque\u00f1os sin organizaci\u00f3n comunal o junta de autoridades est\u00e1n: \u00a0Choccpuqio, Pucapampa, Cunayhau, \u00a0lado izquierdo del riachuelo Cunayhua divisoria con el distrito de Chungui.<\/p>\n<p><strong>Producci\u00f3n<\/strong>: las actividades principales es la agricultura principales productos es el frejol que siembra en temporada de lluvias tambi\u00e9n produce (papa, ma\u00edz, haba, oca, olluco, mashua, transformados como el chu\u00f1o), frutales en Pucapampa \u00a0y\u00a0 la ganader\u00eda (vacuno, ovino, caprino, equino,\u00a0 porcino y aves).<\/p>\n<p>En esta comunidad en los Anexos de Totora y Tastabamba aun perduran el Fondo Rotatorio \u00a0( Vacuno) raza brown swiss.<\/p>\n<p><strong>Sitios Hist\u00f3ricos<\/strong>: Cruzpata en Totora, hacienda Chccepuquio, Pucamoccoy en Tastabamba..<\/p>\n<p><strong>Educaci\u00f3n: <\/strong><\/p>\n<p><strong>Totora: <\/strong><\/p>\n<p>I.E. Primaria: 38638 M\/U- Tototra<\/p>\n<p><strong>Tastabamba<\/strong><\/p>\n<p>I.E. Primaria-Nro. 38674-Tastabamba<\/p>\n<p>I.E. Inicial:\u00a0 Nro 425-103- Tastabamba.<\/p>\n<p><strong>Putucunay:<\/strong><\/p>\n<p>I.E. Primaria:\u00a0 Nro. 38947\u00a0 M\/P. Putucunay<\/p>\n<p>I.E. Inicial:\u00a0 Nro 425-99-Putucunay.<\/p>\n<p>I. E. Secundaria:<strong> \u201cCharles Robert Darwin\u201d<\/strong> de Putucunay<\/p>\n<p><strong>Salud:<\/strong> Puesto de Salud en la localidad de<strong> Putucunay,<\/strong> categor\u00eda 1-1, que administra a los tres anexos.<\/p>\n<p><strong style=\"color: #008000; font-size: 24px;\"><img loading=\"lazy\" class=\"aligncenter wp-image-354\" src=\"https:\/\/chungui.info\/chungui\/wp-content\/uploads\/2020\/04\/IMG_20150515_111309-300x169.jpg\" alt=\"\" width=\"700\" height=\"394\" srcset=\"https:\/\/chungui.info\/chungui\/wp-content\/uploads\/2020\/04\/IMG_20150515_111309-300x169.jpg 300w, https:\/\/chungui.info\/chungui\/wp-content\/uploads\/2020\/04\/IMG_20150515_111309-1024x576.jpg 1024w, https:\/\/chungui.info\/chungui\/wp-content\/uploads\/2020\/04\/IMG_20150515_111309-768x432.jpg 768w, https:\/\/chungui.info\/chungui\/wp-content\/uploads\/2020\/04\/IMG_20150515_111309-1536x864.jpg 1536w, https:\/\/chungui.info\/chungui\/wp-content\/uploads\/2020\/04\/IMG_20150515_111309-2048x1152.jpg 2048w\" sizes=\"(max-width: 700px) 100vw, 700px\" \/><\/strong><\/p>\n<p>&nbsp;<\/p>\n ","protected":false},"excerpt":{"rendered":"<p>La Comunidad Campesina Putucunay-Tastabamba-Totora\u00a0reconocido el 22 de junio de 1993 y titulada 26 de noviembre de 1998, cuenta con 5,942.8900 Has, ubicado en la zona sierra en la vertiente hacia el\u00a0 rio Pampas, siendo sus colindantes las comunidades Campesinas de Pallccas y Belen Chapi. Se encuentra en el nuevo distrito\u00a0 de Oronccoy, provincia la Mar, [&hellip;]<\/p>\n","protected":false},"author":1,"featured_media":0,"parent":22,"menu_order":10,"comment_status":"closed","ping_status":"closed","template":"","meta":[],"_links":{"self":[{"href":"https:\/\/chungui.info\/chungui\/wp-json\/wp\/v2\/pages\/188"}],"collection":[{"href":"https:\/\/chungui.info\/chungui\/wp-json\/wp\/v2\/pages"}],"about":[{"href":"https:\/\/chungui.info\/chungui\/wp-json\/wp\/v2\/types\/page"}],"author":[{"embeddable":true,"href":"https:\/\/chungui.info\/chungui\/wp-json\/wp\/v2\/users\/1"}],"replies":[{"embeddable":true,"href":"https:\/\/chungui.info\/chungui\/wp-json\/wp\/v2\/comments?post=188"}],"version-history":[{"count":13,"href":"https:\/\/chungui.info\/chungui\/wp-json\/wp\/v2\/pages\/188\/revisions"}],"predecessor-version":[{"id":371,"href":"https:\/\/chungui.info\/chungui\/wp-json\/wp\/v2\/pages\/188\/revisions\/371"}],"up":[{"embeddable":true,"href":"https:\/\/chungui.info\/chungui\/wp-json\/wp\/v2\/pages\/22"}],"wp:attachment":[{"href":"https:\/\/chungui.info\/chungui\/wp-json\/wp\/v2\/media?parent=188"}],"curies":[{"name":"wp","href":"https:\/\/api.w.org\/{rel}","templated":true}]}}