{"id":17,"date":"2020-02-17T00:46:44","date_gmt":"2020-02-17T00:46:44","guid":{"rendered":"https:\/\/chungui.info\/chungui\/datos-generales\/"},"modified":"2021-02-04T03:50:38","modified_gmt":"2021-02-04T03:50:38","slug":"datos-generales","status":"publish","type":"page","link":"https:\/\/chungui.info\/chungui\/datos-generales\/","title":{"rendered":"Informaciones"},"content":{"rendered":"<p>Informaci\u00f3n b\u00e1sica de los distritos de Chugui y Oronccoy con sus respectivas comunidades, anexos y extenci\u00f3n de sus territorios.<\/p>\r\n\r\n<table style=\"width: 60.4606%; height: 1593px;\" width=\"1116\">\r\n<tbody>\r\n<tr style=\"height: 45px;\">\r\n<td style=\"height: 45px; width: 98.7%;\" colspan=\"10\" width=\"1116\"><span style=\"font-size: 10pt;\"><strong>EVOLUCION DE LOS TERRITORIOS DE LOS DISTRITOS DE CHUNGUI Y ORONCCOY EN LA PROVINCIA\u00a0 LA MAR- AYAUCHCO (2,015 AL 2,020)<\/strong><\/span><\/td>\r\n<\/tr>\r\n<tr style=\"height: 22px;\">\r\n<td style=\"height: 22px; width: 3.3%;\">\u00a0<\/td>\r\n<td style=\"height: 22px; width: 6.7%;\">\u00a0<\/td>\r\n<td style=\"height: 22px; width: 8.1%;\">\u00a0<\/td>\r\n<td style=\"height: 22px; width: 12.4781%;\">\u00a0<\/td>\r\n<td style=\"height: 22px; width: 16.1219%;\">\u00a0<\/td>\r\n<td style=\"height: 22px; width: 12.4%;\">\u00a0<\/td>\r\n<td style=\"height: 22px; width: 10.6%;\">\u00a0<\/td>\r\n<td style=\"height: 22px; width: 10.4%;\">\u00a0<\/td>\r\n<td style=\"height: 22px; width: 8.8%;\">\u00a0<\/td>\r\n<td style=\"height: 22px; width: 9.8%;\">\u00a0<\/td>\r\n<\/tr>\r\n<tr style=\"height: 92px;\">\r\n<td style=\"height: 92px; width: 3.3%;\" width=\"41\"><strong><span style=\"font-size: 10pt; color: #0000ff;\">Nro.<\/span><\/strong><\/td>\r\n<td style=\"height: 92px; width: 6.7%;\" width=\"80\"><strong><span style=\"font-size: 10pt; color: #0000ff;\">Provincia<\/span><\/strong><\/td>\r\n<td style=\"height: 92px; width: 8.1%;\" width=\"80\"><strong><span style=\"font-size: 10pt; color: #0000ff;\">Distrito<\/span><\/strong><\/td>\r\n<td style=\"height: 92px; width: 12.4781%;\" width=\"151\"><strong><span style=\"font-size: 10pt; color: #0000ff;\">Nombre de la Comunidad<\/span><\/strong><\/td>\r\n<td style=\"height: 92px; width: 16.1219%;\" width=\"187\"><strong><span style=\"font-size: 10pt; color: #0000ff;\">Anexos (Oficialmente reconocidos por la Comunidad)<\/span><\/strong><\/td>\r\n<td style=\"height: 92px; width: 12.4%;\" width=\"108\"><strong><span style=\"font-size: 10pt; color: #0000ff;\">Reconoci-miento<\/span><\/strong><\/td>\r\n<td style=\"height: 92px; width: 10.6%;\" width=\"141\"><strong><span style=\"font-size: 10pt; color: #0000ff;\">Nro Familias \/Comunos (durante reconocim)<\/span><\/strong><\/td>\r\n<td style=\"height: 92px; width: 10.4%;\" width=\"120\"><strong><span style=\"font-size: 10pt; color: #0000ff;\">Tierras (Has) aproximados sin uso de tecnolog\u00eda<\/span><\/strong><\/td>\r\n<td style=\"height: 92px; width: 8.8%;\" width=\"80\"><strong><span style=\"font-size: 10pt; color: #0000ff;\">Titulaci\u00f3n\u00a0<\/span><\/strong><\/td>\r\n<td style=\"height: 92px; width: 9.8%;\" width=\"128\"><strong><span style=\"font-size: 10pt; color: #0000ff;\">Tierras (Has) aproximados sin uso de tecnolog\u00eda<\/span><\/strong><\/td>\r\n<\/tr>\r\n<tr style=\"height: 139px;\">\r\n<td style=\"height: 139px; width: 3.3%;\" width=\"41\"><span style=\"font-size: 10pt;\">1<\/span><\/td>\r\n<td style=\"height: 139px; width: 6.7%;\" width=\"80\"><span style=\"font-size: 10pt;\">La Mar<\/span><\/td>\r\n<td style=\"height: 139px; width: 8.1%;\" width=\"80\"><span style=\"font-size: 10pt;\">Chungui<\/span><\/td>\r\n<td style=\"height: 139px; width: 12.4781%;\" width=\"151\"><span style=\"font-size: 10pt;\">CHUNGUI\u00a0<\/span><\/td>\r\n<td style=\"height: 139px; width: 16.1219%;\" width=\"187\"><span style=\"font-size: 10pt;\">Chungui, Anccea, Santa Rosa de Marco, Tantarpata, Qotopuquio, Churca, Ccehuayllo y (*** Huiraccocha).<\/span><\/td>\r\n<td style=\"height: 139px; width: 12.4%;\" width=\"108\"><span style=\"font-size: 10pt;\">18\/08\/1956<\/span><\/td>\r\n<td style=\"height: 139px; width: 10.6%;\"><span style=\"font-size: 10pt;\">360<\/span><\/td>\r\n<td style=\"height: 139px; width: 10.4%;\" width=\"120\"><span style=\"font-size: 10pt;\">\u00a0\u00a0\u00a0\u00a0\u00a0\u00a0\u00a0\u00a0\u00a0\u00a0\u00a0\u00a0 11,136.5620<\/span><\/td>\r\n<td style=\"height: 139px; width: 8.8%;\" width=\"80\"><span style=\"font-size: 10pt;\">26\/06\/1996<\/span><\/td>\r\n<td style=\"height: 139px; width: 9.8%;\" width=\"128\"><span style=\"font-size: 10pt;\">\u00a0\u00a0\u00a0\u00a0\u00a0\u00a0\u00a0\u00a0\u00a0\u00a0\u00a0\u00a0\u00a0\u00a0\u00a0 11,136.5620<\/span><\/td>\r\n<\/tr>\r\n<tr style=\"height: 92px;\">\r\n<td style=\"height: 92px; width: 3.3%;\" width=\"41\"><span style=\"font-size: 10pt;\">2<\/span><\/td>\r\n<td style=\"height: 92px; width: 6.7%;\" width=\"80\"><span style=\"font-size: 10pt;\">La Mar<\/span><\/td>\r\n<td style=\"height: 92px; width: 8.1%;\" width=\"80\"><span style=\"font-size: 10pt;\">Chungui<\/span><\/td>\r\n<td style=\"height: 92px; width: 12.4781%;\" width=\"151\"><span style=\"font-size: 10pt;\">UNION LIBERTAD<\/span><\/td>\r\n<td style=\"height: 92px; width: 16.1219%;\" width=\"187\"><span style=\"font-size: 10pt;\">Rumichaca, Espinco, Chinchibamba, Moyabamba, Llactapata.<\/span><\/td>\r\n<td style=\"height: 92px; width: 12.4%;\" width=\"108\"><span style=\"font-size: 10pt;\">30\/11\/1994<\/span><\/td>\r\n<td style=\"height: 92px; width: 10.6%;\"><span style=\"font-size: 10pt;\">53<\/span><\/td>\r\n<td style=\"height: 92px; width: 10.4%;\" width=\"120\"><span style=\"font-size: 10pt;\">\u00a0\u00a0\u00a0\u00a0\u00a0\u00a0\u00a0\u00a0\u00a0\u00a0\u00a0\u00a0\u00a0\u00a0\u00a0 5,645.9035<\/span><\/td>\r\n<td style=\"height: 92px; width: 8.8%;\" width=\"80\"><span style=\"font-size: 10pt;\">5\/11\/1996<\/span><\/td>\r\n<td style=\"height: 92px; width: 9.8%;\" width=\"128\"><span style=\"font-size: 10pt;\">\u00a0\u00a0\u00a0\u00a0\u00a0\u00a0\u00a0\u00a0\u00a0\u00a0\u00a0\u00a0\u00a0\u00a0\u00a0\u00a0\u00a0 5,645.9035<\/span><\/td>\r\n<\/tr>\r\n<tr style=\"height: 45px;\">\r\n<td style=\"height: 45px; width: 3.3%;\" width=\"41\"><span style=\"font-size: 10pt;\">3<\/span><\/td>\r\n<td style=\"height: 45px; width: 6.7%;\" width=\"80\"><span style=\"font-size: 10pt;\">La Mar<\/span><\/td>\r\n<td style=\"height: 45px; width: 8.1%;\" width=\"80\"><span style=\"font-size: 10pt;\">Chungui<\/span><\/td>\r\n<td style=\"height: 45px; width: 12.4781%;\" width=\"151\"><span style=\"font-size: 10pt;\">CCARIN<\/span><\/td>\r\n<td style=\"height: 45px; width: 16.1219%;\" width=\"187\"><span style=\"font-size: 10pt;\">Ccarin\u00a0 Anama y Puerto Uni\u00f3n<\/span><\/td>\r\n<td style=\"height: 45px; width: 12.4%;\" width=\"108\"><span style=\"font-size: 10pt;\">20\/08\/1992<\/span><\/td>\r\n<td style=\"height: 45px; width: 10.6%;\"><span style=\"font-size: 10pt;\">67<\/span><\/td>\r\n<td style=\"height: 45px; width: 10.4%;\" width=\"120\"><span style=\"font-size: 10pt;\">\u00a0\u00a0\u00a0\u00a0\u00a0\u00a0\u00a0\u00a0\u00a0\u00a0\u00a0\u00a0\u00a0\u00a0\u00a0 7,623.5499<\/span><\/td>\r\n<td style=\"height: 45px; width: 8.8%;\" width=\"80\"><span style=\"font-size: 10pt;\">31\/07\/1997<\/span><\/td>\r\n<td style=\"height: 45px; width: 9.8%;\" width=\"128\"><span style=\"font-size: 10pt;\">\u00a0\u00a0\u00a0\u00a0\u00a0\u00a0\u00a0\u00a0\u00a0\u00a0\u00a0\u00a0\u00a0\u00a0\u00a0\u00a0\u00a0 7,623.5499<\/span><\/td>\r\n<\/tr>\r\n<tr style=\"height: 69px;\">\r\n<td style=\"height: 69px; width: 3.3%;\" width=\"41\"><span style=\"font-size: 10pt;\">4<\/span><\/td>\r\n<td style=\"height: 69px; width: 6.7%;\" width=\"80\"><span style=\"font-size: 10pt;\">La Mar<\/span><\/td>\r\n<td style=\"height: 69px; width: 8.1%;\" width=\"80\"><span style=\"font-size: 10pt;\">Chungui<\/span><\/td>\r\n<td style=\"height: 69px; width: 12.4781%;\" width=\"151\"><span style=\"font-size: 10pt;\">VIRGEN DE COCHARCAS DE SONCCOPA<\/span><\/td>\r\n<td style=\"height: 69px; width: 16.1219%;\" width=\"187\"><span style=\"font-size: 10pt;\">Sonccopa y (** Nolpepata)<\/span><\/td>\r\n<td style=\"height: 69px; width: 12.4%;\" width=\"108\"><span style=\"font-size: 10pt;\">23\/06\/1993<\/span><\/td>\r\n<td style=\"height: 69px; width: 10.6%;\"><span style=\"font-size: 10pt;\">70<\/span><\/td>\r\n<td style=\"height: 69px; width: 10.4%;\" width=\"120\"><span style=\"font-size: 10pt;\">\u00a0\u00a0\u00a0\u00a0\u00a0\u00a0\u00a0\u00a0\u00a0\u00a0\u00a0\u00a0\u00a0\u00a0\u00a0 1,446.6200<\/span><\/td>\r\n<td style=\"height: 69px; width: 8.8%;\" width=\"80\"><span style=\"font-size: 10pt;\">21\/07\/1998<\/span><\/td>\r\n<td style=\"height: 69px; width: 9.8%;\" width=\"128\"><span style=\"font-size: 10pt;\">\u00a0\u00a0\u00a0\u00a0\u00a0\u00a0\u00a0\u00a0\u00a0\u00a0\u00a0\u00a0\u00a0\u00a0\u00a0\u00a0\u00a0 1,446.6200<\/span><\/td>\r\n<\/tr>\r\n<tr style=\"height: 45px;\">\r\n<td style=\"height: 45px; width: 3.3%;\" width=\"41\"><span style=\"font-size: 10pt;\">5<\/span><\/td>\r\n<td style=\"height: 45px; width: 6.7%;\" width=\"80\"><span style=\"font-size: 10pt;\">La Mar<\/span><\/td>\r\n<td style=\"height: 45px; width: 8.1%;\" width=\"80\"><span style=\"font-size: 10pt;\">Chungui<\/span><\/td>\r\n<td style=\"height: 45px; width: 12.4781%;\" width=\"151\"><span style=\"font-size: 10pt;\">PALLCCAS<\/span><\/td>\r\n<td style=\"height: 45px; width: 16.1219%;\" width=\"187\"><span style=\"font-size: 10pt;\">Palccas, Muyocc, Pampa Hermosa<\/span><\/td>\r\n<td style=\"height: 45px; width: 12.4%;\" width=\"108\"><span style=\"font-size: 10pt;\">26\/11\/1980<\/span><\/td>\r\n<td style=\"height: 45px; width: 10.6%;\"><span style=\"font-size: 10pt;\">60<\/span><\/td>\r\n<td style=\"height: 45px; width: 10.4%;\" width=\"120\"><span style=\"font-size: 10pt;\">\u00a0\u00a0\u00a0\u00a0\u00a0\u00a0\u00a0\u00a0\u00a0\u00a0\u00a0\u00a0\u00a0\u00a0\u00a0 7,200.0000<\/span><\/td>\r\n<td style=\"height: 45px; width: 8.8%;\" width=\"80\"><span style=\"font-size: 10pt;\">14\/12\/1998<\/span><\/td>\r\n<td style=\"height: 45px; width: 9.8%;\" width=\"128\"><span style=\"font-size: 10pt;\">\u00a0\u00a0\u00a0\u00a0\u00a0\u00a0\u00a0\u00a0\u00a0\u00a0\u00a0\u00a0\u00a0\u00a0\u00a0\u00a0\u00a0 7,200.0000<\/span><\/td>\r\n<\/tr>\r\n<tr style=\"height: 70px;\">\r\n<td style=\"height: 70px; width: 3.3%;\" width=\"41\"><span style=\"font-size: 10pt;\">6<\/span><\/td>\r\n<td style=\"height: 70px; width: 6.7%;\" width=\"80\"><span style=\"font-size: 10pt;\">La Mar<\/span><\/td>\r\n<td style=\"height: 70px; width: 8.1%;\" width=\"80\"><span style=\"font-size: 10pt;\">Chungui<\/span><\/td>\r\n<td style=\"height: 70px; width: 12.4781%;\" width=\"151\"><span style=\"font-size: 10pt;\">SAN JOSE DE <\/span> <span style=\"font-size: 10pt;\">SOCOS<\/span><\/td>\r\n<td style=\"height: 70px; width: 16.1219%;\" width=\"187\"><span style=\"font-size: 10pt;\">Socos, Santa fe de Rayanpata y Valle esmeral de Pichus<\/span><\/td>\r\n<td style=\"height: 70px; width: 12.4%;\" width=\"108\"><span style=\"font-size: 10pt;\">24\/10\/1980<\/span><\/td>\r\n<td style=\"height: 70px; width: 10.6%;\"><span style=\"font-size: 10pt;\">85<\/span><\/td>\r\n<td style=\"height: 70px; width: 10.4%;\" width=\"120\"><span style=\"font-size: 10pt;\">\u00a0\u00a0\u00a0\u00a0\u00a0\u00a0\u00a0\u00a0\u00a0\u00a0\u00a0\u00a0\u00a0\u00a0\u00a0 1,349.7000<\/span><\/td>\r\n<td style=\"height: 70px; width: 8.8%;\" width=\"80\"><span style=\"font-size: 10pt;\">14\/12\/1998<\/span><\/td>\r\n<td style=\"height: 70px; width: 9.8%;\" width=\"128\"><span style=\"font-size: 10pt;\">\u00a0\u00a0\u00a0\u00a0\u00a0\u00a0\u00a0\u00a0\u00a0\u00a0\u00a0\u00a0\u00a0\u00a0\u00a0\u00a0\u00a0 1,349.7000<\/span><\/td>\r\n<\/tr>\r\n<tr style=\"height: 140px;\">\r\n<td style=\"height: 140px; width: 3.3%;\" width=\"41\"><span style=\"font-size: 10pt;\">7<\/span><\/td>\r\n<td style=\"height: 140px; width: 6.7%;\" width=\"80\"><span style=\"font-size: 10pt;\">La Mar<\/span><\/td>\r\n<td style=\"height: 140px; width: 8.1%;\" width=\"80\"><span style=\"font-size: 10pt;\">Chungui<\/span><\/td>\r\n<td style=\"height: 140px; width: 12.4781%;\" width=\"151\"><span style=\"font-size: 10pt;\">SAN JOSE DE <\/span> <span style=\"font-size: 10pt;\">VILLA VISTA<\/span><\/td>\r\n<td style=\"height: 140px; width: 16.1219%;\" width=\"187\"><span style=\"font-size: 10pt;\">Villa Vista, Balsamoccasa, San Juan de Cachimina, Malvinas, Nueva Mejorada, Tixibamba y Puchitaquiguiato<\/span><\/td>\r\n<td style=\"height: 140px; width: 12.4%;\" width=\"108\"><span style=\"font-size: 10pt;\">27\/08\/1992<\/span><\/td>\r\n<td style=\"height: 140px; width: 10.6%;\"><span style=\"font-size: 10pt;\">101<\/span><\/td>\r\n<td style=\"height: 140px; width: 10.4%;\" width=\"120\"><span style=\"font-size: 10pt;\">\u00a0\u00a0\u00a0\u00a0\u00a0\u00a0\u00a0\u00a0\u00a0\u00a0\u00a0\u00a0\u00a0\u00a0\u00a0 2,667.8440<\/span><\/td>\r\n<td style=\"height: 140px; width: 8.8%;\" width=\"80\"><span style=\"font-size: 10pt;\">21\/01\/1997<\/span><\/td>\r\n<td style=\"height: 140px; width: 9.8%;\" width=\"128\"><span style=\"font-size: 10pt;\">\u00a0\u00a0\u00a0\u00a0\u00a0\u00a0\u00a0\u00a0\u00a0\u00a0\u00a0\u00a0\u00a0\u00a0\u00a0\u00a0\u00a0 2,667.8440<\/span><\/td>\r\n<\/tr>\r\n<tr style=\"height: 93px;\">\r\n<td style=\"height: 93px; width: 3.3%;\" width=\"41\"><span style=\"font-size: 10pt;\">8<\/span><\/td>\r\n<td style=\"height: 93px; width: 6.7%;\" width=\"80\"><span style=\"font-size: 10pt;\">La Mar<\/span><\/td>\r\n<td style=\"height: 93px; width: 8.1%;\" width=\"80\"><span style=\"font-size: 10pt;\">Chungui<\/span><\/td>\r\n<td style=\"height: 93px; width: 12.4781%;\" width=\"151\"><span style=\"font-size: 10pt;\">SANTO DOMINGO <\/span><span style=\"font-size: 10pt;\">DE HUECCHUES<\/span><\/td>\r\n<td style=\"height: 93px; width: 16.1219%;\" width=\"187\"><span style=\"font-size: 10pt;\">Villa Auarora, Huecchues, Puerto Chinete, Huaydor, Villa Union, Mazo.<\/span><\/td>\r\n<td style=\"height: 93px; width: 12.4%;\" width=\"108\"><span style=\"font-size: 10pt;\">18\/08\/1995<\/span><\/td>\r\n<td style=\"height: 93px; width: 10.6%;\"><span style=\"font-size: 10pt;\">91<\/span><\/td>\r\n<td style=\"height: 93px; width: 10.4%;\" width=\"120\"><span style=\"font-size: 10pt;\">\u00a0\u00a0\u00a0\u00a0\u00a0\u00a0\u00a0\u00a0\u00a0\u00a0\u00a0\u00a0\u00a0\u00a0\u00a0 7,029.1250<\/span><\/td>\r\n<td style=\"height: 93px; width: 8.8%;\" width=\"80\"><span style=\"font-size: 10pt;\">20\/06\/1997<\/span><\/td>\r\n<td style=\"height: 93px; width: 9.8%;\" width=\"128\"><span style=\"font-size: 10pt;\">\u00a0\u00a0\u00a0\u00a0\u00a0\u00a0\u00a0\u00a0\u00a0\u00a0\u00a0\u00a0\u00a0\u00a0\u00a0\u00a0\u00a0 7,029.1250<\/span><\/td>\r\n<\/tr>\r\n<tr style=\"height: 23px;\">\r\n<td style=\"height: 23px; width: 3.3%;\">\u00a0<\/td>\r\n<td style=\"height: 23px; width: 6.7%;\"><span style=\"font-size: 10pt;\">La Mar<\/span><\/td>\r\n<td style=\"height: 23px; width: 8.1%;\"><span style=\"font-size: 10pt;\">Chungui<\/span><\/td>\r\n<td style=\"height: 23px; width: 12.4781%;\"><span style=\"font-size: 8pt;\">PUCHITAQUIGUIATO<\/span><\/td>\r\n<td style=\"height: 23px; width: 16.1219%;\"><span style=\"font-size: 10pt;\">****Puchitaquiguiato<\/span><\/td>\r\n<td style=\"height: 23px; width: 12.4%;\" width=\"108\"><span style=\"font-size: 10pt;\">C\/Reconoc.<\/span><\/td>\r\n<td style=\"height: 23px; width: 10.6%;\">\u00a0<\/td>\r\n<td style=\"height: 23px; width: 10.4%;\"><span style=\"font-size: 10pt;\">\u00a0SNVCM\u00a0<\/span><\/td>\r\n<td style=\"height: 23px; width: 8.8%;\">\u00a0<\/td>\r\n<td style=\"height: 23px; width: 9.8%;\">\u00a0<\/td>\r\n<\/tr>\r\n<tr style=\"height: 46px;\">\r\n<td style=\"height: 46px; width: 69.7%;\" colspan=\"7\"><span style=\"font-size: 10pt;\">* Union progreso Torre Anexado al distrito de Chungui<\/span><\/td>\r\n<td style=\"height: 46px; width: 10.4%;\">\u00a0<\/td>\r\n<td style=\"height: 46px; width: 8.8%;\">\u00a0<\/td>\r\n<td style=\"height: 46px; width: 9.8%;\"><span style=\"font-size: 10pt;\">\u00a0\u00a0\u00a0\u00a0\u00a0\u00a0\u00a0\u00a0\u00a0\u00a0\u00a0\u00a0\u00a0\u00a0\u00a0\u00a0\u00a0 9,952.0900<\/span><\/td>\r\n<\/tr>\r\n<tr style=\"height: 46px;\">\r\n<td style=\"height: 46px; width: 69.7%;\" colspan=\"7\" width=\"788\">\u00a0<\/td>\r\n<td style=\"height: 46px; width: 10.4%;\"><span style=\"font-size: 10pt;\">\u00a0\u00a0\u00a0\u00a0\u00a0\u00a0\u00a0\u00a0\u00a0\u00a0\u00a0\u00a0 44,099.3044<\/span><\/td>\r\n<td style=\"height: 46px; width: 8.8%;\" width=\"80\">\u00a0<\/td>\r\n<td style=\"height: 46px; width: 9.8%;\" width=\"128\"><span style=\"font-size: 10pt;\">\u00a0\u00a0\u00a0\u00a0\u00a0\u00a0\u00a0\u00a0\u00a0\u00a0\u00a0\u00a0\u00a0\u00a0\u00a0 54,051.3944<\/span><\/td>\r\n<\/tr>\r\n<tr style=\"height: 233px;\">\r\n<td style=\"height: 233px; width: 3.3%;\" width=\"41\"><span style=\"font-size: 10pt;\">9<\/span><\/td>\r\n<td style=\"height: 233px; width: 6.7%;\" width=\"80\"><span style=\"font-size: 10pt;\">La Mar<\/span><\/td>\r\n<td style=\"height: 233px; width: 8.1%;\" width=\"80\"><span style=\"font-size: 10pt;\">ORONCCOY<\/span><\/td>\r\n<td style=\"height: 233px; width: 12.4781%;\" width=\"151\"><span style=\"font-size: 10pt;\">BELEN CHAPI<\/span><\/td>\r\n<td style=\"height: 233px; width: 16.1219%;\" width=\"187\"><span style=\"font-size: 10pt;\">Oronccoy, Chillihua, Huallhaua, Yerbabuena, vacahuasi, Chapi, San Martin de Chupon y Pumachaca, (* Union Progreso Torre) ( ** Esmeralda de Pallcca)<\/span><\/td>\r\n<td style=\"height: 233px; width: 12.4%;\" width=\"108\"><span style=\"font-size: 10pt;\">18\/04\/1988<\/span><\/td>\r\n<td style=\"height: 233px; width: 10.6%;\"><span style=\"font-size: 10pt;\">90<\/span><\/td>\r\n<td style=\"height: 233px; width: 10.4%;\" width=\"120\"><span style=\"font-size: 10pt;\">\u00a0\u00a0\u00a0\u00a0\u00a0\u00a0\u00a0\u00a0\u00a0\u00a0\u00a0\u00a0 33,910.5000<\/span><\/td>\r\n<td style=\"height: 233px; width: 8.8%;\" width=\"80\"><span style=\"font-size: 10pt;\">19\/12\/1994<\/span><\/td>\r\n<td style=\"height: 233px; width: 9.8%;\" width=\"128\"><span style=\"font-size: 10pt;\">\u00a0\u00a0\u00a0\u00a0\u00a0\u00a0\u00a0\u00a0\u00a0\u00a0\u00a0\u00a0\u00a0\u00a0\u00a0 23,958.4100<\/span><\/td>\r\n<\/tr>\r\n<tr style=\"height: 70px;\">\r\n<td style=\"height: 70px; width: 3.3%;\" width=\"41\"><span style=\"font-size: 10pt;\">10<\/span><\/td>\r\n<td style=\"height: 70px; width: 6.7%;\" width=\"80\"><span style=\"font-size: 10pt;\">La Mar<\/span><\/td>\r\n<td style=\"height: 70px; width: 8.1%;\" width=\"80\"><span style=\"font-size: 10pt;\">ORONCCOY<\/span><\/td>\r\n<td style=\"height: 70px; width: 12.4781%;\" width=\"151\"><span style=\"font-size: 10pt;\">PUTUCUNAY, TASTABAMBA TOTORA<\/span><\/td>\r\n<td style=\"height: 70px; width: 16.1219%;\" width=\"187\"><span style=\"font-size: 10pt;\">Putucanay, Tastabamba y Totora<\/span><\/td>\r\n<td style=\"height: 70px; width: 12.4%;\" width=\"108\"><span style=\"font-size: 10pt;\">22\/06\/1993<\/span><\/td>\r\n<td style=\"height: 70px; width: 10.6%;\"><span style=\"font-size: 10pt;\">111<\/span><\/td>\r\n<td style=\"height: 70px; width: 10.4%;\" width=\"120\"><span style=\"font-size: 10pt;\">\u00a0\u00a0\u00a0\u00a0\u00a0\u00a0\u00a0\u00a0\u00a0\u00a0\u00a0\u00a0\u00a0\u00a0\u00a0 5,942.4999<\/span><\/td>\r\n<td style=\"height: 70px; width: 8.8%;\" width=\"80\"><span style=\"font-size: 10pt;\">26\/11\/1998<\/span><\/td>\r\n<td style=\"height: 70px; width: 9.8%;\" width=\"128\"><span style=\"font-size: 10pt;\">\u00a0\u00a0\u00a0\u00a0\u00a0\u00a0\u00a0\u00a0\u00a0\u00a0\u00a0\u00a0\u00a0\u00a0\u00a0\u00a0\u00a0 5,942.8900<\/span><\/td>\r\n<\/tr>\r\n<tr style=\"height: 93px;\">\r\n<td style=\"height: 93px; width: 3.3%;\" width=\"41\"><span style=\"font-size: 10pt;\">11<\/span><\/td>\r\n<td style=\"height: 93px; width: 6.7%;\" width=\"80\"><span style=\"font-size: 10pt;\">La Mar<\/span><\/td>\r\n<td style=\"height: 93px; width: 8.1%;\" width=\"80\"><span style=\"font-size: 10pt;\">ORONCCOY<\/span><\/td>\r\n<td style=\"height: 93px; width: 12.4781%;\" width=\"151\"><span style=\"font-size: 10pt;\">FUNDO NINABAMBA &#8211; MOLLEBAMBA<\/span><\/td>\r\n<td style=\"height: 93px; width: 16.1219%;\" width=\"187\"><span style=\"font-size: 10pt;\">Mollebamba, Ninabamba, Santa Carmen y Alto San Francisco<\/span><\/td>\r\n<td style=\"height: 93px; width: 12.4%;\" width=\"108\"><span style=\"font-size: 10pt;\">C\/Recococ.<\/span><\/td>\r\n<td style=\"height: 93px; width: 10.6%;\"><span style=\"font-size: 10pt;\">150<\/span><\/td>\r\n<td style=\"height: 93px; width: 10.4%;\" width=\"120\"><span style=\"font-size: 10pt;\">\u00a0\u00a0\u00a0\u00a0\u00a0\u00a0\u00a0\u00a0\u00a0\u00a0\u00a0\u00a0 25,352.7000<\/span><\/td>\r\n<td style=\"height: 93px; width: 8.8%;\" width=\"80\"><span style=\"font-size: 10pt;\">Sin T\u00edtulo<\/span><\/td>\r\n<td style=\"height: 93px; width: 9.8%;\" width=\"128\"><span style=\"font-size: 10pt;\">\u00a0\u00a0\u00a0\u00a0\u00a0\u00a0\u00a0\u00a0\u00a0\u00a0\u00a0\u00a0\u00a0\u00a0\u00a0 25,352.7000<\/span><\/td>\r\n<\/tr>\r\n<tr style=\"height: 46px;\">\r\n<td style=\"height: 46px; width: 59.1%;\" colspan=\"6\"><strong><span style=\"font-size: 10pt; color: #ff0000;\">DISTRITO DE ORONCCOY\u00a0 (15 DE JUNIO 2017)<\/span><\/strong><\/td>\r\n<td style=\"height: 46px; width: 10.6%;\">\u00a0<\/td>\r\n<td style=\"height: 46px; width: 10.4%;\" width=\"120\"><strong><span style=\"font-size: 10pt; color: #ff0000;\">\u00a0\u00a0\u00a0\u00a0\u00a0\u00a0\u00a0\u00a0\u00a0\u00a0\u00a0\u00a0 65,205.6999<\/span><\/strong><\/td>\r\n<td style=\"height: 46px; width: 8.8%;\" width=\"80\">\u00a0<\/td>\r\n<td style=\"height: 46px; width: 9.8%;\"><strong><span style=\"font-size: 10pt; color: #ff0000;\">\u00a0\u00a0\u00a0\u00a0\u00a0\u00a0\u00a0\u00a0\u00a0\u00a0\u00a0\u00a0\u00a0\u00a0\u00a0 55,254.0000<\/span><\/strong><\/td>\r\n<\/tr>\r\n<tr style=\"height: 46px;\">\r\n<td style=\"height: 46px; width: 59.1%;\" colspan=\"6\"><strong><span style=\"font-size: 10pt; color: #0000ff;\">DISTRITO DE CHUNGUI ACTUAL\u00a0 (15 DE JUNIO DEL 2017)<\/span><\/strong><\/td>\r\n<td style=\"height: 46px; width: 10.6%;\">\u00a0<\/td>\r\n<td style=\"height: 46px; width: 10.4%;\">\u00a0<\/td>\r\n<td style=\"height: 46px; width: 8.8%;\">\u00a0<\/td>\r\n<td style=\"height: 46px; width: 9.8%;\"><strong><span style=\"font-size: 10pt; color: #0000ff;\">\u00a0\u00a0\u00a0\u00a0\u00a0\u00a0\u00a0\u00a0\u00a0\u00a0\u00a0\u00a0\u00a0\u00a0\u00a0 54,051.3944<\/span><\/strong><\/td>\r\n<\/tr>\r\n<tr style=\"height: 23px;\">\r\n<td style=\"height: 23px; width: 3.3%;\">\u00a0<\/td>\r\n<td style=\"height: 23px; width: 6.7%;\">\u00a0<\/td>\r\n<td style=\"height: 23px; width: 8.1%;\">\u00a0<\/td>\r\n<td style=\"height: 23px; width: 12.4781%;\">\u00a0<\/td>\r\n<td style=\"height: 23px; width: 16.1219%;\">\u00a0<\/td>\r\n<td style=\"height: 23px; width: 12.4%;\">\u00a0<\/td>\r\n<td style=\"height: 23px; width: 10.6%;\">\u00a0<\/td>\r\n<td style=\"height: 23px; width: 10.4%;\">\u00a0<\/td>\r\n<td style=\"height: 23px; width: 8.8%;\">\u00a0<\/td>\r\n<td style=\"height: 23px; width: 9.8%;\">\u00a0<\/td>\r\n<\/tr>\r\n<tr style=\"height: 46px;\">\r\n<td style=\"height: 46px; width: 59.1%;\" colspan=\"6\"><strong><span style=\"font-size: 10pt;\">AREA TOTAL\u00a0 DISTRITO DE CHUNGUI (2015)<\/span><\/strong><\/td>\r\n<td style=\"height: 46px; width: 10.6%;\">\u00a0<\/td>\r\n<td style=\"height: 46px; width: 10.4%;\"><strong><span style=\"font-size: 10pt;\">\u00a0\u00a0\u00a0\u00a0\u00a0\u00a0\u00a0\u00a0\u00a0\u00a0\u00a0\u00a0\u00a0\u00a0 109,305.0043<\/span><\/strong><\/td>\r\n<td style=\"height: 46px; width: 8.8%;\">\u00a0<\/td>\r\n<td style=\"height: 46px; width: 9.8%;\"><strong><span style=\"font-size: 10pt;\">\u00a0\u00a0\u00a0\u00a0\u00a0\u00a0\u00a0\u00a0\u00a0\u00a0\u00a0\u00a0\u00a0\u00a0\u00a0\u00a0\u00a0\u00a0\u00a0\u00a0\u00a0\u00a0\u00a0 109,305<\/span><\/strong><\/td>\r\n<\/tr>\r\n<tr style=\"height: 46px;\">\r\n<td style=\"height: 46px; width: 3.3%;\">\u00a0<\/td>\r\n<td style=\"height: 46px; width: 6.7%;\">\u00a0<\/td>\r\n<td style=\"height: 46px; width: 8.1%;\">\u00a0<\/td>\r\n<td style=\"height: 46px; width: 12.4781%;\">\u00a0<\/td>\r\n<td style=\"height: 46px; width: 16.1219%;\">\u00a0<\/td>\r\n<td style=\"height: 46px; width: 12.4%;\">\u00a0<\/td>\r\n<td style=\"height: 46px; width: 10.6%;\"><span style=\"font-size: 10pt;\"><span style=\"font-size: 8pt;\">Fuente\/DRAA<\/span><\/span><\/td>\r\n<td style=\"height: 46px; width: 10.4%;\">\u00a0<\/td>\r\n<td style=\"height: 46px; width: 8.8%;\">\u00a0<\/td>\r\n<td style=\"height: 46px; width: 9.8%;\">\u00a0<\/td>\r\n<\/tr>\r\n<tr style=\"height: 23px;\">\r\n<td style=\"height: 23px; width: 88.9%;\" colspan=\"9\"><span style=\"font-size: 10pt;\"><strong>* Anexado al distrito de Chungui, ** Anexos despoblados, *** Nuevos anexos, **** Comunidad nativa<\/strong>\u00a0<\/span><\/td>\r\n<td style=\"height: 23px; width: 9.8%;\">\u00a0<\/td>\r\n<\/tr>\r\n<\/tbody>\r\n<\/table> ","protected":false},"excerpt":{"rendered":"<p>Informaci\u00f3n b\u00e1sica de los distritos de Chugui y Oronccoy con sus respectivas comunidades, anexos y extenci\u00f3n de sus territorios. EVOLUCION DE LOS TERRITORIOS DE LOS DISTRITOS DE CHUNGUI Y ORONCCOY EN LA PROVINCIA\u00a0 LA MAR- AYAUCHCO (2,015 AL 2,020) \u00a0 \u00a0 \u00a0 \u00a0 \u00a0 \u00a0 \u00a0 \u00a0 \u00a0 \u00a0 Nro. Provincia Distrito Nombre de la [&hellip;]<\/p>\n","protected":false},"author":1,"featured_media":0,"parent":0,"menu_order":2,"comment_status":"closed","ping_status":"closed","template":"","meta":[],"_links":{"self":[{"href":"https:\/\/chungui.info\/chungui\/wp-json\/wp\/v2\/pages\/17"}],"collection":[{"href":"https:\/\/chungui.info\/chungui\/wp-json\/wp\/v2\/pages"}],"about":[{"href":"https:\/\/chungui.info\/chungui\/wp-json\/wp\/v2\/types\/page"}],"author":[{"embeddable":true,"href":"https:\/\/chungui.info\/chungui\/wp-json\/wp\/v2\/users\/1"}],"replies":[{"embeddable":true,"href":"https:\/\/chungui.info\/chungui\/wp-json\/wp\/v2\/comments?post=17"}],"version-history":[{"count":5,"href":"https:\/\/chungui.info\/chungui\/wp-json\/wp\/v2\/pages\/17\/revisions"}],"predecessor-version":[{"id":439,"href":"https:\/\/chungui.info\/chungui\/wp-json\/wp\/v2\/pages\/17\/revisions\/439"}],"wp:attachment":[{"href":"https:\/\/chungui.info\/chungui\/wp-json\/wp\/v2\/media?parent=17"}],"curies":[{"name":"wp","href":"https:\/\/api.w.org\/{rel}","templated":true}]}}