{"id":166,"date":"2020-03-19T04:01:09","date_gmt":"2020-03-19T04:01:09","guid":{"rendered":"https:\/\/chungui.info\/chungui\/?page_id=166"},"modified":"2022-07-18T00:21:46","modified_gmt":"2022-07-18T00:21:46","slug":"comunidad-privada-de-ninabamba","status":"publish","type":"page","link":"https:\/\/chungui.info\/chungui\/comunidades\/comunidad-privada-de-ninabamba\/","title":{"rendered":"Comunidad privada de Ninabamba"},"content":{"rendered":"\r\n<p>Anexos:<\/p>\r\n<ul>\r\n<li><a href=\"https:\/\/chungui.info\/chungui\/mollebamba\/\">Mollebamba<\/a><\/li>\r\n<li>Ninabamba<\/li>\r\n<li>Santa Carmen<\/li>\r\n<li>Alto San Francisco<\/li>\r\n<\/ul>\r\n<p>Sus anexos: Mollebamba y Santa Carmen<sup id=\"footnote_plugin_tooltip_1\" class=\"footnote_plugin_tooltip_text\" onclick=\"footnote_moveToAnchor('footnote_plugin_reference_1');\">(1)<\/sup><span class=\"footnote_tooltip\" id=\"footnote_plugin_tooltip_text_1\">Informe final de la Comisi\u00f3n de la Verdad y Reconciliaci\u00f3n, Tomo V Cap\u00edtulo 2, Pag. 88 <\/span><script type=\"text\/javascript\">\tjQuery(\"#footnote_plugin_tooltip_1\").tooltip({\t\ttip: \"#footnote_plugin_tooltip_text_1\",\t\ttipClass: \"footnote_tooltip\",\t\teffect: \"fade\",\t\tfadeOutSpeed: 100,\t\tpredelay: 400,\t\tposition: \"top right\",\t\trelative: true,\t\toffset: [10, 10]\t});<\/script><\/p>\r\n\r\n\r\n\r\n<blockquote class=\"wp-block-quote\">\r\n<p>&nbsp;<\/p>\r\n<\/blockquote>\r\n <div class=\"footnote_container_prepare\">\t<p><span onclick=\"footnote_expand_reference_container();\">Referencias<\/span><span style=\"display: none;\">&nbsp;&nbsp;&nbsp;[ <a id=\"footnote_reference_container_collapse_button\" style=\"cursor:pointer;\" onclick=\"footnote_expand_collapse_reference_container();\">+<\/a> ]<\/span><\/p><\/div><div id=\"footnote_references_container\" style=\"\">\t<table class=\"footnote-reference-container\">\t\t<tbody>\t\t<tr>\t<td class=\"footnote_plugin_index\"><span id=\"footnote_plugin_reference_1\">1.<\/span><\/td>\t<td class=\"footnote_plugin_link\"><span onclick=\"footnote_moveToAnchor('footnote_plugin_tooltip_1');\">&#8657;<\/span><\/td>\t<td class=\"footnote_plugin_text\">Informe final de la Comisi\u00f3n de la Verdad y Reconciliaci\u00f3n, Tomo V Cap\u00edtulo 2, Pag. 88 <\/td><\/tr>\t\t<\/tbody>\t<\/table><\/div><script type=\"text\/javascript\">\tfunction footnote_expand_reference_container() {\t\tjQuery(\"#footnote_references_container\").show();        jQuery(\"#footnote_reference_container_collapse_button\").text(\"-\");\t}    function footnote_collapse_reference_container() {        jQuery(\"#footnote_references_container\").hide();        jQuery(\"#footnote_reference_container_collapse_button\").text(\"+\");    }\tfunction footnote_expand_collapse_reference_container() {\t\tif (jQuery(\"#footnote_references_container\").is(\":hidden\")) {            footnote_expand_reference_container();\t\t} else {            footnote_collapse_reference_container();\t\t}\t}    function footnote_moveToAnchor(p_str_TargetID) {        footnote_expand_reference_container();        var l_obj_Target = jQuery(\"#\" + p_str_TargetID);        if(l_obj_Target.length) {            jQuery('html, body').animate({                scrollTop: l_obj_Target.offset().top - window.innerHeight\/2            }, 1000);        }    }<\/script>","protected":false},"excerpt":{"rendered":"<p>Anexos: Mollebamba Ninabamba Santa Carmen Alto San Francisco Sus anexos: Mollebamba y Santa Carmen(1)Informe final de la Comisi\u00f3n de la Verdad y Reconciliaci\u00f3n, Tomo V Cap\u00edtulo 2, Pag. 88 &nbsp; Referencias&nbsp;&nbsp;&nbsp;[ + ] 1. &#8657; Informe final de la Comisi\u00f3n de la Verdad y Reconciliaci\u00f3n, Tomo V Cap\u00edtulo 2, Pag. 88<\/p>\n","protected":false},"author":1,"featured_media":0,"parent":22,"menu_order":11,"comment_status":"closed","ping_status":"closed","template":"","meta":[],"_links":{"self":[{"href":"https:\/\/chungui.info\/chungui\/wp-json\/wp\/v2\/pages\/166"}],"collection":[{"href":"https:\/\/chungui.info\/chungui\/wp-json\/wp\/v2\/pages"}],"about":[{"href":"https:\/\/chungui.info\/chungui\/wp-json\/wp\/v2\/types\/page"}],"author":[{"embeddable":true,"href":"https:\/\/chungui.info\/chungui\/wp-json\/wp\/v2\/users\/1"}],"replies":[{"embeddable":true,"href":"https:\/\/chungui.info\/chungui\/wp-json\/wp\/v2\/comments?post=166"}],"version-history":[{"count":6,"href":"https:\/\/chungui.info\/chungui\/wp-json\/wp\/v2\/pages\/166\/revisions"}],"predecessor-version":[{"id":534,"href":"https:\/\/chungui.info\/chungui\/wp-json\/wp\/v2\/pages\/166\/revisions\/534"}],"up":[{"embeddable":true,"href":"https:\/\/chungui.info\/chungui\/wp-json\/wp\/v2\/pages\/22"}],"wp:attachment":[{"href":"https:\/\/chungui.info\/chungui\/wp-json\/wp\/v2\/media?parent=166"}],"curies":[{"name":"wp","href":"https:\/\/api.w.org\/{rel}","templated":true}]}}