{"id":153,"date":"2020-03-17T04:29:54","date_gmt":"2020-03-17T04:29:54","guid":{"rendered":"https:\/\/chungui.info\/chungui\/?page_id=153"},"modified":"2020-05-17T03:47:28","modified_gmt":"2020-05-17T03:47:28","slug":"comunidad-campesina-de-pallqas","status":"publish","type":"page","link":"https:\/\/chungui.info\/chungui\/comunidades\/comunidad-campesina-de-pallqas\/","title":{"rendered":"Comunidad campesina de Pallqas"},"content":{"rendered":"<p>La Comunidad Campesina de Pallcas fue creado mediante R.D. 0197-80-DRA-XVI-ORDE-AYAC-DRA-AR del 26 de noviembre de 1980 y est\u00e1 inscrita en la ficha Nro. 0348 de los Registros P\u00fablicos de Ayacucho. La comunidad de Pallcas fue creado a ra\u00edz de la expropiaci\u00f3n de las haciendas de Pallcas y Muyucc por la Ley de Reforma Agraria de 17716 del 24 de junio de 1969.<\/p>\n<div id=\"attachment_316\" style=\"width: 460px\" class=\"wp-caption alignright\"><a href=\"https:\/\/chungui.info\/chungui\/wp-content\/uploads\/2020\/04\/Pallccas2.jpg\"><img aria-describedby=\"caption-attachment-316\" loading=\"lazy\" class=\"wp-image-316\" src=\"https:\/\/chungui.info\/chungui\/wp-content\/uploads\/2020\/04\/Pallccas2-300x169.jpg\" alt=\"Pallccas, Pallqas\" width=\"450\" height=\"253\" srcset=\"https:\/\/chungui.info\/chungui\/wp-content\/uploads\/2020\/04\/Pallccas2-300x169.jpg 300w, https:\/\/chungui.info\/chungui\/wp-content\/uploads\/2020\/04\/Pallccas2-768x432.jpg 768w, https:\/\/chungui.info\/chungui\/wp-content\/uploads\/2020\/04\/Pallccas2.jpg 960w\" sizes=\"(max-width: 450px) 100vw, 450px\" \/><\/a><p id=\"caption-attachment-316\" class=\"wp-caption-text\">Centro poblado de Pallccas (Foto: Israel Rivera)<\/p><\/div>\n<p>\u00abEn 1970 el escenario de la Reforma Agraria motiv\u00f3 a grupos campesinos a adquirir derechos sobre sus tierras. En la zona de Chungui ya hab\u00eda precedentes, cuando la izquierda radical intervino en la hacienda de Chapi, propiedad de la familia Carrillo que termin\u00f3 siendo asesinada. Hecho que gener\u00f3 temor en los hacendados que debieron dejar sus tierras.<br \/>\nSin embargo, la situaci\u00f3n no se resolvi\u00f3 a favor de los campesinos. Hab\u00eda un dispositivo legal y de derecho establecido en el Estado peruano que reconoc\u00eda el sistema hacendatario, por ello es que con la Reforma Agraria se produjo una impresionante organizaci\u00f3n de las comunidades en la zona para que sus derechos sobre la tierra fueran reconocidos.<br \/>\nDe esta manera se registr\u00f3 al grupo campesino Moyocc Totora Nro. 70, reconocido el 6 de junio de 1977, de donde se crear\u00edan las comunidades de Pallcas, Totora, Tastabamba y Putucunay. Por su parte, la hacienda Chapi, fue afectada con la Reforma Agraria el 19 de febrero de 1976 comprendiendo los sectores de Oronccoy, Chillihua, Chup\u00f3n, Vacahuasi y Yerbabuena.\u00bb<sup id=\"footnote_plugin_tooltip_1\" class=\"footnote_plugin_tooltip_text\" onclick=\"footnote_moveToAnchor('footnote_plugin_reference_1');\">(1)<\/sup><span class=\"footnote_tooltip\" id=\"footnote_plugin_tooltip_text_1\">Chungui: una larga historia de conflictos y violencia (art\u00edculo), Pavel Trigos Jayo, Retablo &#8211; Revista de Analisis Pol\u00edtico Regional<\/span><script type=\"text\/javascript\">\tjQuery(\"#footnote_plugin_tooltip_1\").tooltip({\t\ttip: \"#footnote_plugin_tooltip_text_1\",\t\ttipClass: \"footnote_tooltip\",\t\teffect: \"fade\",\t\tfadeOutSpeed: 100,\t\tpredelay: 400,\t\tposition: \"top right\",\t\trelative: true,\t\toffset: [10, 10]\t});<\/script><\/p>\n<p>La comunidad de Pallccas est\u00e1 ubicada en la zona sierra, cuenca del r\u00edo Pampas, cuenta con un aproximado de 50 km. cuadrados (dato extra oficial), limita por el norte con las comunidades de Bel\u00e9n de Chapi (anexo Chupon) y la comunidad de Sonccopa, por el oeste con la comunidad San Jos\u00e9 de Socos, por el sur con el r\u00edo Pampas (divisoria con el departamento de Apurimac) y por el este con la Comunidad de Totora-Putucunay-Tastabamba. Su altitud var\u00eda desde 1300 metros en las orillas del r\u00edo Pampas hasta 4500 metros en las alturas de Pallccas.<\/p>\n<p>Los accesos son por la ruta de Chungui, cuya punta de carretera en la vertiente del r\u00edo Pampas es el centro poblado de Pallccas, pero por el momento los veh\u00edculos s\u00f3lo llegan para las ferias de los d\u00edas s\u00e1bado. Pallccas comunica por caminos de herradura con Oronccoy por la ruta de Totora-Chillihua-Oronccoy, y con las comunidades de Putucunay, Tastabamba y Cunayhua.<\/p>\n<p>Los anexos de la comunidad de Pallcas son:<\/p>\n<ul>\n<li>Pallcas<\/li>\n<li>Muyucc<\/li>\n<\/ul>\n<p>&nbsp;<\/p>\n<table style=\"border-collapse: collapse; width: 100%;\">\n<tbody>\n<tr>\n<td style=\"width: 50%;\">\n<p><div id=\"attachment_315\" style=\"width: 430px\" class=\"wp-caption alignnone\"><a href=\"https:\/\/chungui.info\/chungui\/wp-content\/uploads\/2020\/04\/Pallccas1.jpg\"><img aria-describedby=\"caption-attachment-315\" loading=\"lazy\" class=\"wp-image-315\" src=\"https:\/\/chungui.info\/chungui\/wp-content\/uploads\/2020\/04\/Pallccas1.jpg\" alt=\"Pallccas, Pallqas\" width=\"420\" height=\"252\" srcset=\"https:\/\/chungui.info\/chungui\/wp-content\/uploads\/2020\/04\/Pallccas1.jpg 960w, https:\/\/chungui.info\/chungui\/wp-content\/uploads\/2020\/04\/Pallccas1-300x180.jpg 300w, https:\/\/chungui.info\/chungui\/wp-content\/uploads\/2020\/04\/Pallccas1-768x460.jpg 768w\" sizes=\"(max-width: 420px) 100vw, 420px\" \/><\/a><p id=\"caption-attachment-315\" class=\"wp-caption-text\">Centro poblado de Pallccas (Fuente: Facebook Pallccas Chungui La Mar Ayacucho)<\/p><\/div><\/td>\n<td style=\"width: 50%;\">\n<p><div id=\"attachment_317\" style=\"width: 388px\" class=\"wp-caption aligncenter\"><a href=\"https:\/\/chungui.info\/chungui\/wp-content\/uploads\/2020\/04\/Pallccas4.jpg\"><img aria-describedby=\"caption-attachment-317\" loading=\"lazy\" class=\"wp-image-317\" src=\"https:\/\/chungui.info\/chungui\/wp-content\/uploads\/2020\/04\/Pallccas4.jpg\" alt=\"Laguna Huinccho\" width=\"378\" height=\"252\" srcset=\"https:\/\/chungui.info\/chungui\/wp-content\/uploads\/2020\/04\/Pallccas4.jpg 792w, https:\/\/chungui.info\/chungui\/wp-content\/uploads\/2020\/04\/Pallccas4-300x200.jpg 300w, https:\/\/chungui.info\/chungui\/wp-content\/uploads\/2020\/04\/Pallccas4-768x512.jpg 768w\" sizes=\"(max-width: 378px) 100vw, 378px\" \/><\/a><p id=\"caption-attachment-317\" class=\"wp-caption-text\">Laguna Winchuqucha (Foto: Nilo La Rosa)<\/p><\/div><\/td>\n<\/tr>\n<\/tbody>\n<\/table>\n<p>&nbsp;<\/p>\n <div class=\"footnote_container_prepare\">\t<p><span onclick=\"footnote_expand_reference_container();\">Referencias<\/span><span style=\"display: none;\">&nbsp;&nbsp;&nbsp;[ <a id=\"footnote_reference_container_collapse_button\" style=\"cursor:pointer;\" onclick=\"footnote_expand_collapse_reference_container();\">+<\/a> ]<\/span><\/p><\/div><div id=\"footnote_references_container\" style=\"\">\t<table class=\"footnote-reference-container\">\t\t<tbody>\t\t<tr>\t<td class=\"footnote_plugin_index\"><span id=\"footnote_plugin_reference_1\">1.<\/span><\/td>\t<td class=\"footnote_plugin_link\"><span onclick=\"footnote_moveToAnchor('footnote_plugin_tooltip_1');\">&#8657;<\/span><\/td>\t<td class=\"footnote_plugin_text\">Chungui: una larga historia de conflictos y violencia (art\u00edculo), Pavel Trigos Jayo, Retablo &#8211; Revista de Analisis Pol\u00edtico Regional<\/td><\/tr>\t\t<\/tbody>\t<\/table><\/div><script type=\"text\/javascript\">\tfunction footnote_expand_reference_container() {\t\tjQuery(\"#footnote_references_container\").show();        jQuery(\"#footnote_reference_container_collapse_button\").text(\"-\");\t}    function footnote_collapse_reference_container() {        jQuery(\"#footnote_references_container\").hide();        jQuery(\"#footnote_reference_container_collapse_button\").text(\"+\");    }\tfunction footnote_expand_collapse_reference_container() {\t\tif (jQuery(\"#footnote_references_container\").is(\":hidden\")) {            footnote_expand_reference_container();\t\t} else {            footnote_collapse_reference_container();\t\t}\t}    function footnote_moveToAnchor(p_str_TargetID) {        footnote_expand_reference_container();        var l_obj_Target = jQuery(\"#\" + p_str_TargetID);        if(l_obj_Target.length) {            jQuery('html, body').animate({                scrollTop: l_obj_Target.offset().top - window.innerHeight\/2            }, 1000);        }    }<\/script>","protected":false},"excerpt":{"rendered":"<p>La Comunidad Campesina de Pallcas fue creado mediante R.D. 0197-80-DRA-XVI-ORDE-AYAC-DRA-AR del 26 de noviembre de 1980 y est\u00e1 inscrita en la ficha Nro. 0348 de los Registros P\u00fablicos de Ayacucho. La comunidad de Pallcas fue creado a ra\u00edz de la expropiaci\u00f3n de las haciendas de Pallcas y Muyucc por la Ley de Reforma Agraria de [&hellip;]<\/p>\n","protected":false},"author":1,"featured_media":0,"parent":22,"menu_order":8,"comment_status":"closed","ping_status":"closed","template":"","meta":[],"_links":{"self":[{"href":"https:\/\/chungui.info\/chungui\/wp-json\/wp\/v2\/pages\/153"}],"collection":[{"href":"https:\/\/chungui.info\/chungui\/wp-json\/wp\/v2\/pages"}],"about":[{"href":"https:\/\/chungui.info\/chungui\/wp-json\/wp\/v2\/types\/page"}],"author":[{"embeddable":true,"href":"https:\/\/chungui.info\/chungui\/wp-json\/wp\/v2\/users\/1"}],"replies":[{"embeddable":true,"href":"https:\/\/chungui.info\/chungui\/wp-json\/wp\/v2\/comments?post=153"}],"version-history":[{"count":9,"href":"https:\/\/chungui.info\/chungui\/wp-json\/wp\/v2\/pages\/153\/revisions"}],"predecessor-version":[{"id":320,"href":"https:\/\/chungui.info\/chungui\/wp-json\/wp\/v2\/pages\/153\/revisions\/320"}],"up":[{"embeddable":true,"href":"https:\/\/chungui.info\/chungui\/wp-json\/wp\/v2\/pages\/22"}],"wp:attachment":[{"href":"https:\/\/chungui.info\/chungui\/wp-json\/wp\/v2\/media?parent=153"}],"curies":[{"name":"wp","href":"https:\/\/api.w.org\/{rel}","templated":true}]}}